{"id":22121,"date":"2021-04-24T15:38:43","date_gmt":"2021-04-24T12:38:43","guid":{"rendered":"https:\/\/hookahshop.lt\/?post_type=product&#038;p=22121"},"modified":"2026-05-13T23:29:29","modified_gmt":"2026-05-13T20:29:29","slug":"taurele-kaljanui-art-bar-killer-v05","status":"publish","type":"product","link":"https:\/\/hookahshop.lt\/lv\/produkt\/udenspipe-glass-art-bar-killer-v05\/","title":{"rendered":"Kauss \u016bdensp\u012bpei ART BAR Killer V05"},"content":{"rendered":"<h2>Kauss \u016bdensp\u012bpei ART BAR Killer V05<\/h2>\n<p>Uz\u0146\u0113mums ART BAR ir slavens ar sav\u0101m kvalitat\u012bvaj\u0101m brill\u0113m. Tie ir izgatavoti no augstas kvalit\u0101tes m\u0101la un tikai ar rok\u0101m. Tilpums ir aptuveni 15-17 grami.<\/p>\n<p><strong>Raksturojums:<\/strong><br \/>\nAugstums: 110 mm<br \/>\nDiametrs (\u0101r\u0113jais): 72 mm<br \/>\nDiametrs (iek\u0161\u0113jais): 61 mm<br \/>\nDzi\u013cums: 17 mm<br \/>\nCauruma diametrs: 10 mm<br \/>\nCaurumu skaits: 5 gab<br \/>\nSvars: apm\u0113ram 221 grams<\/p>\n<p>Vai jums ir k\u0101di jaut\u0101jumi? Sazinies ar mums\u00a0<a href=\"https:\/\/hookahshop.lt\/lv\/kontaktiem\/\">kontaktu lapa<\/a>\u00a0vai rakstiet mums pa e-pastu\u00a0<a href=\"https:\/\/facebook.com\/HookahShop.lt\/\" target=\"_blank\" rel=\"noopener noreferrer\">Facebook konts<\/a>\u00a0un m\u0113s atbild\u0113sim uz j\u016bsu piepras\u012bjumu taj\u0101 pa\u0161\u0101 dien\u0101.<\/p>","protected":false},"excerpt":{"rendered":"<p>\u016adensp\u012bpes kauss ART BAR Killer V05 Uz\u0146\u0113mums ART BAR ir slavens ar sav\u0101m kvalitat\u012bvaj\u0101m kr\u016bz\u0113m. Tie ir izgatavoti no augstas kvalit\u0101tes m\u0101la un tikai ar rok\u0101m. Tilpums ir aptuveni 15-17 grami. Raksturojums: Augstums: 110mm Diametrs (\u0101r\u0113jais): 72mm Diametrs (iek\u0161\u0113jais): 61mm Dzi\u013cums: 17mm Caurumu diametrs: 10mm Caurumu skaits: 5 gab. Svars: apm\u0113ram 221 grami Vai ir k\u0101di jaut\u0101jumi? Sazinieties ar [\u2026]<\/p>","protected":false},"featured_media":22122,"comment_status":"open","ping_status":"closed","template":"","meta":[],"_links":{"self":[{"href":"https:\/\/hookahshop.lt\/lv\/wp-json\/wp\/v2\/product\/22121"}],"collection":[{"href":"https:\/\/hookahshop.lt\/lv\/wp-json\/wp\/v2\/product"}],"about":[{"href":"https:\/\/hookahshop.lt\/lv\/wp-json\/wp\/v2\/types\/product"}],"replies":[{"embeddable":true,"href":"https:\/\/hookahshop.lt\/lv\/wp-json\/wp\/v2\/comments?post=22121"}],"version-history":[{"count":4,"href":"https:\/\/hookahshop.lt\/lv\/wp-json\/wp\/v2\/product\/22121\/revisions"}],"predecessor-version":[{"id":26766,"href":"https:\/\/hookahshop.lt\/lv\/wp-json\/wp\/v2\/product\/22121\/revisions\/26766"}],"wp:featuredmedia":[{"embeddable":true,"href":"https:\/\/hookahshop.lt\/lv\/wp-json\/wp\/v2\/media\/22122"}],"wp:attachment":[{"href":"https:\/\/hookahshop.lt\/lv\/wp-json\/wp\/v2\/media?parent=22121"}],"curies":[{"name":"wp","href":"https:\/\/api.w.org\/{rel}","templated":true}]}}