{"id":22138,"date":"2021-04-24T16:07:03","date_gmt":"2021-04-24T13:07:03","guid":{"rendered":"https:\/\/hookahshop.lt\/?post_type=product&#038;p=22138"},"modified":"2026-04-18T23:29:01","modified_gmt":"2026-04-18T20:29:01","slug":"taurele-kaljanui-art-bar-floky","status":"publish","type":"product","link":"https:\/\/hookahshop.lt\/lv\/produkt\/stikls-udenspipe-makslas-bars-floky\/","title":{"rendered":"Kauss \u016bdensp\u012bpei ART BAR Floky"},"content":{"rendered":"<h2>Kauss \u016bdensp\u012bpei ART BAR Floky<\/h2>\n<p>Uz\u0146\u0113mums ART BAR ir slavens ar sav\u0101m kvalitat\u012bvaj\u0101m brill\u0113m. Tie ir izgatavoti no augstas kvalit\u0101tes m\u0101la un tikai ar rok\u0101m. Tilpums ir aptuveni 17-20 grami.<\/p>\n<p><strong>Raksturojums:<\/strong><br \/>\nAugstums: 112 mm<br \/>\nDiametrs (\u0101r\u0113jais): 72 mm<br \/>\nDiametrs (iek\u0161\u0113jais): 62 mm<br \/>\nDzi\u013cums: 13mm<br \/>\nCauruma diametrs: 16 mm<br \/>\nUrbumu skaits: 1 gab<br \/>\nSvars: apm\u0113ram 232 grami<\/p>\n<p>Vai jums ir k\u0101di jaut\u0101jumi? Sazinies ar mums\u00a0<a href=\"https:\/\/hookahshop.lt\/lv\/kontaktiem\/\">kontaktu lapa<\/a>\u00a0vai rakstiet mums pa e-pastu\u00a0<a href=\"https:\/\/facebook.com\/HookahShop.lt\/\" target=\"_blank\" rel=\"noopener noreferrer\">Facebook konts<\/a>\u00a0un m\u0113s atbild\u0113sim uz j\u016bsu piepras\u012bjumu taj\u0101 pa\u0161\u0101 dien\u0101.<\/p>","protected":false},"excerpt":{"rendered":"<p>Kr\u016bz\u012bte \u016bdensp\u012bpei ART BAR Uz\u0146\u0113mums Floky ART BAR ir slavens ar sav\u0101m kvalitat\u012bvaj\u0101m kr\u016bz\u0113m. Tie ir izgatavoti no augstas kvalit\u0101tes m\u0101la un tikai ar rok\u0101m. Tilpums ir aptuveni 17-20 grami. Raksturojums: Augstums: 112 mm Diametrs (\u0101r\u0113jais): 72 mm Diametrs (iek\u0161\u0113jais): 62 mm Dzi\u013cums: 13 mm Caurumu diametrs: 16 mm Caurumu skaits: 1 gab Svars: apm\u0113ram 232 grami Vai ir k\u0101di jaut\u0101jumi? Sazinieties ar mums, izmantojot m\u016bsu kontaktinform\u0101ciju [\u2026]<\/p>","protected":false},"featured_media":22139,"comment_status":"open","ping_status":"closed","template":"","meta":[],"_links":{"self":[{"href":"https:\/\/hookahshop.lt\/lv\/wp-json\/wp\/v2\/product\/22138"}],"collection":[{"href":"https:\/\/hookahshop.lt\/lv\/wp-json\/wp\/v2\/product"}],"about":[{"href":"https:\/\/hookahshop.lt\/lv\/wp-json\/wp\/v2\/types\/product"}],"replies":[{"embeddable":true,"href":"https:\/\/hookahshop.lt\/lv\/wp-json\/wp\/v2\/comments?post=22138"}],"version-history":[{"count":3,"href":"https:\/\/hookahshop.lt\/lv\/wp-json\/wp\/v2\/product\/22138\/revisions"}],"predecessor-version":[{"id":39795,"href":"https:\/\/hookahshop.lt\/lv\/wp-json\/wp\/v2\/product\/22138\/revisions\/39795"}],"wp:featuredmedia":[{"embeddable":true,"href":"https:\/\/hookahshop.lt\/lv\/wp-json\/wp\/v2\/media\/22139"}],"wp:attachment":[{"href":"https:\/\/hookahshop.lt\/lv\/wp-json\/wp\/v2\/media?parent=22138"}],"curies":[{"name":"wp","href":"https:\/\/api.w.org\/{rel}","templated":true}]}}