{"id":22142,"date":"2021-04-24T16:14:05","date_gmt":"2021-04-24T13:14:05","guid":{"rendered":"https:\/\/hookahshop.lt\/?post_type=product&#038;p=22142"},"modified":"2026-04-14T23:29:13","modified_gmt":"2026-04-14T20:29:13","slug":"taurele-kaljanui-art-bar-killer","status":"publish","type":"product","link":"https:\/\/hookahshop.lt\/lv\/produkt\/stikls-udenspipe-maksla-bars-slepkava\/","title":{"rendered":"\u016adensp\u012bpes b\u013coda ART BAR Killer 2"},"content":{"rendered":"<h2>\u016adensp\u012bpes b\u013coda ART BAR Killer 2<\/h2>\n<p>Uz\u0146\u0113mums ART BAR ir slavens ar sav\u0101m kvalitat\u012bvaj\u0101m brill\u0113m. Tie ir izgatavoti no augstas kvalit\u0101tes m\u0101la un tikai ar rok\u0101m. Tilpums ir aptuveni 15-17 grami.<\/p>\n<p><strong>Raksturojums:<\/strong><br \/>\nAugstums: 107 mm<br \/>\nDiametrs (\u0101r\u0113jais): 70 mm<br \/>\nDiametrs (iek\u0161\u0113jais): 60 mm<br \/>\nDzi\u013cums: 16mm<br \/>\nCauruma diametrs: 10 mm<br \/>\nCaurumu skaits: 5 gab<br \/>\nSvars: 198 grami<\/p>\n<p>Vai jums ir k\u0101di jaut\u0101jumi? Sazinies ar mums\u00a0<a href=\"https:\/\/hookahshop.lt\/lv\/kontaktiem\/\">kontaktu lapa<\/a>\u00a0vai rakstiet mums pa e-pastu\u00a0<a href=\"https:\/\/facebook.com\/HookahShop.lt\/\" target=\"_blank\" rel=\"noopener noreferrer\">Facebook konts<\/a>\u00a0un m\u0113s atbild\u0113sim uz j\u016bsu piepras\u012bjumu taj\u0101 pa\u0161\u0101 dien\u0101.<\/p>","protected":false},"excerpt":{"rendered":"<p>\u016adensp\u012bpes kr\u016bz\u012btes ART BAR Killer 2 Uz\u0146\u0113mums ART BAR ir slavens ar sav\u0101m kvalitat\u012bvaj\u0101m kr\u016bz\u012bt\u0113m. T\u0101s ir izgatavotas no augstas kvalit\u0101tes m\u0101la un tikai ar rok\u0101m. Tilpums aptuveni 15-17 grami. Raksturojums: Augstums: 107 mm Diametrs (\u0101r\u0113jais): 70 mm Diametrs (iek\u0161\u0113jais): 60 mm Dzi\u013cums: 16 mm Caurumu diametrs: 10 mm Caurumu skaits: 5 gab. Svars: 198 grami Vai jums ir k\u0101di jaut\u0101jumi? Sazinieties ar mums kontaktlap\u0101 vai [\u2026]<\/p>","protected":false},"featured_media":40713,"comment_status":"open","ping_status":"closed","template":"","meta":[],"_links":{"self":[{"href":"https:\/\/hookahshop.lt\/lv\/wp-json\/wp\/v2\/product\/22142"}],"collection":[{"href":"https:\/\/hookahshop.lt\/lv\/wp-json\/wp\/v2\/product"}],"about":[{"href":"https:\/\/hookahshop.lt\/lv\/wp-json\/wp\/v2\/types\/product"}],"replies":[{"embeddable":true,"href":"https:\/\/hookahshop.lt\/lv\/wp-json\/wp\/v2\/comments?post=22142"}],"version-history":[{"count":4,"href":"https:\/\/hookahshop.lt\/lv\/wp-json\/wp\/v2\/product\/22142\/revisions"}],"predecessor-version":[{"id":40735,"href":"https:\/\/hookahshop.lt\/lv\/wp-json\/wp\/v2\/product\/22142\/revisions\/40735"}],"wp:featuredmedia":[{"embeddable":true,"href":"https:\/\/hookahshop.lt\/lv\/wp-json\/wp\/v2\/media\/40713"}],"wp:attachment":[{"href":"https:\/\/hookahshop.lt\/lv\/wp-json\/wp\/v2\/media?parent=22142"}],"curies":[{"name":"wp","href":"https:\/\/api.w.org\/{rel}","templated":true}]}}