{"id":22146,"date":"2021-04-24T16:18:22","date_gmt":"2021-04-24T13:18:22","guid":{"rendered":"https:\/\/hookahshop.lt\/?post_type=product&#038;p=22146"},"modified":"2026-04-22T23:29:23","modified_gmt":"2026-04-22T20:29:23","slug":"taurele-kaljanui-art-bar-killer-v02","status":"publish","type":"product","link":"https:\/\/hookahshop.lt\/lv\/produkt\/cup-hookah-art-bar-killer-v02\/","title":{"rendered":"Kauss \u016bdensp\u012bpei ART BAR Killer V02"},"content":{"rendered":"<h2>Kauss \u016bdensp\u012bpei ART BAR Killer V02<\/h2>\n<p>Uz\u0146\u0113mums ART BAR ir slavens ar sav\u0101m kvalitat\u012bvaj\u0101m brill\u0113m. Tie ir izgatavoti no augstas kvalit\u0101tes m\u0101la un tikai ar rok\u0101m. Tilpums ir aptuveni 15-17 grami.<\/p>\n<p><strong>Raksturojums:<\/strong><br \/>\nAugstums: 110 mm<br \/>\nDiametrs (\u0101r\u0113jais): 74 mm<br \/>\nDiametrs (iek\u0161\u0113jais): 61 mm<br \/>\nDzi\u013cums: 16mm<br \/>\nCauruma diametrs: 9 mm<br \/>\nCaurumu skaits: 5 gab<br \/>\nSvars: apm\u0113ram 225 grami<\/p>\n<p>Vai jums ir k\u0101di jaut\u0101jumi? Sazinies ar mums\u00a0<a href=\"https:\/\/hookahshop.lt\/lv\/kontaktiem\/\">kontaktu lapa<\/a>\u00a0vai rakstiet mums pa e-pastu\u00a0<a href=\"https:\/\/facebook.com\/HookahShop.lt\/\" target=\"_blank\" rel=\"noopener noreferrer\">Facebook konts<\/a>\u00a0un m\u0113s atbild\u0113sim uz j\u016bsu piepras\u012bjumu taj\u0101 pa\u0161\u0101 dien\u0101.<\/p>","protected":false},"excerpt":{"rendered":"<p>\u016adensp\u012bpes kr\u016bz\u012bte ART BAR Killer V02 Uz\u0146\u0113mums ART BAR ir slavens ar sav\u0101m kvalitat\u012bvaj\u0101m kr\u016bz\u012bt\u0113m. T\u0101s ir izgatavotas no augstas kvalit\u0101tes m\u0101la un tikai ar rok\u0101m. Tilpums aptuveni 15-17 grami. Raksturojums: Augstums: 110 mm Diametrs (\u0101r\u0113jais): 74 mm Diametrs (iek\u0161\u0113jais): 61 mm Dzi\u013cums: 16 mm Cauruma diametrs: 9 mm Caurumu skaits: 5 gab. Svars: aptuveni 225 grami Vai jums ir k\u0101di jaut\u0101jumi? Sazinieties ar mums sazinieties [\u2026]<\/p>","protected":false},"featured_media":22147,"comment_status":"open","ping_status":"closed","template":"","meta":[],"_links":{"self":[{"href":"https:\/\/hookahshop.lt\/lv\/wp-json\/wp\/v2\/product\/22146"}],"collection":[{"href":"https:\/\/hookahshop.lt\/lv\/wp-json\/wp\/v2\/product"}],"about":[{"href":"https:\/\/hookahshop.lt\/lv\/wp-json\/wp\/v2\/types\/product"}],"replies":[{"embeddable":true,"href":"https:\/\/hookahshop.lt\/lv\/wp-json\/wp\/v2\/comments?post=22146"}],"version-history":[{"count":4,"href":"https:\/\/hookahshop.lt\/lv\/wp-json\/wp\/v2\/product\/22146\/revisions"}],"predecessor-version":[{"id":39797,"href":"https:\/\/hookahshop.lt\/lv\/wp-json\/wp\/v2\/product\/22146\/revisions\/39797"}],"wp:featuredmedia":[{"embeddable":true,"href":"https:\/\/hookahshop.lt\/lv\/wp-json\/wp\/v2\/media\/22147"}],"wp:attachment":[{"href":"https:\/\/hookahshop.lt\/lv\/wp-json\/wp\/v2\/media?parent=22146"}],"curies":[{"name":"wp","href":"https:\/\/api.w.org\/{rel}","templated":true}]}}