{"id":22159,"date":"2021-04-24T16:31:17","date_gmt":"2021-04-24T13:31:17","guid":{"rendered":"https:\/\/hookahshop.lt\/?post_type=product&#038;p=22159"},"modified":"2026-05-05T23:29:45","modified_gmt":"2026-05-05T20:29:45","slug":"taurele-kaljanui-art-bar-tor","status":"publish","type":"product","link":"https:\/\/hookahshop.lt\/lv\/produkt\/stikls-for-udenspipe-art-bar-tor\/","title":{"rendered":"Kauss \u016bdensp\u012bpei ART BAR Tor"},"content":{"rendered":"<h2>Kauss \u016bdensp\u012bpei ART BAR Tor<\/h2>\n<p>Uz\u0146\u0113mums ART BAR ir slavens ar sav\u0101m kvalitat\u012bvaj\u0101m brill\u0113m. Tie ir izgatavoti no augstas kvalit\u0101tes m\u0101la un tikai ar rok\u0101m. Tilpums apm\u0113ram 15 grami.<\/p>\n<p><strong>Raksturojums:<\/strong><br \/>\nAugstums: 107 mm<br \/>\nDiametrs (\u0101r\u0113jais): 70 mm<br \/>\nDiametrs (iek\u0161\u0113jais): 60 mm<br \/>\nDzi\u013cums: 19mm<br \/>\nCauruma diametrs: 8 mm<br \/>\nCaurumu skaits: 5 gab<br \/>\nSvars: apm\u0113ram 283 grami<\/p>\n<p>Vai jums ir k\u0101di jaut\u0101jumi? Sazinies ar mums\u00a0<a href=\"https:\/\/hookahshop.lt\/lv\/kontaktiem\/\">kontaktu lapa<\/a>\u00a0vai rakstiet mums pa e-pastu\u00a0<a href=\"https:\/\/facebook.com\/HookahShop.lt\/\" target=\"_blank\" rel=\"noopener noreferrer\">Facebook konts<\/a>\u00a0un m\u0113s atbild\u0113sim uz j\u016bsu piepras\u012bjumu taj\u0101 pa\u0161\u0101 dien\u0101.<\/p>","protected":false},"excerpt":{"rendered":"<p>\u016adensp\u012bpes kauss ART BAR Uz\u0146\u0113mums Tor ART BAR ir slavens ar sav\u0101m kvalitat\u012bvaj\u0101m kr\u016bz\u0113m. Tie ir izgatavoti no augstas kvalit\u0101tes m\u0101la un tikai ar rok\u0101m. Tilpums apm\u0113ram 15 grami. Raksturojums: Augstums: 107mm Diametrs (\u0101r\u0113jais): 70mm Diametrs (iek\u0161\u0113jais): 60mm Dzi\u013cums: 19mm Cauruma diametrs: 8mm Caurumu skaits: 5gab Svars: apm\u0113ram 283 grami Vai ir k\u0101di jaut\u0101jumi? Sazinieties ar mums kontaktu lap\u0101 vai [\u2026]<\/p>","protected":false},"featured_media":22160,"comment_status":"open","ping_status":"closed","template":"","meta":[],"_links":{"self":[{"href":"https:\/\/hookahshop.lt\/lv\/wp-json\/wp\/v2\/product\/22159"}],"collection":[{"href":"https:\/\/hookahshop.lt\/lv\/wp-json\/wp\/v2\/product"}],"about":[{"href":"https:\/\/hookahshop.lt\/lv\/wp-json\/wp\/v2\/types\/product"}],"replies":[{"embeddable":true,"href":"https:\/\/hookahshop.lt\/lv\/wp-json\/wp\/v2\/comments?post=22159"}],"version-history":[{"count":3,"href":"https:\/\/hookahshop.lt\/lv\/wp-json\/wp\/v2\/product\/22159\/revisions"}],"predecessor-version":[{"id":28410,"href":"https:\/\/hookahshop.lt\/lv\/wp-json\/wp\/v2\/product\/22159\/revisions\/28410"}],"wp:featuredmedia":[{"embeddable":true,"href":"https:\/\/hookahshop.lt\/lv\/wp-json\/wp\/v2\/media\/22160"}],"wp:attachment":[{"href":"https:\/\/hookahshop.lt\/lv\/wp-json\/wp\/v2\/media?parent=22159"}],"curies":[{"name":"wp","href":"https:\/\/api.w.org\/{rel}","templated":true}]}}