{"id":22163,"date":"2021-04-24T16:35:07","date_gmt":"2021-04-24T13:35:07","guid":{"rendered":"https:\/\/hookahshop.lt\/?post_type=product&#038;p=22163"},"modified":"2026-04-18T23:29:02","modified_gmt":"2026-04-18T20:29:02","slug":"taurele-kaljanui-art-bar-turkish-v03","status":"publish","type":"product","link":"https:\/\/hookahshop.lt\/lv\/produkt\/cup-hookah-art-bar-turkish-v03\/","title":{"rendered":"Kauss \u016bdensp\u012bpei ART BAR Turkish V03"},"content":{"rendered":"<h2>Kauss \u016bdensp\u012bpei ART BAR Turkish V03<\/h2>\n<p>Uz\u0146\u0113mums ART BAR ir slavens ar sav\u0101m kvalitat\u012bvaj\u0101m brill\u0113m. Tie ir izgatavoti no augstas kvalit\u0101tes m\u0101la un tikai ar rok\u0101m. Tilpums apm\u0113ram 15 grami.<\/p>\n<p><strong>Raksturojums:<\/strong><br \/>\nAugstums: 93 mm<br \/>\nDiametrs (\u0101r\u0113jais): 72 mm<br \/>\nDiametrs (iek\u0161\u0113jais): 60 mm<br \/>\nDzi\u013cums: 19mm<br \/>\nCauruma diametrs: 7 mm<br \/>\nCaurumu skaits: 5 gab<br \/>\nSvars: apm\u0113ram 241 grams<\/p>\n<p>Vai jums ir k\u0101di jaut\u0101jumi? Sazinies ar mums\u00a0<a href=\"https:\/\/hookahshop.lt\/lv\/kontaktiem\/\">kontaktu lapa<\/a>\u00a0vai rakstiet mums pa e-pastu\u00a0<a href=\"https:\/\/facebook.com\/HookahShop.lt\/\" target=\"_blank\" rel=\"noopener noreferrer\">Facebook konts<\/a>\u00a0un m\u0113s atbild\u0113sim uz j\u016bsu piepras\u012bjumu taj\u0101 pa\u0161\u0101 dien\u0101.<\/p>","protected":false},"excerpt":{"rendered":"<p>\u016adensp\u012bpes kr\u016bz\u012bte ART BAR Turcijas uz\u0146\u0113mums V03 ART BAR ir slavens ar sav\u0101m kvalitat\u012bvaj\u0101m kr\u016bz\u012bt\u0113m. T\u0101s ir izgatavotas no augstas kvalit\u0101tes m\u0101la un tikai ar rok\u0101m. Tilpums aptuveni 15 grami. Raksturojums: Augstums: 93 mm Diametrs (\u0101r\u0113jais): 72 mm Diametrs (iek\u0161\u0113jais): 60 mm Dzi\u013cums: 19 mm Cauruma diametrs: 7 mm Caurumu skaits: 5 gab. Svars: aptuveni 241 grams Vai jums ir k\u0101di jaut\u0101jumi? Sazinieties [\u2026]<\/p>","protected":false},"featured_media":22164,"comment_status":"open","ping_status":"closed","template":"","meta":[],"_links":{"self":[{"href":"https:\/\/hookahshop.lt\/lv\/wp-json\/wp\/v2\/product\/22163"}],"collection":[{"href":"https:\/\/hookahshop.lt\/lv\/wp-json\/wp\/v2\/product"}],"about":[{"href":"https:\/\/hookahshop.lt\/lv\/wp-json\/wp\/v2\/types\/product"}],"replies":[{"embeddable":true,"href":"https:\/\/hookahshop.lt\/lv\/wp-json\/wp\/v2\/comments?post=22163"}],"version-history":[{"count":3,"href":"https:\/\/hookahshop.lt\/lv\/wp-json\/wp\/v2\/product\/22163\/revisions"}],"predecessor-version":[{"id":39804,"href":"https:\/\/hookahshop.lt\/lv\/wp-json\/wp\/v2\/product\/22163\/revisions\/39804"}],"wp:featuredmedia":[{"embeddable":true,"href":"https:\/\/hookahshop.lt\/lv\/wp-json\/wp\/v2\/media\/22164"}],"wp:attachment":[{"href":"https:\/\/hookahshop.lt\/lv\/wp-json\/wp\/v2\/media?parent=22163"}],"curies":[{"name":"wp","href":"https:\/\/api.w.org\/{rel}","templated":true}]}}