{"id":22167,"date":"2021-04-24T16:39:26","date_gmt":"2021-04-24T13:39:26","guid":{"rendered":"https:\/\/hookahshop.lt\/?post_type=product&#038;p=22167"},"modified":"2026-05-13T23:29:29","modified_gmt":"2026-05-13T20:29:29","slug":"taurele-kaljanui-art-bar-turkish","status":"publish","type":"product","link":"https:\/\/hookahshop.lt\/lv\/produkt\/stikls-udenspipe-maksla-bars-turkish\/","title":{"rendered":"\u016adensp\u012bpes kauss ART BAR Turkish V"},"content":{"rendered":"<h2>\u016adensp\u012bpes kauss ART BAR Turkish V<\/h2>\n<p>Uz\u0146\u0113mums ART BAR ir slavens ar sav\u0101m kvalitat\u012bvaj\u0101m brill\u0113m. Tie ir izgatavoti no augstas kvalit\u0101tes m\u0101la un tikai ar rok\u0101m.<\/p>\n<p><strong>Raksturojums:<\/strong><br \/>\nAugstums: 108 mm<br \/>\nDiametrs (\u0101r\u0113jais): 71 mm<br \/>\nDiametrs (iek\u0161\u0113jais): 60 mm<br \/>\nDzi\u013cums: 18mm<br \/>\nCauruma diametrs: 8 mm<br \/>\nCaurumu skaits: 5 gab<br \/>\nSvars: apm\u0113ram 236 grami<\/p>\n<p>Vai jums ir k\u0101di jaut\u0101jumi? Sazinies ar mums\u00a0<a href=\"https:\/\/hookahshop.lt\/lv\/kontaktiem\/\">kontaktu lapa<\/a>\u00a0vai rakstiet mums pa e-pastu\u00a0<a href=\"https:\/\/facebook.com\/HookahShop.lt\/\" target=\"_blank\" rel=\"noopener noreferrer\">Facebook konts<\/a>\u00a0un m\u0113s atbild\u0113sim uz j\u016bsu piepras\u012bjumu taj\u0101 pa\u0161\u0101 dien\u0101.<\/p>","protected":false},"excerpt":{"rendered":"<p>\u016adensp\u012bpes kr\u016bz\u012bte ART BAR Turcijas uz\u0146\u0113mums V ART BAR ir slavens ar sav\u0101m kvalitat\u012bvaj\u0101m kr\u016bz\u012bt\u0113m. T\u0101s ir izgatavotas no augstas kvalit\u0101tes m\u0101la un tikai ar rok\u0101m. Raksturojums: Augstums: 108 mm Diametrs (\u0101r\u0113jais): 71 mm Diametrs (iek\u0161\u0113jais): 60 mm Dzi\u013cums: 18 mm Cauruma diametrs: 8 mm Caurumu skaits: 5 gab. Svars: aptuveni 236 grami Vai jums ir k\u0101di jaut\u0101jumi? Sazinieties ar mums kontaktlap\u0101 vai rakstiet mums Facebook [\u2026]<\/p>","protected":false},"featured_media":22168,"comment_status":"open","ping_status":"closed","template":"","meta":[],"_links":{"self":[{"href":"https:\/\/hookahshop.lt\/lv\/wp-json\/wp\/v2\/product\/22167"}],"collection":[{"href":"https:\/\/hookahshop.lt\/lv\/wp-json\/wp\/v2\/product"}],"about":[{"href":"https:\/\/hookahshop.lt\/lv\/wp-json\/wp\/v2\/types\/product"}],"replies":[{"embeddable":true,"href":"https:\/\/hookahshop.lt\/lv\/wp-json\/wp\/v2\/comments?post=22167"}],"version-history":[{"count":5,"href":"https:\/\/hookahshop.lt\/lv\/wp-json\/wp\/v2\/product\/22167\/revisions"}],"predecessor-version":[{"id":39802,"href":"https:\/\/hookahshop.lt\/lv\/wp-json\/wp\/v2\/product\/22167\/revisions\/39802"}],"wp:featuredmedia":[{"embeddable":true,"href":"https:\/\/hookahshop.lt\/lv\/wp-json\/wp\/v2\/media\/22168"}],"wp:attachment":[{"href":"https:\/\/hookahshop.lt\/lv\/wp-json\/wp\/v2\/media?parent=22167"}],"curies":[{"name":"wp","href":"https:\/\/api.w.org\/{rel}","templated":true}]}}