{"id":22280,"date":"2021-05-04T23:13:55","date_gmt":"2021-05-04T20:13:55","guid":{"rendered":"https:\/\/hookahshop.lt\/?post_type=product&#038;p=22280"},"modified":"2026-04-20T23:29:20","modified_gmt":"2026-04-20T20:29:20","slug":"uzkuriklis-anglims-caesar-blitz-01","status":"publish","type":"product","link":"https:\/\/hookahshop.lt\/lv\/produkt\/skiltavas-ogles-caesar-blitz-01\/","title":{"rendered":"Oglek\u013ca aizdedzin\u0101t\u0101js CAESAR Blitz 01"},"content":{"rendered":"<h2>Oglek\u013ca aizdedzin\u0101t\u0101js CAESAR Blitz 01<\/h2>\n<p>Tas pal\u012bdz\u0113s \u0113rti uzsild\u012bt \u016bdensp\u012bpes ogles. Kompakts un viegli transport\u0113jams. Dab\u012bg\u0101s ogles uzsilst vid\u0113ji 5-10 min\u016bt\u0113s.<\/p>\n<p><strong>Tehniskie dati:<\/strong><br \/>\nJauda: 600 W<br \/>\nSpriegums: 220-240V<br \/>\nIzm\u0113ri: ~ 15\u00d718,5 cm (og\u013cu tvertne 11 cm)<br \/>\nIetilp\u012bba: 8 ogles (26 mm)<br \/>\nKr\u0101sa melna<br \/>\nIzcelsmes valsts: V\u0101cija<\/p>\n<p>Vai jums ir k\u0101di jaut\u0101jumi? Sazinies ar mums\u00a0<a href=\"https:\/\/hookahshop.lt\/lv\/kontaktiem\/\">kontaktu lapa<\/a>\u00a0vai rakstiet mums pa e-pastu\u00a0<a href=\"https:\/\/facebook.com\/HookahShop.lt\/\" target=\"_blank\" rel=\"noopener noreferrer\">Facebook konts<\/a>\u00a0un m\u0113s atbild\u0113sim uz j\u016bsu piepras\u012bjumu taj\u0101 pa\u0161\u0101 dien\u0101.<\/p>\n<p>&nbsp;<\/p>\n<p>&nbsp;<\/p>","protected":false},"excerpt":{"rendered":"<p>Og\u013cu \u0161\u0137iltavas CAESAR Blitz 01 pal\u012bdz\u0113s \u0113rti uzsild\u012bt \u016bdensp\u012bpes ogles. Kompakts un viegli transport\u0113jams. Dab\u012bg\u0101s ogles uzsilst vid\u0113ji 5-10 min\u016bt\u0113s. Tehniskie dati: Jauda: 600 W Spriegums: 220-240V Izm\u0113ri: ~ 15\u00d718,5cm (ogles tvertne 11cm) Ietilp\u012bba: 8 ogles (26mm) Kr\u0101sa: Melna Izcelsmes valsts: V\u0101cija Vai jums ir k\u0101di jaut\u0101jumi? Sazinieties ar mums kontaktu lap\u0101 vai rakstiet mums uz m\u016bsu Facebook kontu un m\u0113s atbild\u0113sim uz j\u016bsu [\u2026]<\/p>","protected":false},"featured_media":22281,"comment_status":"open","ping_status":"closed","template":"","meta":[],"_links":{"self":[{"href":"https:\/\/hookahshop.lt\/lv\/wp-json\/wp\/v2\/product\/22280"}],"collection":[{"href":"https:\/\/hookahshop.lt\/lv\/wp-json\/wp\/v2\/product"}],"about":[{"href":"https:\/\/hookahshop.lt\/lv\/wp-json\/wp\/v2\/types\/product"}],"replies":[{"embeddable":true,"href":"https:\/\/hookahshop.lt\/lv\/wp-json\/wp\/v2\/comments?post=22280"}],"version-history":[{"count":3,"href":"https:\/\/hookahshop.lt\/lv\/wp-json\/wp\/v2\/product\/22280\/revisions"}],"predecessor-version":[{"id":32512,"href":"https:\/\/hookahshop.lt\/lv\/wp-json\/wp\/v2\/product\/22280\/revisions\/32512"}],"wp:featuredmedia":[{"embeddable":true,"href":"https:\/\/hookahshop.lt\/lv\/wp-json\/wp\/v2\/media\/22281"}],"wp:attachment":[{"href":"https:\/\/hookahshop.lt\/lv\/wp-json\/wp\/v2\/media?parent=22280"}],"curies":[{"name":"wp","href":"https:\/\/api.w.org\/{rel}","templated":true}]}}