{"id":22284,"date":"2021-05-04T23:28:10","date_gmt":"2021-05-04T20:28:10","guid":{"rendered":"https:\/\/hookahshop.lt\/?post_type=product&#038;p=22284"},"modified":"2026-04-18T23:29:10","modified_gmt":"2026-04-18T20:29:10","slug":"uzkuriklis-anglims-caesar-blitz-02","status":"publish","type":"product","link":"https:\/\/hookahshop.lt\/lv\/produkt\/skiltavas-ogles-cezars-blitz-02\/","title":{"rendered":"Oglek\u013ca aizdedzin\u0101t\u0101js CAESAR Blitz 02"},"content":{"rendered":"<h2>Oglek\u013ca aizdedzin\u0101t\u0101js CAESAR Blitz 02<\/h2>\n<p>Pal\u012bdz\u0113s \u0113rti uzsild\u012bt \u016bdensp\u012bpes ogles. Kompakts un viegli transport\u0113jams. Dab\u012bg\u0101s ogles uzsilst vid\u0113ji 5-10 min\u016bt\u0113s. No\u0146emamo oglek\u013ca papl\u0101ti ar rokturi oglek\u013ca papl\u0101tes p\u0101rvieto\u0161anai var izmantot k\u0101 knaibles. Regul\u0113jama temperat\u016bra l\u012bdz 6 l\u012bme\u0146iem ar termostatu.<\/p>\n<p><strong>Tehniskie dati:<\/strong><br \/>\nTermostats: j\u0101<br \/>\nTemperat\u016bras l\u012bmenis: l\u012bdz 6<br \/>\nOglek\u013ca \u017eurn\u0101ls: ner\u016bs\u0113jo\u0161ais t\u0113rauds<br \/>\nJauda: 600 W<br \/>\nSpriegums: 220-240V<br \/>\nIzm\u0113ri: ~ 15 \u00d7 19 cm (og\u013cu konteiners 11 cm)<br \/>\nIetilp\u012bba: 8 ogles (26 mm)<br \/>\nKr\u0101sa melna<br \/>\nIzcelsmes valsts: V\u0101cija<\/p>\n<p>Vai jums ir k\u0101di jaut\u0101jumi? Sazinies ar mums\u00a0<a href=\"https:\/\/hookahshop.lt\/lv\/kontaktiem\/\">kontaktu lapa<\/a>\u00a0vai rakstiet mums pa e-pastu\u00a0<a href=\"https:\/\/facebook.com\/HookahShop.lt\/\" target=\"_blank\" rel=\"noopener noreferrer\">Facebook konts<\/a>\u00a0un m\u0113s atbild\u0113sim uz j\u016bsu piepras\u012bjumu taj\u0101 pa\u0161\u0101 dien\u0101.<\/p>\n<p>&nbsp;<\/p>","protected":false},"excerpt":{"rendered":"<p>Og\u013cu \u0161\u0137iltavas CAESAR Blitz 02 pal\u012bdz\u0113s \u0113rti uzsild\u012bt \u016bdensp\u012bpes ogles. Kompakts un viegli transport\u0113jams. Dab\u012bg\u0101s ogles uzsilst vid\u0113ji 5-10 min\u016bt\u0113s. No\u0146emama oglek\u013ca tvertne ar rokturi oglek\u013ca tvertnes p\u0101rvieto\u0161anai, un to var izmantot k\u0101 knaibles. Regul\u0113jama temperat\u016bra l\u012bdz 6 l\u012bme\u0146iem ar termostatu. Tehniskie dati: Termostats: pieejams Temperat\u016bras l\u012bmenis: l\u012bdz 6 Oglek\u013ca kamera: ner\u016bs\u0113jo\u0161\u0101 [...]<\/p>","protected":false},"featured_media":22286,"comment_status":"open","ping_status":"closed","template":"","meta":[],"_links":{"self":[{"href":"https:\/\/hookahshop.lt\/lv\/wp-json\/wp\/v2\/product\/22284"}],"collection":[{"href":"https:\/\/hookahshop.lt\/lv\/wp-json\/wp\/v2\/product"}],"about":[{"href":"https:\/\/hookahshop.lt\/lv\/wp-json\/wp\/v2\/types\/product"}],"replies":[{"embeddable":true,"href":"https:\/\/hookahshop.lt\/lv\/wp-json\/wp\/v2\/comments?post=22284"}],"version-history":[{"count":4,"href":"https:\/\/hookahshop.lt\/lv\/wp-json\/wp\/v2\/product\/22284\/revisions"}],"predecessor-version":[{"id":32463,"href":"https:\/\/hookahshop.lt\/lv\/wp-json\/wp\/v2\/product\/22284\/revisions\/32463"}],"wp:featuredmedia":[{"embeddable":true,"href":"https:\/\/hookahshop.lt\/lv\/wp-json\/wp\/v2\/media\/22286"}],"wp:attachment":[{"href":"https:\/\/hookahshop.lt\/lv\/wp-json\/wp\/v2\/media?parent=22284"}],"curies":[{"name":"wp","href":"https:\/\/api.w.org\/{rel}","templated":true}]}}