{"id":22338,"date":"2021-05-07T16:00:47","date_gmt":"2021-05-07T13:00:47","guid":{"rendered":"https:\/\/hookahshop.lt\/?post_type=product&#038;p=22338"},"modified":"2026-04-19T23:29:19","modified_gmt":"2026-04-19T20:29:19","slug":"taurele-kaljanui-kaloud-samsaris-vitria-ii-for-lotus-ii","status":"publish","type":"product","link":"https:\/\/hookahshop.lt\/lv\/produkt\/cup-hookah-kaloud-samsaris-vitria-ii-for-lotus-ii\/","title":{"rendered":"\u016adensp\u012bpes kauss KALOUD Samsaris Vitria II Lotus II"},"content":{"rendered":"<h2>\u016adensp\u012bpes kauss KALOUD Samsaris Vitria II Lotus II<\/h2>\n<p>Kr\u016bz\u012btei ir izcils dizains un kvalit\u0101te. Tas ir izgatavots no FDA (ASV P\u0101rtikas un z\u0101\u013cu p\u0101rvaldes) apstiprin\u0101ta netoksiska silikona, t\u0101p\u0113c tas ir dro\u0161i lietojams. \u013boti viegli iepakot un t\u012br\u012bt. Kr\u016bz\u012btei nav nepiecie\u0161ama papildus bl\u012bve, jo t\u0101 ir izgatavota no silikona un lieliski turas, novietojot uz \u016bdensp\u012bpes.<\/p>\n<p>Vai jums ir k\u0101di jaut\u0101jumi? Sazinies ar mums\u00a0<a href=\"https:\/\/hookahshop.lt\/lv\/kontaktiem\/\">kontaktu lapa<\/a>\u00a0vai rakstiet mums pa e-pastu\u00a0<a href=\"https:\/\/facebook.com\/HookahShop.lt\/\" target=\"_blank\" rel=\"noopener noreferrer\">Facebook konts<\/a>\u00a0un m\u0113s atbild\u0113sim uz j\u016bsu piepras\u012bjumu taj\u0101 pa\u0161\u0101 dien\u0101.<\/p>","protected":false},"excerpt":{"rendered":"<p>B\u013coda \u016bdensp\u012bpei KALOUD Samsaris Vitria II For Lotus II B\u013coda ar izcilu dizainu un kvalit\u0101ti. Tas ir izgatavots no FDA (ASV P\u0101rtikas un z\u0101\u013cu p\u0101rvalde) apstiprin\u0101ta netoksiska silikona, t\u0101p\u0113c tas ir dro\u0161i lietojams. \u013boti viegli iepakot un t\u012br\u012bt. Kr\u016bz\u012btei nav nepiecie\u0161ams izmantot papildu bl\u012bvi, jo t\u0101 ir izgatavota no silikona un lieliski turas, novietojot uz \u016bdensp\u012bpes. Vai jums ir k\u0101di jaut\u0101jumi? Sazinieties ar [\u2026]<\/p>","protected":false},"featured_media":22339,"comment_status":"open","ping_status":"closed","template":"","meta":[],"_links":{"self":[{"href":"https:\/\/hookahshop.lt\/lv\/wp-json\/wp\/v2\/product\/22338"}],"collection":[{"href":"https:\/\/hookahshop.lt\/lv\/wp-json\/wp\/v2\/product"}],"about":[{"href":"https:\/\/hookahshop.lt\/lv\/wp-json\/wp\/v2\/types\/product"}],"replies":[{"embeddable":true,"href":"https:\/\/hookahshop.lt\/lv\/wp-json\/wp\/v2\/comments?post=22338"}],"version-history":[{"count":4,"href":"https:\/\/hookahshop.lt\/lv\/wp-json\/wp\/v2\/product\/22338\/revisions"}],"predecessor-version":[{"id":39480,"href":"https:\/\/hookahshop.lt\/lv\/wp-json\/wp\/v2\/product\/22338\/revisions\/39480"}],"wp:featuredmedia":[{"embeddable":true,"href":"https:\/\/hookahshop.lt\/lv\/wp-json\/wp\/v2\/media\/22339"}],"wp:attachment":[{"href":"https:\/\/hookahshop.lt\/lv\/wp-json\/wp\/v2\/media?parent=22338"}],"curies":[{"name":"wp","href":"https:\/\/api.w.org\/{rel}","templated":true}]}}