{"id":22366,"date":"2021-05-10T14:51:57","date_gmt":"2021-05-10T11:51:57","guid":{"rendered":"https:\/\/hookahshop.lt\/?post_type=product&#038;p=22366"},"modified":"2026-04-14T23:29:00","modified_gmt":"2026-04-14T20:29:00","slug":"kaljano-komplektas-na-grani-model-1","status":"publish","type":"product","link":"https:\/\/hookahshop.lt\/lv\/produkt\/udenspipes-komplekts-na-grani-modelis-1\/","title":{"rendered":"\u0100\u0137u komplekts NA GRANI 1. modelis"},"content":{"rendered":"<h2>\u0100\u0137u komplekts NA GRANI 1. modelis<\/h2>\n<p>Augstas kvalit\u0101tes un minim\u0101lisma dizaina \u016bdensp\u012bpe piesaista uzman\u012bbu. \u0160is modelis ir lieliski piem\u0113rots tiem, kam pat\u012bk kompaktas \u016bdensp\u012bpes vai tiem, kas v\u0113las pa\u0146emt dab\u0101 nelielu \u016bdensp\u012bpi, jo tas ir \u012bpa\u0161s ar to, ka t\u0101 k\u0101ta konstrukcija sast\u0101v no vair\u0101k\u0101m da\u013c\u0101m, kas \u013cauj main\u012bt k\u0101ta augstumu. \u0160\u012b \u016bdensp\u012bpe ir izgatavota no 100% ner\u016bs\u0113jo\u0161\u0101 t\u0113rauda AISI - 304, kas garant\u0113 \u016bdensp\u012bpes iztur\u012bbu un uzticam\u012bbu, atvieglo apkopi, uzglab\u0101\u0161anu un transport\u0113\u0161anu. \u016adensp\u012bpe piem\u0113rota gan vieglu d\u016bmu cien\u012bt\u0101jiem, jo tai ir difuzors, gan smag\u0101kiem, jo iesp\u0113jams noskr\u016bv\u0113t difuzoru. \u0160\u012b \u016bdensp\u012bpe ir piem\u0113rota ar\u012b \u016bdensp\u012bpes nozares jaunpien\u0101c\u0113jiem, jo \u016bdens l\u012bmenis tiek atz\u012bm\u0113ts \u016bdensp\u012bpes \u0161aht\u0101, lai kolb\u0101 tiktu pievienots pareizais \u016bdens daudzums.<\/p>\n<p><strong>Apr\u012bkojums:<\/strong><br \/>\nV\u0101rpsta -1 gab.<br \/>\n\u016adensp\u012bpes pl\u0101ksne ar z\u012bmola grav\u0113jumu - 1 gab.<br \/>\nIemutnis - 1 gab.<br \/>\nSilikona \u0161\u013c\u016btene - 1 gab.<br \/>\nBl\u012bves - 2 gab.<br \/>\nKolba (at\u0161\u0137iras no fotoatt\u0113l\u0101 redzam\u0101s) - 1 gab.<br \/>\nKnaibles - 1 gab.<br \/>\nSiltuma kamera - 1 gab.<br \/>\nKr\u016bz\u012bte (Var at\u0161\u0137irties no bild\u0113 redzam\u0101s) - 1 gab.<br \/>\nOgles 1kg - 1gab.<br \/>\nPl\u012bts - 1gab.<\/p>\n<p>Vai jums ir k\u0101di jaut\u0101jumi? Sazinies ar mums\u00a0<a href=\"https:\/\/hookahshop.lt\/lv\/kontaktiem\/\">kontaktu lapa<\/a>\u00a0vai rakstiet mums pa e-pastu\u00a0<a href=\"https:\/\/facebook.com\/HookahShop.lt\/\" target=\"_blank\" rel=\"noopener noreferrer\">Facebook konts<\/a>\u00a0un m\u0113s atbild\u0113sim uz j\u016bsu piepras\u012bjumu taj\u0101 pa\u0161\u0101 dien\u0101.<\/p>","protected":false},"excerpt":{"rendered":"<p>\u016adensp\u012bpes komplekts NA GRANI Model 1 Augstas kvalit\u0101tes un minim\u0101listiska dizaina \u016bdensp\u012bpe piesaista uzman\u012bbu. Tiem, kam pat\u012bk kompaktas \u016bdensp\u012bpes, vai tiem, kas v\u0113las pa\u0146emt dab\u0101 nelielu \u016bdensp\u012bpi, \u0161is modelis ir lieliski piem\u0113rots, jo ir \u012bpa\u0161s ar to, ka t\u0101 k\u0101ta konstrukcija sast\u0101v no vair\u0101k\u0101m da\u013c\u0101m, kas \u013cauj main\u012bt k\u0101ta augstumu. \u0160\u012b \u016bdensp\u012bpe ir izgatavota no 100% ner\u016bs\u0113jo\u0161\u0101 t\u0113rauda AISI \u2013 304, [\u2026]<\/p>","protected":false},"featured_media":28029,"comment_status":"open","ping_status":"closed","template":"","meta":[],"_links":{"self":[{"href":"https:\/\/hookahshop.lt\/lv\/wp-json\/wp\/v2\/product\/22366"}],"collection":[{"href":"https:\/\/hookahshop.lt\/lv\/wp-json\/wp\/v2\/product"}],"about":[{"href":"https:\/\/hookahshop.lt\/lv\/wp-json\/wp\/v2\/types\/product"}],"replies":[{"embeddable":true,"href":"https:\/\/hookahshop.lt\/lv\/wp-json\/wp\/v2\/comments?post=22366"}],"version-history":[{"count":4,"href":"https:\/\/hookahshop.lt\/lv\/wp-json\/wp\/v2\/product\/22366\/revisions"}],"predecessor-version":[{"id":32383,"href":"https:\/\/hookahshop.lt\/lv\/wp-json\/wp\/v2\/product\/22366\/revisions\/32383"}],"wp:featuredmedia":[{"embeddable":true,"href":"https:\/\/hookahshop.lt\/lv\/wp-json\/wp\/v2\/media\/28029"}],"wp:attachment":[{"href":"https:\/\/hookahshop.lt\/lv\/wp-json\/wp\/v2\/media?parent=22366"}],"curies":[{"name":"wp","href":"https:\/\/api.w.org\/{rel}","templated":true}]}}