{"id":22375,"date":"2021-05-10T14:54:37","date_gmt":"2021-05-10T11:54:37","guid":{"rendered":"https:\/\/hookahshop.lt\/?post_type=product&#038;p=22375"},"modified":"2026-04-14T23:29:00","modified_gmt":"2026-04-14T20:29:00","slug":"kaljano-komplektas-nube-unique-black-one","status":"publish","type":"product","link":"https:\/\/hookahshop.lt\/lv\/produkt\/udenspipe-set-nube-unikals-melns-one\/","title":{"rendered":"\u016adensp\u012bpes komplekts NUBE Unique Black One"},"content":{"rendered":"<h2>\u016adensp\u012bpes komplekts NUBE Unique Black One<\/h2>\n<p>\u016adensp\u012bpe, kas diez vai var\u0113tu b\u016bt unik\u0101l\u0101ka. Nube Unique Black One augst\u0101 kvalit\u0101te ir viegli kopjama, un taj\u0101 tiek izmantoti augstas kvalit\u0101tes materi\u0101li, piem\u0113ram, ner\u016bs\u0113jo\u0161ais t\u0113rauds un poliacet\u0101ls.<br \/>\nUnik\u0101lais izp\u016b\u0161anas v\u0101rsts \u013cauj izp\u016bsto gaisu novirz\u012bt tie\u0161i kr\u016bz\u0113, t\u0101d\u0113j\u0101di to atdzes\u0113jot.<\/p>\n<p><strong>Apr\u012bkojums:<\/strong><br \/>\nV\u0101rpsta -1 gab.<br \/>\n\u016adensp\u012bpes pl\u0101ksne ar z\u012bmola grav\u0113jumu - 1 gab.<br \/>\nIemutnis - 1 gab.<br \/>\nSilikona \u0161\u013c\u016btene - 1 gab.<br \/>\nBl\u012bves - 2 gab.<br \/>\nKolba (at\u0161\u0137iras no fotoatt\u0113l\u0101 redzam\u0101s) - 1 gab.<br \/>\nKnaibles - 1 gab.<br \/>\nSiltuma kamera - 1 gab.<br \/>\nKr\u016bz\u012bte (Var at\u0161\u0137irties no bild\u0113 redzam\u0101s) - 1 gab.<br \/>\nOgles 1kg - 1gab.<br \/>\nPl\u012bts - 1gab.<\/p>\n<p>Vai jums ir k\u0101di jaut\u0101jumi? Sazinies ar mums\u00a0<a href=\"https:\/\/hookahshop.lt\/lv\/kontaktiem\/\">kontaktu lapa<\/a>\u00a0vai rakstiet mums pa e-pastu\u00a0<a href=\"https:\/\/facebook.com\/HookahShop.lt\/\" target=\"_blank\" rel=\"noopener noreferrer\">Facebook konts<\/a>\u00a0un m\u0113s atbild\u0113sim uz j\u016bsu piepras\u012bjumu taj\u0101 pa\u0161\u0101 dien\u0101.<\/p>","protected":false},"excerpt":{"rendered":"<p>\u016adensp\u012bpes komplekts NUBE Unique Black One \u016adensp\u012bpe, kas diez vai var\u0113tu b\u016bt unik\u0101l\u0101ka. Nube Unique Black One augst\u0101 kvalit\u0101te ir viegli kopjama, un taj\u0101 tiek izmantoti augstas kvalit\u0101tes materi\u0101li, piem\u0113ram, ner\u016bs\u0113jo\u0161ais t\u0113rauds un poliacet\u0101ls. Unik\u0101lais izp\u016b\u0161anas v\u0101rsts \u013cauj izp\u016bsto gaisu novirz\u012bt tie\u0161i kr\u016bz\u0113, t\u0101d\u0113j\u0101di to atdzes\u0113jot. Pilns komplekts: V\u0101rpsta - 1 gab. \u016adensp\u012bpes \u0161\u0137\u012bvis ar z\u012bmola [\u2026]<\/p>","protected":false},"featured_media":28025,"comment_status":"open","ping_status":"closed","template":"","meta":[],"_links":{"self":[{"href":"https:\/\/hookahshop.lt\/lv\/wp-json\/wp\/v2\/product\/22375"}],"collection":[{"href":"https:\/\/hookahshop.lt\/lv\/wp-json\/wp\/v2\/product"}],"about":[{"href":"https:\/\/hookahshop.lt\/lv\/wp-json\/wp\/v2\/types\/product"}],"replies":[{"embeddable":true,"href":"https:\/\/hookahshop.lt\/lv\/wp-json\/wp\/v2\/comments?post=22375"}],"version-history":[{"count":3,"href":"https:\/\/hookahshop.lt\/lv\/wp-json\/wp\/v2\/product\/22375\/revisions"}],"predecessor-version":[{"id":28064,"href":"https:\/\/hookahshop.lt\/lv\/wp-json\/wp\/v2\/product\/22375\/revisions\/28064"}],"wp:featuredmedia":[{"embeddable":true,"href":"https:\/\/hookahshop.lt\/lv\/wp-json\/wp\/v2\/media\/28025"}],"wp:attachment":[{"href":"https:\/\/hookahshop.lt\/lv\/wp-json\/wp\/v2\/media?parent=22375"}],"curies":[{"name":"wp","href":"https:\/\/api.w.org\/{rel}","templated":true}]}}