{"id":22378,"date":"2021-05-10T15:01:55","date_gmt":"2021-05-10T12:01:55","guid":{"rendered":"https:\/\/hookahshop.lt\/?post_type=product&#038;p=22378"},"modified":"2026-04-14T23:28:59","modified_gmt":"2026-04-14T20:28:59","slug":"kaljano-komplektas-honey-sigh-urban-black","status":"publish","type":"product","link":"https:\/\/hookahshop.lt\/lv\/produkt\/udenspipe-komplekts-medus-noputa-pilsetas-melns\/","title":{"rendered":"\u016adensp\u012bpes komplekts HONEY SIGH Urban Black"},"content":{"rendered":"<h2>\u016adensp\u012bpes komplekts HONEY SIGH Urban Black<\/h2>\n<p>\u016adensp\u012bpei ir lieliskas darb\u012bbas un k\u016bpin\u0101\u0161anas \u012bpa\u0161\u012bbas. Efekt\u012bva kolbas vertik\u0101l\u0101 skalo\u0161ana. Acet\u0101la pamatne - iztur\u012bga un stil\u012bga. Meln\u0101 apdare lieliski papildina izskatu. Izp\u016b\u0161anas sist\u0113ma sast\u0101v no 5 v\u0101rstiem, ar kuru pal\u012bdz\u012bbu no kolbas pirmo reizi izp\u016b\u0161 d\u016bmi, k\u0101 ar\u012b atdzes\u0113 kr\u016bzi.<\/p>\n<p><strong>Apr\u012bkojums:<\/strong><br \/>\nV\u0101rpsta -1 gab.<br \/>\n\u016adensp\u012bpes pl\u0101ksne ar z\u012bmola grav\u0113jumu - 1 gab.<br \/>\nIemutnis - 1 gab.<br \/>\nSilikona \u0161\u013c\u016btene - 1 gab.<br \/>\nBl\u012bves - 2 gab.<br \/>\nKolba (at\u0161\u0137iras no fotoatt\u0113l\u0101 redzam\u0101s) - 1 gab.<br \/>\nKnaibles - 1 gab.<br \/>\nSiltuma kamera - 1 gab.<br \/>\nKr\u016bz\u012bte (Var at\u0161\u0137irties no bild\u0113 redzam\u0101s) - 1 gab.<br \/>\nOgles 1kg - 1gab.<br \/>\nPl\u012bts - 1gab.<\/p>\n<p>Vai jums ir k\u0101di jaut\u0101jumi? Sazinies ar mums\u00a0<a href=\"https:\/\/hookahshop.lt\/lv\/kontaktiem\/\">kontaktu lapa<\/a>\u00a0vai rakstiet mums pa e-pastu\u00a0<a href=\"https:\/\/facebook.com\/HookahShop.lt\/\" target=\"_blank\" rel=\"noopener noreferrer\">Facebook konts<\/a>\u00a0un m\u0113s atbild\u0113sim uz j\u016bsu piepras\u012bjumu taj\u0101 pa\u0161\u0101 dien\u0101.<\/p>","protected":false},"excerpt":{"rendered":"<p>\u016adensp\u012bpes komplekts HONEY SIGH Urban Black Hookah ir izcilas darb\u012bbas un k\u016bpin\u0101\u0161anas \u012bpa\u0161\u012bbas. Efekt\u012bva kolbas vertik\u0101l\u0101 skalo\u0161ana. Acet\u0101la pamatne - iztur\u012bga un stil\u012bga. Meln\u0101 apdare lieliski papildina izskatu. Izp\u016b\u0161anas sist\u0113ma sast\u0101v no 5 v\u0101rstiem, ar kuru pal\u012bdz\u012bbu no kolbas pirmo reizi izp\u016b\u0161 d\u016bmi, k\u0101 ar\u012b atdzes\u0113 kr\u016bzi. Pilns komplekts: V\u0101rpsta - 1 gab. \u016adensp\u012bpes \u0161\u0137\u012bvis ar z\u012bmola [\u2026]<\/p>","protected":false},"featured_media":27988,"comment_status":"open","ping_status":"closed","template":"","meta":[],"_links":{"self":[{"href":"https:\/\/hookahshop.lt\/lv\/wp-json\/wp\/v2\/product\/22378"}],"collection":[{"href":"https:\/\/hookahshop.lt\/lv\/wp-json\/wp\/v2\/product"}],"about":[{"href":"https:\/\/hookahshop.lt\/lv\/wp-json\/wp\/v2\/types\/product"}],"replies":[{"embeddable":true,"href":"https:\/\/hookahshop.lt\/lv\/wp-json\/wp\/v2\/comments?post=22378"}],"version-history":[{"count":4,"href":"https:\/\/hookahshop.lt\/lv\/wp-json\/wp\/v2\/product\/22378\/revisions"}],"predecessor-version":[{"id":32200,"href":"https:\/\/hookahshop.lt\/lv\/wp-json\/wp\/v2\/product\/22378\/revisions\/32200"}],"wp:featuredmedia":[{"embeddable":true,"href":"https:\/\/hookahshop.lt\/lv\/wp-json\/wp\/v2\/media\/27988"}],"wp:attachment":[{"href":"https:\/\/hookahshop.lt\/lv\/wp-json\/wp\/v2\/media?parent=22378"}],"curies":[{"name":"wp","href":"https:\/\/api.w.org\/{rel}","templated":true}]}}