{"id":22382,"date":"2021-05-10T15:05:30","date_gmt":"2021-05-10T12:05:30","guid":{"rendered":"https:\/\/hookahshop.lt\/?post_type=product&#038;p=22382"},"modified":"2026-05-13T23:29:14","modified_gmt":"2026-05-13T20:29:14","slug":"kaljano-komplektas-smoke-me-two-black","status":"publish","type":"product","link":"https:\/\/hookahshop.lt\/lv\/produkt\/udenspipe-kit-smoke-me-divu-melns\/","title":{"rendered":"\u0100\u0137u komplekts SMOKE ME Two Black"},"content":{"rendered":"<h2>\u0100\u0137u komplekts SMOKE ME Two Black<\/h2>\n<p>Izce\u013cas ar unik\u0101lu kolbu, kas ir \u0113rt\u0101k lietojama nek\u0101 parast\u0101s formas kolbas. Laba cena!<\/p>\n<p><strong>Apr\u012bkojums:<\/strong><br \/>\nV\u0101rpsta -1 gab.<br \/>\n\u016adensp\u012bpes pl\u0101ksne ar z\u012bmola grav\u0113jumu - 1 gab.<br \/>\nIemutnis - 1 gab.<br \/>\nSilikona \u0161\u013c\u016btene - 1 gab.<br \/>\nBl\u012bves - 2 gab.<br \/>\nKolba (at\u0161\u0137iras no fotoatt\u0113l\u0101 redzam\u0101s) - 1 gab.<br \/>\nKnaibles - 1 gab.<br \/>\nSiltuma kamera - 1 gab.<br \/>\nKr\u016bz\u012bte (Var at\u0161\u0137irties no bild\u0113 redzam\u0101s) - 1 gab.<br \/>\nOgles 1kg - 1gab.<br \/>\nPl\u012bts - 1gab.<\/p>\n<p>Vai jums ir k\u0101di jaut\u0101jumi? Sazinies ar mums\u00a0<a href=\"https:\/\/hookahshop.lt\/lv\/kontaktiem\/\">kontaktu lapa<\/a>\u00a0vai rakstiet mums pa e-pastu\u00a0<a href=\"https:\/\/facebook.com\/HookahShop.lt\/\" target=\"_blank\" rel=\"noopener noreferrer\">Facebook konts<\/a>\u00a0un m\u0113s atbild\u0113sim uz j\u016bsu piepras\u012bjumu taj\u0101 pa\u0161\u0101 dien\u0101.<\/p>","protected":false},"excerpt":{"rendered":"<p>\u016adensp\u012bpes komplekts SMOKE ME Two Black Izce\u013cas ar unik\u0101lu kolbu, kas ir \u0113rt\u0101k lietojama nek\u0101 parast\u0101s formas kolbas. Laba cena! Pilns komplekts: V\u0101rpsta - 1 gab. \u016adensp\u012bpes \u0161\u0137\u012bvis ar firmas grav\u0113jumu - 1 gab. Mutes uzgalis - 1 gab. Silikona \u0161\u013c\u016btene - 1 gab. Bl\u012bves - 2 gab. Kolba (at\u0161\u0137iras no fotoatt\u0113l\u0101 redzam\u0101s) - 1 gab. Knaibles - 1 gab. [\u2026]<\/p>","protected":false},"featured_media":28031,"comment_status":"open","ping_status":"closed","template":"","meta":[],"_links":{"self":[{"href":"https:\/\/hookahshop.lt\/lv\/wp-json\/wp\/v2\/product\/22382"}],"collection":[{"href":"https:\/\/hookahshop.lt\/lv\/wp-json\/wp\/v2\/product"}],"about":[{"href":"https:\/\/hookahshop.lt\/lv\/wp-json\/wp\/v2\/types\/product"}],"replies":[{"embeddable":true,"href":"https:\/\/hookahshop.lt\/lv\/wp-json\/wp\/v2\/comments?post=22382"}],"version-history":[{"count":2,"href":"https:\/\/hookahshop.lt\/lv\/wp-json\/wp\/v2\/product\/22382\/revisions"}],"predecessor-version":[{"id":29747,"href":"https:\/\/hookahshop.lt\/lv\/wp-json\/wp\/v2\/product\/22382\/revisions\/29747"}],"wp:featuredmedia":[{"embeddable":true,"href":"https:\/\/hookahshop.lt\/lv\/wp-json\/wp\/v2\/media\/28031"}],"wp:attachment":[{"href":"https:\/\/hookahshop.lt\/lv\/wp-json\/wp\/v2\/media?parent=22382"}],"curies":[{"name":"wp","href":"https:\/\/api.w.org\/{rel}","templated":true}]}}