{"id":22415,"date":"2021-05-11T23:50:18","date_gmt":"2021-05-11T20:50:18","guid":{"rendered":"https:\/\/hookahshop.lt\/?post_type=product&#038;p=22415"},"modified":"2026-04-18T23:28:36","modified_gmt":"2026-04-18T20:28:36","slug":"elektroninis-kaljanas-c2-hookah-grey-black","status":"publish","type":"product","link":"https:\/\/hookahshop.lt\/lv\/produkt\/elektroniska-udenspipe-c2-udenspipe-peleks-melns\/","title":{"rendered":"Elektronisk\u0101 \u016bdensp\u012bpe C2 HOOKAH Grey-Black"},"content":{"rendered":"<h2>Elektronisk\u0101 \u016bdensp\u012bpe C2 HOOKAH Grey-Black<\/h2>\n<p>\u0160\u012b ir pirm\u0101 \u016bdensp\u012bpe tiem, kam pat\u012bk sm\u0113\u0137\u0113t tradicion\u0101lo \u016bdensp\u012bpi, bet mekl\u0113 alternat\u012bvu bez ogles aizdedzes. C2 \u016bdensp\u012bpe, kas \u012bpa\u0161i izstr\u0101d\u0101ta restor\u0101nu un naktsklubu profesion\u0101\u013ciem, izce\u013cas ar unik\u0101lu un novatorisku dizainu. 100% elektroniska, bet tom\u0113r 100% \u016bdensp\u012bpe.<\/p>\n<p>Izmantot\u0101s kapsulas: Francij\u0101 ra\u017eoti e-\u0161\u0137idrumi<\/p>\n<p><strong>Apr\u012bkojums:<\/strong><br \/>\n\u016adensp\u012bpe<br \/>\nCaurule<br \/>\nLieta<br \/>\nAkumulators 8000 mAh<br \/>\nC tipa USB kabelis<br \/>\nL\u0101d\u0113t\u0101js<br \/>\n\u016adensiztur\u012bgs LED<br \/>\nInstrukcija<\/p>\n<p>Vai jums ir k\u0101di jaut\u0101jumi? Sazinies ar mums\u00a0<a href=\"https:\/\/hookahshop.lt\/lv\/kontaktiem\/\">kontaktu lapa<\/a>\u00a0vai rakstiet mums pa e-pastu\u00a0<a href=\"https:\/\/facebook.com\/HookahShop.lt\/\" target=\"_blank\" rel=\"noopener noreferrer\">Facebook konts<\/a>\u00a0un m\u0113s atbild\u0113sim uz j\u016bsu piepras\u012bjumu taj\u0101 pa\u0161\u0101 dien\u0101.<\/p>","protected":false},"excerpt":{"rendered":"<p>Elektronisk\u0101 \u016bdensp\u012bpe C2 HOOKAH Grey-Black \u0160\u012b ir pirm\u0101 \u016bdensp\u012bpe tiem, kam pat\u012bk sm\u0113\u0137\u0113t tradicion\u0101lo \u016bdensp\u012bpi, bet mekl\u0113 alternat\u012bvu bez ogles aizdedzes. C2 \u016bdensp\u012bpe, kas \u012bpa\u0161i izstr\u0101d\u0101ta restor\u0101nu un naktsklubu profesion\u0101\u013ciem, izce\u013cas ar unik\u0101lu un novatorisku dizainu. 100% elektroniska, bet tom\u0113r 100% \u016bdensp\u012bpe. Izmantot\u0101s kapsulas: Francij\u0101 ra\u017eoti e-\u0161\u0137idrumi Iepakojums: \u016adensp\u012bpes Case Case Akumulators 8000 mAh USB kabelis Type-C [...]<\/p>","protected":false},"featured_media":22416,"comment_status":"open","ping_status":"closed","template":"","meta":[],"_links":{"self":[{"href":"https:\/\/hookahshop.lt\/lv\/wp-json\/wp\/v2\/product\/22415"}],"collection":[{"href":"https:\/\/hookahshop.lt\/lv\/wp-json\/wp\/v2\/product"}],"about":[{"href":"https:\/\/hookahshop.lt\/lv\/wp-json\/wp\/v2\/types\/product"}],"replies":[{"embeddable":true,"href":"https:\/\/hookahshop.lt\/lv\/wp-json\/wp\/v2\/comments?post=22415"}],"version-history":[{"count":5,"href":"https:\/\/hookahshop.lt\/lv\/wp-json\/wp\/v2\/product\/22415\/revisions"}],"predecessor-version":[{"id":22857,"href":"https:\/\/hookahshop.lt\/lv\/wp-json\/wp\/v2\/product\/22415\/revisions\/22857"}],"wp:featuredmedia":[{"embeddable":true,"href":"https:\/\/hookahshop.lt\/lv\/wp-json\/wp\/v2\/media\/22416"}],"wp:attachment":[{"href":"https:\/\/hookahshop.lt\/lv\/wp-json\/wp\/v2\/media?parent=22415"}],"curies":[{"name":"wp","href":"https:\/\/api.w.org\/{rel}","templated":true}]}}