{"id":22427,"date":"2021-05-12T12:47:21","date_gmt":"2021-05-12T09:47:21","guid":{"rendered":"https:\/\/hookahshop.lt\/?post_type=product&#038;p=22427"},"modified":"2025-07-22T15:12:40","modified_gmt":"2025-07-22T12:12:40","slug":"kaljano-paruosimo-mokymai-vienam-asmeniui","status":"publish","type":"product","link":"https:\/\/hookahshop.lt\/lv\/produkt\/udenspipe-gatavosanas-apmaciba-vienam-cilvekam\/","title":{"rendered":"\u016adensp\u012bpes sagatavo\u0161ana APM\u0100C\u012aBA vienai personai"},"content":{"rendered":"<h2>\u016adensp\u012bpes sagatavo\u0161ana APM\u0100C\u012aBA vienai personai<\/h2>\n<p>P\u0113c \u016bdensp\u012bpes ieg\u0101des ne visi zina, ar ko s\u0101kt, k\u0101 pareizi pagatavot \u016bdensp\u012bpi un k\u0101 m\u0101j\u0101s pagatavot to gar\u0161\u012bgu un k\u016bpin\u0101tu. M\u016bsu \u016bdensp\u012bpes sagatavo\u0161anas apm\u0101c\u012bbu laik\u0101 j\u016bs uzzin\u0101siet, k\u0101 dar\u012bt visu un izvair\u012bties no \u016bdensp\u012bpes sagatavo\u0161anas k\u013c\u016bd\u0101m.<\/p>\n<p><strong>\u016adensp\u012bpes sagatavo\u0161anas apm\u0101c\u012bbas laik\u0101:<\/strong><\/p>\n<p>- Tu iem\u0101c\u012bsies pagatavot \u016bdensp\u012bpi.<br \/>\n- J\u016bs uzzin\u0101siet par \u016bdensp\u012bpes sast\u0101vu un funkcionalit\u0101ti.<br \/>\n- J\u016bs uzzin\u0101siet par \u016bdensp\u012bpes piederumu iesp\u0113j\u0101m un \u016bdensp\u012bpju at\u0161\u0137ir\u012bb\u0101m.<br \/>\n\u2013 Iepaz\u012bsi da\u017e\u0101das \u016bdensp\u012bpes kr\u016bzes un to pagatavo\u0161anas metodes.<br \/>\n\u2013 J\u016bs iem\u0101c\u012bsities kontrol\u0113t \u016bdensp\u012bpes kr\u016bzes temperat\u016bru.<br \/>\n- J\u016bs uzzin\u0101siet, k\u0101 r\u016bp\u0113ties par \u016bdensp\u012bpi un k\u0101 to pareizi t\u012br\u012bt.<br \/>\n- J\u016bs ieg\u016bsit inform\u0101ciju par \u016bdensp\u012bpes tabakas gar\u0161\u0101m.<br \/>\n\u2013 J\u016bs izm\u0113\u0123in\u0101siet 2-3 da\u017e\u0101das \u016bdensp\u012bpes ar da\u017e\u0101d\u0101m kr\u016bz\u012bt\u0113m.<\/p>\n<p>Apm\u0101c\u012bbas ilgums: 1-1,5 stundas.<br \/>\n\u016adensp\u012bpes sagatavo\u0161anas apm\u0101c\u012bba ir paredz\u0113ta TIKAI vienam indiv\u012bdam.<br \/>\n\u016adensp\u012bpes sagatavo\u0161anas apm\u0101c\u012bbas var notikt: krievu, ang\u013cu, lietuvie\u0161u valod\u0101.<br \/>\n\u016adensp\u012bpes apm\u0101c\u012bba tiek veikta Vi\u013c\u0146as pils\u0113t\u0101. P\u0113c vieno\u0161an\u0101s par papildus samaksu ir iesp\u0113ja p\u0101rs\u0113sties uz sev v\u0113lamo vietu.<\/p>\n<p>\u016adensp\u012bpes sagatavo\u0161anas apm\u0101c\u012bba ir ori\u0123in\u0101la d\u0101vana v\u012brietim vai sievietei. Katrs \u016bdensp\u012bpes entuziasts ieg\u016bs jaunas zin\u0101\u0161anas par visu, kas saist\u012bts ar \u016bdensp\u012bp\u0113m!<\/p>\n<p>Vai jums ir k\u0101di jaut\u0101jumi? Sazinies ar mums\u00a0<a href=\"https:\/\/hookahshop.lt\/lv\/kontaktiem\/\">kontaktu lapa<\/a>\u00a0vai rakstiet mums pa e-pastu\u00a0<a href=\"https:\/\/facebook.com\/HookahShop.lt\/\" target=\"_blank\" rel=\"noopener noreferrer\">Facebook konts<\/a>\u00a0un m\u0113s atbild\u0113sim uz j\u016bsu piepras\u012bjumu taj\u0101 pa\u0161\u0101 dien\u0101.<\/p>","protected":false},"excerpt":{"rendered":"<p>\u016adensp\u012bpes gatavo\u0161anas APM\u0100C\u012aBAS vienam cilv\u0113kam P\u0113c \u016bdensp\u012bpes ieg\u0101des ne visi zina, ar ko s\u0101kt, k\u0101 pareizi pagatavot \u016bdensp\u012bpi un k\u0101 m\u0101j\u0101s to pagatavot gar\u0161\u012bgu un k\u016bpin\u0101tu. M\u016bsu \u016bdensp\u012bpes sagatavo\u0161anas apm\u0101c\u012bbu laik\u0101 j\u016bs uzzin\u0101siet, k\u0101 dar\u012bt visu un izvair\u012bties no \u016bdensp\u012bpes gatavo\u0161anas k\u013c\u016bd\u0101m. \u016adensp\u012bpes sagatavo\u0161anas apm\u0101c\u012bb\u0101: \u2013 Uzzin\u0101siet, k\u0101 pagatavot \u016bdensp\u012bpi. - J\u016bs uzzin\u0101siet par \u016bdensp\u012bpes sast\u0101vu un funkcionalit\u0101ti. - [\u2026]<\/p>","protected":false},"featured_media":22429,"comment_status":"open","ping_status":"closed","template":"","meta":[],"_links":{"self":[{"href":"https:\/\/hookahshop.lt\/lv\/wp-json\/wp\/v2\/product\/22427"}],"collection":[{"href":"https:\/\/hookahshop.lt\/lv\/wp-json\/wp\/v2\/product"}],"about":[{"href":"https:\/\/hookahshop.lt\/lv\/wp-json\/wp\/v2\/types\/product"}],"replies":[{"embeddable":true,"href":"https:\/\/hookahshop.lt\/lv\/wp-json\/wp\/v2\/comments?post=22427"}],"version-history":[{"count":19,"href":"https:\/\/hookahshop.lt\/lv\/wp-json\/wp\/v2\/product\/22427\/revisions"}],"predecessor-version":[{"id":33602,"href":"https:\/\/hookahshop.lt\/lv\/wp-json\/wp\/v2\/product\/22427\/revisions\/33602"}],"wp:featuredmedia":[{"embeddable":true,"href":"https:\/\/hookahshop.lt\/lv\/wp-json\/wp\/v2\/media\/22429"}],"wp:attachment":[{"href":"https:\/\/hookahshop.lt\/lv\/wp-json\/wp\/v2\/media?parent=22427"}],"curies":[{"name":"wp","href":"https:\/\/api.w.org\/{rel}","templated":true}]}}