{"id":22434,"date":"2021-05-12T13:25:38","date_gmt":"2021-05-12T10:25:38","guid":{"rendered":"https:\/\/hookahshop.lt\/?post_type=product&#038;p=22434"},"modified":"2025-04-08T22:13:26","modified_gmt":"2025-04-08T19:13:26","slug":"kaljano-paruosimo-mokymai-imonei","status":"publish","type":"product","link":"https:\/\/hookahshop.lt\/lv\/produkt\/udenspipes-sagatavosanas-apmaciba-uznemumam\/","title":{"rendered":"\u016adensp\u012bpes sagatavo\u0161ana APM\u0100C\u012aBA uz\u0146\u0113mumam"},"content":{"rendered":"<h2>\u016adensp\u012bpes sagatavo\u0161ana APM\u0100C\u012aBA uz\u0146\u0113mumam<\/h2>\n<p>M\u016bsu \u016bdensp\u012bpes sagatavo\u0161anas apm\u0101c\u012bbu laik\u0101 j\u016bs uzzin\u0101siet, k\u0101 dar\u012bt visu un izvair\u012bties no \u016bdensp\u012bpes gatavo\u0161anas k\u013c\u016bd\u0101m, k\u0101 ar\u012b j\u016bs uzzin\u0101siet, k\u0101 organiz\u0113t \u016bdensp\u012bpes biznesu j\u016bsu uz\u0146\u0113mum\u0101.<\/p>\n<p><strong>\u016adensp\u012bpes sagatavo\u0161anas apm\u0101c\u012bbas laik\u0101:<\/strong><\/p>\n<p>- Tu iem\u0101c\u012bsies pagatavot \u016bdensp\u012bpi.<br \/>\n- Uzzin\u0101siet par \u016bdensp\u012bpes sast\u0101vu un funkcionalit\u0101ti un iesp\u0113j\u0101m.<br \/>\n- J\u016bs uzzin\u0101siet par \u016bdensp\u012bpes piederumu iesp\u0113j\u0101m un \u016bdensp\u012bpju at\u0161\u0137ir\u012bb\u0101m.<br \/>\n\u2013 Uzzin\u0101siet, k\u0101 r\u016bp\u0113ties par \u016bdensp\u012bpi un k\u0101 to pareizi t\u012br\u012bt.<br \/>\n\u2013 Iepaz\u012bsi da\u017e\u0101das \u016bdensp\u012bpes kr\u016bzes un to pagatavo\u0161anas metodes.<br \/>\n\u2013 J\u016bs iem\u0101c\u012bsities kontrol\u0113t \u016bdensp\u012bpes kr\u016bzes temperat\u016bru.<br \/>\n\u2013 Ieg\u016bsi inform\u0101ciju par \u016bdensp\u012bpes tabakas gar\u0161\u0101m, tabakas ieg\u0101di un p\u0101rdo\u0161anu uz\u0146\u0113muma darb\u012bb\u0101.<br \/>\n\u2013 J\u016bs izm\u0113\u0123in\u0101siet 4 da\u017e\u0101das \u016bdensp\u012bpes ar da\u017e\u0101d\u0101m kr\u016bz\u012bt\u0113m.<br \/>\n- Darba vietas organiz\u0113\u0161anas padomi.<\/p>\n<p>Apm\u0101c\u012bbas ilgums: 2-2,5 stundas.<br \/>\n\u016adensp\u012bpes sagatavo\u0161anas apm\u0101c\u012bb\u0101s paredz\u0113ts apm\u0101c\u012bt 2 darbiniekus.<br \/>\n\u016adensp\u012bpes sagatavo\u0161anas apm\u0101c\u012bbas var notikt: krievu, ang\u013cu, lietuvie\u0161u valod\u0101.<br \/>\n\u016adensp\u012bpes apm\u0101c\u012bba tiek veikta Vi\u013c\u0146as pils\u0113t\u0101. Cit\u0101s Lietuvas pils\u0113t\u0101s ierodamies, maks\u0101jot papildus degvielas izmaksas.<\/p>\n<p>Vai jums ir k\u0101di jaut\u0101jumi? Sazinies ar mums\u00a0<a href=\"https:\/\/hookahshop.lt\/lv\/kontaktiem\/\">kontaktu lapa<\/a>\u00a0vai rakstiet mums pa e-pastu\u00a0<a href=\"https:\/\/facebook.com\/HookahShop.lt\/\" target=\"_blank\" rel=\"noopener noreferrer\">Facebook konts<\/a>\u00a0un m\u0113s atbild\u0113sim uz j\u016bsu piepras\u012bjumu taj\u0101 pa\u0161\u0101 dien\u0101.<\/p>","protected":false},"excerpt":{"rendered":"<p>\u016adensp\u012bpes gatavo\u0161anas APM\u0100C\u012aBAS uz\u0146\u0113mumam M\u016bsu \u016bdensp\u012bpes sagatavo\u0161anas apm\u0101c\u012bbu laik\u0101 j\u016bs uzzin\u0101siet, k\u0101 dar\u012bt visu un izvair\u012bties no k\u013c\u016bd\u0101m \u016bdensp\u012bpes sagatavo\u0161an\u0101 un j\u016bs uzzin\u0101siet, k\u0101 organiz\u0113t \u016bdensp\u012bpes biznesu j\u016bsu uz\u0146\u0113mum\u0101. \u016adensp\u012bpes sagatavo\u0161anas apm\u0101c\u012bb\u0101: \u2013 Uzzin\u0101siet, k\u0101 pagatavot \u016bdensp\u012bpi. - Uzzin\u0101siet par \u016bdensp\u012bpes sast\u0101vu un funkcionalit\u0101ti un iesp\u0113j\u0101m. - J\u016bs uzzin\u0101siet par \u016bdensp\u012bpes piederumu iesp\u0113j\u0101m un \u016bdensp\u012bpju at\u0161\u0137ir\u012bb\u0101m. - Tu iem\u0101c\u012bsies [...]<\/p>","protected":false},"featured_media":22449,"comment_status":"open","ping_status":"closed","template":"","meta":[],"_links":{"self":[{"href":"https:\/\/hookahshop.lt\/lv\/wp-json\/wp\/v2\/product\/22434"}],"collection":[{"href":"https:\/\/hookahshop.lt\/lv\/wp-json\/wp\/v2\/product"}],"about":[{"href":"https:\/\/hookahshop.lt\/lv\/wp-json\/wp\/v2\/types\/product"}],"replies":[{"embeddable":true,"href":"https:\/\/hookahshop.lt\/lv\/wp-json\/wp\/v2\/comments?post=22434"}],"version-history":[{"count":9,"href":"https:\/\/hookahshop.lt\/lv\/wp-json\/wp\/v2\/product\/22434\/revisions"}],"predecessor-version":[{"id":22470,"href":"https:\/\/hookahshop.lt\/lv\/wp-json\/wp\/v2\/product\/22434\/revisions\/22470"}],"wp:featuredmedia":[{"embeddable":true,"href":"https:\/\/hookahshop.lt\/lv\/wp-json\/wp\/v2\/media\/22449"}],"wp:attachment":[{"href":"https:\/\/hookahshop.lt\/lv\/wp-json\/wp\/v2\/media?parent=22434"}],"curies":[{"name":"wp","href":"https:\/\/api.w.org\/{rel}","templated":true}]}}