{"id":22512,"date":"2021-05-14T22:27:05","date_gmt":"2021-05-14T19:27:05","guid":{"rendered":"https:\/\/hookahshop.lt\/?post_type=product&#038;p=22512"},"modified":"2026-04-17T16:32:48","modified_gmt":"2026-04-17T13:32:48","slug":"anglys-kaljanui-crown-airflow-25mm-1kg","status":"publish","type":"product","link":"https:\/\/hookahshop.lt\/lv\/produkt\/ogles-udenspipei-kronis-gaisa-plusmai-25mm-1kg\/","title":{"rendered":"Ogleklis \u016bdensp\u012bpei CROWN Gaisa pl\u016bsma 25mm 1kg"},"content":{"rendered":"<h2>Ogleklis \u016bdensp\u012bpei CROWN Gaisa pl\u016bsma 25mm 1kg<\/h2>\n<p>\u0160\u012bs ir pirm\u0101s &quot;smar\u017e\u012bg\u0101s&quot; ogles \u016bdensp\u012bpei, kas izgatavotas no dab\u012bgas kokosriekstu mizas. \u0160\u012bm ogl\u0113m ir reljefa malas, kas uztur intens\u012bvu siltumu. Starp og\u013cu malu sienu un siltuma kameru iziet sk\u0101beklis, kas ne\u013cauj ogl\u0113m iziet.<\/p>\n<p><strong>Specifik\u0101cija:<\/strong><\/p>\n<p>Viena oglek\u013ca izm\u0113ri: 25x25x25mm.<br \/>\nKast\u0113 ir 72 ogles.<br \/>\nLai dedzin\u0101tu ogles, ir nepiecie\u0161ama elektrisk\u0101 pl\u012bts \u016bdensp\u012bpe, t\u016bristu g\u0101zes pl\u012bts vai taml\u012bdz\u012bgi.<br \/>\nIzcelsmes valsts: Indon\u0113zija<\/p>\n<p>Vai jums ir k\u0101di jaut\u0101jumi? Sazinies ar mums\u00a0<a href=\"https:\/\/hookahshop.lt\/lv\/kontaktiem\/\">kontaktu lapa<\/a>\u00a0vai rakstiet mums pa e-pastu\u00a0<a href=\"https:\/\/facebook.com\/HookahShop.lt\/\" target=\"_blank\" rel=\"noopener noreferrer\">Facebook konts<\/a>\u00a0un m\u0113s atbild\u0113sim uz j\u016bsu piepras\u012bjumu taj\u0101 pa\u0161\u0101 dien\u0101.<\/p>","protected":false},"excerpt":{"rendered":"<p>Kokogles \u016bdensp\u012bpei CROWN Airflow 25mm 1kg \u0160\u012bs ir pirm\u0101s &quot;aromatiz\u0113t\u0101s&quot; ogles \u016bdensp\u012bpei, kas izgatavotas no dab\u012bgas kokosriekstu mizas. \u0160\u012bm ogl\u0113m ir reljefa malas, kas uztur intens\u012bvu siltumu. Starp og\u013cu malu sienu un siltuma kameru iziet sk\u0101beklis, kas ne\u013cauj ogl\u0113m iziet. Specifik\u0101cija: Viena oglek\u013ca izm\u0113ri: 25x25x25mm. Kast\u0113 ir 72 oglekli. Og\u013cu aizdedzin\u0101\u0161anai nepiecie\u0161ama elektrisk\u0101 pl\u012bts \u016bdensp\u012bpei, t\u016bristu [...]<\/p>","protected":false},"featured_media":22517,"comment_status":"open","ping_status":"closed","template":"","meta":[],"_links":{"self":[{"href":"https:\/\/hookahshop.lt\/lv\/wp-json\/wp\/v2\/product\/22512"}],"collection":[{"href":"https:\/\/hookahshop.lt\/lv\/wp-json\/wp\/v2\/product"}],"about":[{"href":"https:\/\/hookahshop.lt\/lv\/wp-json\/wp\/v2\/types\/product"}],"replies":[{"embeddable":true,"href":"https:\/\/hookahshop.lt\/lv\/wp-json\/wp\/v2\/comments?post=22512"}],"version-history":[{"count":4,"href":"https:\/\/hookahshop.lt\/lv\/wp-json\/wp\/v2\/product\/22512\/revisions"}],"predecessor-version":[{"id":34596,"href":"https:\/\/hookahshop.lt\/lv\/wp-json\/wp\/v2\/product\/22512\/revisions\/34596"}],"wp:featuredmedia":[{"embeddable":true,"href":"https:\/\/hookahshop.lt\/lv\/wp-json\/wp\/v2\/media\/22517"}],"wp:attachment":[{"href":"https:\/\/hookahshop.lt\/lv\/wp-json\/wp\/v2\/media?parent=22512"}],"curies":[{"name":"wp","href":"https:\/\/api.w.org\/{rel}","templated":true}]}}