{"id":22537,"date":"2021-05-18T12:48:45","date_gmt":"2021-05-18T09:48:45","guid":{"rendered":"https:\/\/hookahshop.lt\/?post_type=product&#038;p=22537"},"modified":"2026-04-17T16:33:09","modified_gmt":"2026-04-17T13:33:09","slug":"kandiklis-kaljanui-hoob-smpl-black-gold-new","status":"publish","type":"product","link":"https:\/\/hookahshop.lt\/lv\/produkt\/iemuti-for-hookah-hoob-smpl-melns-zelts-jauns\/","title":{"rendered":"\u016adensp\u012bpes iemutis HOOB SMPL Black Gold Jauns"},"content":{"rendered":"<h2>\u016adensp\u012bpes iemutis HOOB SMPL Black Gold Jauns<\/h2>\n<p>\u016adensp\u012bpes iemuts HOOB SMPL Black Gold izgatavots no mat\u0113ta melna alum\u012bnija ar apzelt\u012btiem ner\u016bs\u0113jo\u0161\u0101 t\u0113rauda galiem.<\/p>\n<p>Garums: 30cm<br \/>\nMat\u0113ts melns anod\u0113ts<br \/>\nPiem\u0113rots vis\u0101m silikona \u0161\u013c\u016bten\u0113m ar iek\u0161\u0113jo diametru 10-11mm<br \/>\nApzelt\u012bti ner\u016bs\u0113jo\u0161\u0101 t\u0113rauda uzga\u013ci<br \/>\nNesatur kait\u012bgus p\u0101rkl\u0101jumus (kr\u0101sas utt.)<\/p>\n<p>Vai jums ir k\u0101di jaut\u0101jumi? Sazinies ar mums\u00a0<a href=\"https:\/\/hookahshop.lt\/lv\/kontaktiem\/\">kontaktu lapa<\/a>\u00a0vai rakstiet mums pa e-pastu\u00a0<a href=\"https:\/\/facebook.com\/HookahShop.lt\/\" target=\"_blank\" rel=\"noopener noreferrer\">Facebook konts<\/a>\u00a0un m\u0113s atbild\u0113sim uz j\u016bsu piepras\u012bjumu taj\u0101 pa\u0161\u0101 dien\u0101.<\/p>","protected":false},"excerpt":{"rendered":"<p>\u016adensp\u012bpes iemuti HOOB SMPL Black Gold Jauns \u016adensp\u012bpes iemutis HOOB SMPL Black Gold izgatavots no pul\u0113ta melna alum\u012bnija ar apzelt\u012btiem ner\u016bs\u0113jo\u0161\u0101 t\u0113rauda galiem. Garums: 30cm Mat\u0113ts melns anod\u0113ts Der vis\u0101m silikona \u0161\u013c\u016bten\u0113m ar iek\u0161\u0113jo diametru 10-11mm Apzelt\u012bti ner\u016bs\u0113jo\u0161\u0101 t\u0113rauda uzga\u013ci Nav kait\u012bgu p\u0101rkl\u0101jumu (kr\u0101su utt.) Vai ir k\u0101di jaut\u0101jumi? Sazinieties ar mums kontaktu lap\u0101 vai rakstiet mums [...]<\/p>","protected":false},"featured_media":22538,"comment_status":"open","ping_status":"closed","template":"","meta":[],"_links":{"self":[{"href":"https:\/\/hookahshop.lt\/lv\/wp-json\/wp\/v2\/product\/22537"}],"collection":[{"href":"https:\/\/hookahshop.lt\/lv\/wp-json\/wp\/v2\/product"}],"about":[{"href":"https:\/\/hookahshop.lt\/lv\/wp-json\/wp\/v2\/types\/product"}],"replies":[{"embeddable":true,"href":"https:\/\/hookahshop.lt\/lv\/wp-json\/wp\/v2\/comments?post=22537"}],"version-history":[{"count":5,"href":"https:\/\/hookahshop.lt\/lv\/wp-json\/wp\/v2\/product\/22537\/revisions"}],"predecessor-version":[{"id":25612,"href":"https:\/\/hookahshop.lt\/lv\/wp-json\/wp\/v2\/product\/22537\/revisions\/25612"}],"wp:featuredmedia":[{"embeddable":true,"href":"https:\/\/hookahshop.lt\/lv\/wp-json\/wp\/v2\/media\/22538"}],"wp:attachment":[{"href":"https:\/\/hookahshop.lt\/lv\/wp-json\/wp\/v2\/media?parent=22537"}],"curies":[{"name":"wp","href":"https:\/\/api.w.org\/{rel}","templated":true}]}}