{"id":23535,"date":"2021-06-01T14:10:44","date_gmt":"2021-06-01T11:10:44","guid":{"rendered":"https:\/\/hookahshop.lt\/?post_type=product&#038;p=23535"},"modified":"2026-05-14T23:28:41","modified_gmt":"2026-05-14T20:28:41","slug":"gaubtas-taureles-kaitinimui-conceptic","status":"publish","type":"product","link":"https:\/\/hookahshop.lt\/lv\/produkt\/nosucejs-tases-apkurei-konceptuali\/","title":{"rendered":"Kausa sild\u012b\u0161anas p\u0101rsegs CONCEPTIC Firewall"},"content":{"rendered":"<h2>Kausa sild\u012b\u0161anas p\u0101rsegs CONCEPTIC Firewall<\/h2>\n<p>\u016adensp\u012bpes nos\u016bc\u0113js &quot;Conceptive Firewall&quot; univers\u0101ls nos\u016bc\u0113js-panelis izgatavots no ner\u016bs\u0113jo\u0161\u0101 t\u0113rauda, 1 mm biezs<\/p>\n<p>Patent\u0113tais s\u0101nu caurumu izk\u0101rtojums pilda ne tikai est\u0113tisku funkciju, bet ar\u012b \u013cauj izv\u0113l\u0113ties starp kr\u016bz\u012btes sild\u012b\u0161anas intensit\u0101ti. No\u0146emamais v\u0101ks padara to vienk\u0101r\u0161u un nodro\u0161ina main\u012bgu siltuma p\u0101rvald\u012bbu. Kapuce ir bez roktura, centr\u0101l\u0101 da\u013ca nesilst.<\/p>\n<p><strong>Raksturojums:<\/strong><br \/>\nAugstums: 230 mm<br \/>\nPamatnes diametrs: 100 mm<br \/>\nSvars: apm\u0113ram 465 gr<\/p>\n<p>Vai jums ir k\u0101di jaut\u0101jumi? Sazinies ar mums\u00a0<a href=\"https:\/\/hookahshop.lt\/lv\/kontaktiem\/\">kontaktu lapa<\/a>\u00a0vai rakstiet mums pa e-pastu\u00a0<a href=\"https:\/\/facebook.com\/HookahShop.lt\/\" target=\"_blank\" rel=\"noopener noreferrer\">Facebook konts<\/a>\u00a0un m\u0113s atbild\u0113sim uz j\u016bsu piepras\u012bjumu taj\u0101 pa\u0161\u0101 dien\u0101.<\/p>","protected":false},"excerpt":{"rendered":"<p>Tvaika nos\u016bc\u0113js kr\u016bzes sild\u012b\u0161anai CONCEPTIC Firewall \u016adens nos\u016bc\u0113js &quot;Conceptic Firewall&quot; univers\u0101ls nos\u016bc\u0113js-panelis no ner\u016bs\u0113jo\u0161\u0101 t\u0113rauda, 1 mm biezs Patent\u0113tais s\u0101nu caurumu izvietojums pilda ne tikai est\u0113tisku funkciju, bet ar\u012b \u013cauj izv\u0113l\u0113ties starp sild\u012b\u0161anas intensit\u0101ti. kauss. No\u0146emamais v\u0101ks padara to vienk\u0101r\u0161u un nodro\u0161ina main\u012bgu siltuma p\u0101rvald\u012bbu. Kapuce ir bez roktura, centr\u0101l\u0101 da\u013ca nesilst. Raksturojums: Augstums: 230 mm Pamatnes diametrs: [\u2026]<\/p>","protected":false},"featured_media":23538,"comment_status":"open","ping_status":"closed","template":"","meta":[],"_links":{"self":[{"href":"https:\/\/hookahshop.lt\/lv\/wp-json\/wp\/v2\/product\/23535"}],"collection":[{"href":"https:\/\/hookahshop.lt\/lv\/wp-json\/wp\/v2\/product"}],"about":[{"href":"https:\/\/hookahshop.lt\/lv\/wp-json\/wp\/v2\/types\/product"}],"replies":[{"embeddable":true,"href":"https:\/\/hookahshop.lt\/lv\/wp-json\/wp\/v2\/comments?post=23535"}],"version-history":[{"count":4,"href":"https:\/\/hookahshop.lt\/lv\/wp-json\/wp\/v2\/product\/23535\/revisions"}],"predecessor-version":[{"id":23974,"href":"https:\/\/hookahshop.lt\/lv\/wp-json\/wp\/v2\/product\/23535\/revisions\/23974"}],"wp:featuredmedia":[{"embeddable":true,"href":"https:\/\/hookahshop.lt\/lv\/wp-json\/wp\/v2\/media\/23538"}],"wp:attachment":[{"href":"https:\/\/hookahshop.lt\/lv\/wp-json\/wp\/v2\/media?parent=23535"}],"curies":[{"name":"wp","href":"https:\/\/api.w.org\/{rel}","templated":true}]}}