{"id":23548,"date":"2021-06-01T15:21:05","date_gmt":"2021-06-01T12:21:05","guid":{"rendered":"https:\/\/hookahshop.lt\/?post_type=product&#038;p=23548"},"modified":"2026-05-13T23:29:28","modified_gmt":"2026-05-13T20:29:28","slug":"taurele-kaljanui-arma-classic","status":"publish","type":"product","link":"https:\/\/hookahshop.lt\/lv\/produkt\/kauss-udenspipe-arma-klasika\/","title":{"rendered":"Kauss \u016bdensp\u012bpei ARMA Classic"},"content":{"rendered":"<h2>Kauss \u016bdensp\u012bpei ARMA Classic<\/h2>\n<p>Kr\u016bze ir izgatavota no kvalitat\u012bva, ar rok\u0101m darin\u0101ta m\u0101la.<br \/>\nKr\u016bzes tilpums 15-20 g.<\/p>\n<p><strong>Raksturojums:<\/strong><\/p>\n<p>Augstums: 74mm<br \/>\nDiametrs (\u0101r\u0113jais): 72 mm<br \/>\nDiametrs (iek\u0161\u0113jais): 61mm<br \/>\nDzi\u013cums: 18mm<br \/>\nCauruma diametrs: 7 mm<br \/>\nCaurumu skaits: 6 gab<br \/>\nSvars: apm\u0113ram 170 g.<\/p>\n<p>Vai jums ir k\u0101di jaut\u0101jumi? Sazinies ar mums\u00a0<a href=\"https:\/\/hookahshop.lt\/lv\/kontaktiem\/\">kontaktu lapa<\/a>\u00a0vai rakstiet mums pa e-pastu\u00a0<a href=\"https:\/\/facebook.com\/HookahShop.lt\/\" target=\"_blank\" rel=\"noopener noreferrer\">Facebook konts<\/a>\u00a0un m\u0113s atbild\u0113sim uz j\u016bsu piepras\u012bjumu taj\u0101 pa\u0161\u0101 dien\u0101.<\/p>","protected":false},"excerpt":{"rendered":"<p>Kr\u016bz\u012bte \u016bdensp\u012bpei ARMA Classic Kr\u016bz\u012bte ir izgatavota no kvalitat\u012bva, ar rok\u0101m darin\u0101ta m\u0101la. Kr\u016bzes tilpums 15-20 g. Raksturojums: Augstums: 74mm Diametrs (\u0101r\u0113jais): 72mm Diametrs (iek\u0161\u0113jais): 61mm Dzi\u013cums: 18mm Cauruma diametrs: 7mm Caurumu skaits: 6gab Svars: apm\u0113ram 170g. Vai jums ir k\u0101di jaut\u0101jumi? Sazinieties ar mums kontaktu lap\u0101 vai rakstiet mums uz m\u016bsu Facebook kontu un m\u0113s atbild\u0113sim uz j\u016bsu piepras\u012bjumu taj\u0101 pa\u0161\u0101 dien\u0101.<\/p>","protected":false},"featured_media":23550,"comment_status":"open","ping_status":"closed","template":"","meta":[],"_links":{"self":[{"href":"https:\/\/hookahshop.lt\/lv\/wp-json\/wp\/v2\/product\/23548"}],"collection":[{"href":"https:\/\/hookahshop.lt\/lv\/wp-json\/wp\/v2\/product"}],"about":[{"href":"https:\/\/hookahshop.lt\/lv\/wp-json\/wp\/v2\/types\/product"}],"replies":[{"embeddable":true,"href":"https:\/\/hookahshop.lt\/lv\/wp-json\/wp\/v2\/comments?post=23548"}],"version-history":[{"count":4,"href":"https:\/\/hookahshop.lt\/lv\/wp-json\/wp\/v2\/product\/23548\/revisions"}],"predecessor-version":[{"id":29352,"href":"https:\/\/hookahshop.lt\/lv\/wp-json\/wp\/v2\/product\/23548\/revisions\/29352"}],"wp:featuredmedia":[{"embeddable":true,"href":"https:\/\/hookahshop.lt\/lv\/wp-json\/wp\/v2\/media\/23550"}],"wp:attachment":[{"href":"https:\/\/hookahshop.lt\/lv\/wp-json\/wp\/v2\/media?parent=23548"}],"curies":[{"name":"wp","href":"https:\/\/api.w.org\/{rel}","templated":true}]}}