{"id":23559,"date":"2021-06-01T18:17:39","date_gmt":"2021-06-01T15:17:39","guid":{"rendered":"https:\/\/hookahshop.lt\/?post_type=product&#038;p=23559"},"modified":"2026-04-14T23:29:12","modified_gmt":"2026-04-14T20:29:12","slug":"taurele-kaljanui-arma-mortar","status":"publish","type":"product","link":"https:\/\/hookahshop.lt\/lv\/produkt\/kauss-udenspipe-arma-java\/","title":{"rendered":"Kauss \u016bdensp\u012bpei ARMA Javas"},"content":{"rendered":"<h2>Kauss \u016bdensp\u012bpei ARMA Javas<\/h2>\n<p>Kr\u016bze ir izgatavota no kvalitat\u012bva, ar rok\u0101m darin\u0101ta m\u0101la.<br \/>\nKr\u016bzes tilpums 17-22 g.<\/p>\n<p><strong>Raksturojums:<\/strong><\/p>\n<p>Augstums: 75 mm<br \/>\nDiametrs (\u0101r\u0113jais): 72 mm<br \/>\nDiametrs (iek\u0161\u0113jais): 61mm<br \/>\nDzi\u013cums: 15mm<br \/>\nCauruma diametrs: 7 mm<br \/>\nCaurumu skaits: 6 gab<br \/>\nSvars: apm\u0113ram 175 g<\/p>\n<p>Vai jums ir k\u0101di jaut\u0101jumi? Sazinies ar mums\u00a0<a href=\"https:\/\/hookahshop.lt\/lv\/kontaktiem\/\">kontaktu lapa<\/a>\u00a0vai rakstiet mums pa e-pastu\u00a0<a href=\"https:\/\/facebook.com\/HookahShop.lt\/\" target=\"_blank\" rel=\"noopener noreferrer\">Facebook konts<\/a>\u00a0un m\u0113s atbild\u0113sim uz j\u016bsu piepras\u012bjumu taj\u0101 pa\u0161\u0101 dien\u0101.<\/p>","protected":false},"excerpt":{"rendered":"<p>Kr\u016bz\u012bte \u016bdensp\u012bpei ARMA Mortar Kr\u016bz\u012bte ir izgatavota no kvalitat\u012bva, ar rok\u0101m darin\u0101ta m\u0101la. Kr\u016bzes tilpums 17-22 g. Raksturojums: Augstums: 75mm Diametrs (\u0101r\u0113jais): 72mm Diametrs (iek\u0161\u0113jais): 61mm Dzi\u013cums: 15mm Caurumu diametrs: 7mm Caurumu skaits: 6gab Svars: apm\u0113ram 175g Vai ir k\u0101di jaut\u0101jumi? Sazinieties ar mums kontaktu lap\u0101 vai rakstiet mums uz m\u016bsu Facebook kontu un m\u0113s atbild\u0113sim uz j\u016bsu piepras\u012bjumu taj\u0101 pa\u0161\u0101 dien\u0101.<\/p>","protected":false},"featured_media":23558,"comment_status":"open","ping_status":"closed","template":"","meta":[],"_links":{"self":[{"href":"https:\/\/hookahshop.lt\/lv\/wp-json\/wp\/v2\/product\/23559"}],"collection":[{"href":"https:\/\/hookahshop.lt\/lv\/wp-json\/wp\/v2\/product"}],"about":[{"href":"https:\/\/hookahshop.lt\/lv\/wp-json\/wp\/v2\/types\/product"}],"replies":[{"embeddable":true,"href":"https:\/\/hookahshop.lt\/lv\/wp-json\/wp\/v2\/comments?post=23559"}],"version-history":[{"count":5,"href":"https:\/\/hookahshop.lt\/lv\/wp-json\/wp\/v2\/product\/23559\/revisions"}],"predecessor-version":[{"id":29530,"href":"https:\/\/hookahshop.lt\/lv\/wp-json\/wp\/v2\/product\/23559\/revisions\/29530"}],"wp:featuredmedia":[{"embeddable":true,"href":"https:\/\/hookahshop.lt\/lv\/wp-json\/wp\/v2\/media\/23558"}],"wp:attachment":[{"href":"https:\/\/hookahshop.lt\/lv\/wp-json\/wp\/v2\/media?parent=23559"}],"curies":[{"name":"wp","href":"https:\/\/api.w.org\/{rel}","templated":true}]}}