{"id":23572,"date":"2021-06-01T22:34:10","date_gmt":"2021-06-01T19:34:10","guid":{"rendered":"https:\/\/hookahshop.lt\/?post_type=product&#038;p=23572"},"modified":"2026-05-13T23:29:29","modified_gmt":"2026-05-13T20:29:29","slug":"taurele-kaljanui-arma-wave","status":"publish","type":"product","link":"https:\/\/hookahshop.lt\/lv\/produkt\/kauss-udenspipe-arma-vilnis\/","title":{"rendered":"Kauss \u016bdensp\u012bpei ARMA Wave"},"content":{"rendered":"<h2>Kauss \u016bdensp\u012bpei ARMA Wave<\/h2>\n<p><span style=\"font-weight: 400;\">Kr\u016bze ir izgatavota no kvalitat\u012bva, ar rok\u0101m darin\u0101ta m\u0101la.<\/span><\/p>\n<p><span style=\"font-weight: 400;\">Kr\u016bzes tilpums 15-20g.<\/span><\/p>\n<p><b>Raksturojums:<\/b><br \/>\n<span style=\"font-weight: 400;\">Augstums: 74mm<\/span><br \/>\n<span style=\"font-weight: 400;\">Diametrs (\u0101r\u0113jais): 72 mm<\/span><br \/>\n<span style=\"font-weight: 400;\">Diametrs (iek\u0161\u0113jais): 61mm<\/span><br \/>\n<span style=\"font-weight: 400;\">Dzi\u013cums: 18mm<\/span><br \/>\n<span style=\"font-weight: 400;\">Cauruma diametrs: 7 mm<\/span><br \/>\n<span style=\"font-weight: 400;\">Caurumu skaits: 6 gab<\/span><br \/>\n<span style=\"font-weight: 400;\">Svars: apm\u0113ram 170 g<\/span><\/p>\n<p><span style=\"font-weight: 400;\">Vai jums ir k\u0101di jaut\u0101jumi? Sazinies ar mums <\/span><a href=\"https:\/\/hookahshop.lt\/lv\/kontaktiem\/\"><span style=\"font-weight: 400;\">kontaktu lapa<\/span><\/a><span style=\"font-weight: 400;\"> vai rakstiet mums pa e-pastu <\/span><a href=\"https:\/\/facebook.com\/HookahShop.lt\/\" target=\"_blank\" rel=\"noopener\"><span style=\"font-weight: 400;\">Facebook konts<\/span><\/a><span style=\"font-weight: 400;\"> un m\u0113s atbild\u0113sim uz j\u016bsu piepras\u012bjumu taj\u0101 pa\u0161\u0101 dien\u0101.<\/span><\/p>","protected":false},"excerpt":{"rendered":"<p>Kr\u016bz\u012bte \u016bdensp\u012bpei ARMA Wave Kr\u016bz\u012bte ir izgatavota no kvalitat\u012bva, ar rok\u0101m darin\u0101ta m\u0101la. Kr\u016bzes tilpums 15-20g. Raksturojums: Augstums: 74mm Diametrs (\u0101r\u0113jais): 72mm Diametrs (iek\u0161\u0113jais): 61mm Dzi\u013cums: 18mm Cauruma diametrs: 7mm Caurumu skaits: 6gab Svars: apm\u0113ram 170g Vai ir k\u0101di jaut\u0101jumi? Sazinieties ar mums kontaktu lap\u0101 vai rakstiet mums uz m\u016bsu Facebook kontu, un m\u0113s atbild\u0113sim uz j\u016bsu piepras\u012bjumu [\u2026]<\/p>","protected":false},"featured_media":23573,"comment_status":"open","ping_status":"closed","template":"","meta":[],"_links":{"self":[{"href":"https:\/\/hookahshop.lt\/lv\/wp-json\/wp\/v2\/product\/23572"}],"collection":[{"href":"https:\/\/hookahshop.lt\/lv\/wp-json\/wp\/v2\/product"}],"about":[{"href":"https:\/\/hookahshop.lt\/lv\/wp-json\/wp\/v2\/types\/product"}],"replies":[{"embeddable":true,"href":"https:\/\/hookahshop.lt\/lv\/wp-json\/wp\/v2\/comments?post=23572"}],"version-history":[{"count":9,"href":"https:\/\/hookahshop.lt\/lv\/wp-json\/wp\/v2\/product\/23572\/revisions"}],"predecessor-version":[{"id":29531,"href":"https:\/\/hookahshop.lt\/lv\/wp-json\/wp\/v2\/product\/23572\/revisions\/29531"}],"wp:featuredmedia":[{"embeddable":true,"href":"https:\/\/hookahshop.lt\/lv\/wp-json\/wp\/v2\/media\/23573"}],"wp:attachment":[{"href":"https:\/\/hookahshop.lt\/lv\/wp-json\/wp\/v2\/media?parent=23572"}],"curies":[{"name":"wp","href":"https:\/\/api.w.org\/{rel}","templated":true}]}}