{"id":23587,"date":"2021-06-02T09:50:46","date_gmt":"2021-06-02T06:50:46","guid":{"rendered":"https:\/\/hookahshop.lt\/?post_type=product&#038;p=23587"},"modified":"2026-04-22T23:29:23","modified_gmt":"2026-04-22T20:29:23","slug":"taurele-kaljanui-arma-classic-silicone","status":"publish","type":"product","link":"https:\/\/hookahshop.lt\/lv\/produkt\/kauss-udenspipe-arma-classic-silikona\/","title":{"rendered":"Kauss \u016bdensp\u012bpei ARMA Classic Silicone"},"content":{"rendered":"<h2>Kauss \u016bdensp\u012bpei ARMA Classic Silicone<\/h2>\n<p>Silikona kr\u016bz\u012btei ir klasiska forma ar septi\u0146iem caurumiem &quot;uz vulk\u0101na&quot;. Silikons ir lielisks l\u012bdzeklis m\u0101la kr\u016bz\u0113m, un tam nav nepiecie\u0161amas \u012bpa\u0161as iema\u0146as \u016bdensp\u012bpes gatavo\u0161an\u0101.<br \/>\n<span style=\"font-weight: 400\">Kr\u016bzes tilpums 15-20 g<\/span><\/p>\n<p><b>Raksturojums:<\/b><\/p>\n<p><span style=\"font-weight: 400\">Augstums: 95 mm<\/span><br \/>\n<span style=\"font-weight: 400\">Diametrs (\u0101r\u0113jais): 81 mm<\/span><br \/>\n<span style=\"font-weight: 400\">Diametrs (iek\u0161\u0113jais): 74 mm<\/span><br \/>\n<span style=\"font-weight: 400\">Dzi\u013cums: 21 mm<\/span><br \/>\n<span style=\"font-weight: 400\">Cauruma diametrs: 4 mm<\/span><br \/>\n<span style=\"font-weight: 400\">Caurumu skaits: 7 gab<\/span><br \/>\n<span style=\"font-weight: 400\">Svars: apm\u0113ram 152 g<\/span><\/p>\n<p><span style=\"font-weight: 400\">Vai jums ir k\u0101di jaut\u0101jumi? Sazinies ar mums <\/span><a href=\"https:\/\/hookahshop.lt\/lv\/kontaktiem\/\"><span style=\"font-weight: 400\">kontaktu lapa<\/span><\/a><span style=\"font-weight: 400\"> vai rakstiet mums pa e-pastu <\/span><a href=\"https:\/\/facebook.com\/HookahShop.lt\/\" target=\"_blank\" rel=\"noopener\"><span style=\"font-weight: 400\">Facebook konts<\/span><\/a><span style=\"font-weight: 400\"> un m\u0113s atbild\u0113sim uz j\u016bsu piepras\u012bjumu taj\u0101 pa\u0161\u0101 dien\u0101.<\/span><\/p>\n<h2><\/h2>","protected":false},"excerpt":{"rendered":"<p>\u016adensp\u012bpes kr\u016bze ARMA Classic Silicone Silikona kr\u016bz\u012btei ir klasiska forma ar septi\u0146iem caurumiem &quot;uz vulk\u0101na&quot;. Silikons ir lielisks m\u0101la kausu alternat\u012bvais l\u012bdzeklis, un tam nav nepiecie\u0161amas \u012bpa\u0161as iema\u0146as \u016bdensp\u012bpes gatavo\u0161an\u0101. Kr\u016bzes ietilp\u012bba 15-20 g Paz\u012bmes: Augstums: 95 mm Diametrs (\u0101r\u0113jais): 81 mm Diametrs (iek\u0161\u0113jais): 74 mm Dzi\u013cums: 21 mm Cauruma diametrs: 4 mm Caurumu skaits: 7 gab [\u2026]<\/p>","protected":false},"featured_media":23588,"comment_status":"open","ping_status":"closed","template":"","meta":[],"_links":{"self":[{"href":"https:\/\/hookahshop.lt\/lv\/wp-json\/wp\/v2\/product\/23587"}],"collection":[{"href":"https:\/\/hookahshop.lt\/lv\/wp-json\/wp\/v2\/product"}],"about":[{"href":"https:\/\/hookahshop.lt\/lv\/wp-json\/wp\/v2\/types\/product"}],"replies":[{"embeddable":true,"href":"https:\/\/hookahshop.lt\/lv\/wp-json\/wp\/v2\/comments?post=23587"}],"version-history":[{"count":9,"href":"https:\/\/hookahshop.lt\/lv\/wp-json\/wp\/v2\/product\/23587\/revisions"}],"predecessor-version":[{"id":43007,"href":"https:\/\/hookahshop.lt\/lv\/wp-json\/wp\/v2\/product\/23587\/revisions\/43007"}],"wp:featuredmedia":[{"embeddable":true,"href":"https:\/\/hookahshop.lt\/lv\/wp-json\/wp\/v2\/media\/23588"}],"wp:attachment":[{"href":"https:\/\/hookahshop.lt\/lv\/wp-json\/wp\/v2\/media?parent=23587"}],"curies":[{"name":"wp","href":"https:\/\/api.w.org\/{rel}","templated":true}]}}