{"id":23591,"date":"2021-06-02T11:19:28","date_gmt":"2021-06-02T08:19:28","guid":{"rendered":"https:\/\/hookahshop.lt\/?post_type=product&#038;p=23591"},"modified":"2026-04-15T12:29:13","modified_gmt":"2026-04-15T09:29:13","slug":"taurele-kaljanui-arma-classic-a18","status":"publish","type":"product","link":"https:\/\/hookahshop.lt\/lv\/produkt\/kauss-udenspipe-arma-classic-a18\/","title":{"rendered":"Kauss \u016bdensp\u012bpei ARMA Classic A18"},"content":{"rendered":"<h2>Kauss \u016bdensp\u012bpei ARMA Classic A18<\/h2>\n<p>Silikona kr\u016bz\u012bti sm\u0113\u0137\u0113\u0161anas laik\u0101 var tur\u0113t ar roku, jo t\u0101 nesasilst.<br \/>\n<span style=\"font-weight: 400;\">Kr\u016bzes tilpums 15-20g.<\/span><\/p>\n<p><b>Raksturojums:<\/b><\/p>\n<p><span style=\"font-weight: 400;\">Augstums: 97mm<\/span><br \/>\n<span style=\"font-weight: 400;\">Diametrs (\u0101r\u0113jais): 82 mm<\/span><br \/>\n<span style=\"font-weight: 400;\">Diametrs (iek\u0161\u0113jais): 73 mm<\/span><br \/>\n<span style=\"font-weight: 400;\">Dzi\u013cums: 20mm<\/span><br \/>\n<span style=\"font-weight: 400;\">Cauruma diametrs: 5 mm<\/span><br \/>\n<span style=\"font-weight: 400;\">Caurumu skaits: 7 gab<\/span><br \/>\n<span style=\"font-weight: 400;\">Svars: apm\u0113ram 130 g<\/span><\/p>\n<p><span style=\"font-weight: 400;\">Vai jums ir k\u0101di jaut\u0101jumi? Sazinies ar mums <\/span><a href=\"https:\/\/hookahshop.lt\/lv\/kontaktiem\/\"><span style=\"font-weight: 400;\">kontaktu lapa<\/span><\/a><span style=\"font-weight: 400;\"> vai rakstiet mums pa e-pastu <\/span><a href=\"https:\/\/facebook.com\/HookahShop.lt\/\" target=\"_blank\" rel=\"noopener\"><span style=\"font-weight: 400;\">Facebook konts<\/span><\/a><span style=\"font-weight: 400;\"> un m\u0113s atbild\u0113sim uz j\u016bsu piepras\u012bjumu taj\u0101 pa\u0161\u0101 dien\u0101.<\/span><\/p>","protected":false},"excerpt":{"rendered":"<p>\u016adensp\u012bpes kr\u016bze ARMA Classic A18 Silikona kr\u016bz\u012bti sm\u0113\u0137\u0113jot var pa\u0146emt ar roku, jo t\u0101 nesasilst. Kr\u016bzes tilpums 15-20g. Raksturojums: Augstums: 97mm Diametrs (\u0101r\u0113jais): 82mm Diametrs (iek\u0161\u0113jais): 73mm Dzi\u013cums: 20mm Caurumu diametrs: 5mm Caurumu skaits: 7gab Svars: apm\u0113ram 130g Vai ir k\u0101di jaut\u0101jumi? Sazinieties ar mums kontaktu lap\u0101 vai rakstiet mums uz m\u016bsu Facebook kontu un m\u0113s atbild\u0113sim uz j\u016bsu [\u2026]<\/p>","protected":false},"featured_media":23592,"comment_status":"open","ping_status":"closed","template":"","meta":[],"_links":{"self":[{"href":"https:\/\/hookahshop.lt\/lv\/wp-json\/wp\/v2\/product\/23591"}],"collection":[{"href":"https:\/\/hookahshop.lt\/lv\/wp-json\/wp\/v2\/product"}],"about":[{"href":"https:\/\/hookahshop.lt\/lv\/wp-json\/wp\/v2\/types\/product"}],"replies":[{"embeddable":true,"href":"https:\/\/hookahshop.lt\/lv\/wp-json\/wp\/v2\/comments?post=23591"}],"version-history":[{"count":4,"href":"https:\/\/hookahshop.lt\/lv\/wp-json\/wp\/v2\/product\/23591\/revisions"}],"predecessor-version":[{"id":24007,"href":"https:\/\/hookahshop.lt\/lv\/wp-json\/wp\/v2\/product\/23591\/revisions\/24007"}],"wp:featuredmedia":[{"embeddable":true,"href":"https:\/\/hookahshop.lt\/lv\/wp-json\/wp\/v2\/media\/23592"}],"wp:attachment":[{"href":"https:\/\/hookahshop.lt\/lv\/wp-json\/wp\/v2\/media?parent=23591"}],"curies":[{"name":"wp","href":"https:\/\/api.w.org\/{rel}","templated":true}]}}