{"id":23595,"date":"2021-06-02T11:26:09","date_gmt":"2021-06-02T08:26:09","guid":{"rendered":"https:\/\/hookahshop.lt\/?post_type=product&#038;p=23595"},"modified":"2026-04-15T12:29:13","modified_gmt":"2026-04-15T09:29:13","slug":"taurele-kaljanui-arma-phunnel","status":"publish","type":"product","link":"https:\/\/hookahshop.lt\/lv\/produkt\/kauss-udenspipe-arma-phunnel\/","title":{"rendered":"Kauss \u016bdensp\u012bpei ARMA Phunnel"},"content":{"rendered":"<h2>Kauss \u016bdensp\u012bpei ARMA Phunnel<\/h2>\n<p>Silikona kr\u016bze ir lieliska alternat\u012bva m\u0101la kr\u016bz\u012bt\u0113m un tai nav nepiecie\u0161amas \u012bpa\u0161as iema\u0146as \u016bdensp\u012bpes pagatavo\u0161an\u0101.<br \/>\nKr\u016bzes tilpums 17-22 g.<\/p>\n<p><b>Raksturojums:<\/b><\/p>\n<p>Augstums: 98mm<br \/>\nDiametrs (\u0101r\u0113jais): 79 mm<br \/>\nDiametrs (iek\u0161\u0113jais): 73 mm<br \/>\nDzi\u013cums: 20mm<br \/>\nUrbuma diametrs: 15mm<br \/>\nCaurumu skaits: 1 gab<br \/>\nSvars: apm\u0113ram 132 g<\/p>\n<p>Vai jums ir k\u0101di jaut\u0101jumi? Sazinies ar mums <a href=\"https:\/\/hookahshop.lt\/lv\/kontaktiem\/\"><span style=\"font-weight: 400;\">kontaktu lapa<\/span><\/a><span style=\"font-weight: 400;\"> vai rakstiet mums pa e-pastu <\/span><a href=\"https:\/\/facebook.com\/HookahShop.lt\/\" target=\"_blank\" rel=\"noopener\"><span style=\"font-weight: 400;\">Facebook konts<\/span><\/a><span style=\"font-weight: 400;\"> un m\u0113s atbild\u0113sim uz j\u016bsu piepras\u012bjumu taj\u0101 pa\u0161\u0101 dien\u0101.<\/span><\/p>\n<pre id=\"tw-target-text\" class=\"tw-data-text tw-text-large XcVN5d tw-ta\" data-placeholder=\"Translation\"><\/pre>","protected":false},"excerpt":{"rendered":"<p>\u016adensp\u012bpes kr\u016bze ARMA Phunnel Silikona kr\u016bze ir lieliska alternat\u012bva m\u0101la kr\u016bz\u0113m un neprasa \u012bpa\u0161as iema\u0146as \u016bdensp\u012bpes gatavo\u0161an\u0101. Kr\u016bzes tilpums 17-22 g. Raksturojums: Augstums: 98mm Diametrs (\u0101r\u0113jais): 79mm Diametrs (iek\u0161\u0113jais): 73mm Dzi\u013cums: 20mm Caurumu diametrs: 15mm Caurumu skaits: 1gab Svars: apm\u0113ram 132g Vai ir k\u0101di jaut\u0101jumi? Sazinieties ar mums kontaktu lap\u0101 vai rakstiet mums Facebook [...]<\/p>","protected":false},"featured_media":23596,"comment_status":"open","ping_status":"closed","template":"","meta":[],"_links":{"self":[{"href":"https:\/\/hookahshop.lt\/lv\/wp-json\/wp\/v2\/product\/23595"}],"collection":[{"href":"https:\/\/hookahshop.lt\/lv\/wp-json\/wp\/v2\/product"}],"about":[{"href":"https:\/\/hookahshop.lt\/lv\/wp-json\/wp\/v2\/types\/product"}],"replies":[{"embeddable":true,"href":"https:\/\/hookahshop.lt\/lv\/wp-json\/wp\/v2\/comments?post=23595"}],"version-history":[{"count":7,"href":"https:\/\/hookahshop.lt\/lv\/wp-json\/wp\/v2\/product\/23595\/revisions"}],"predecessor-version":[{"id":43485,"href":"https:\/\/hookahshop.lt\/lv\/wp-json\/wp\/v2\/product\/23595\/revisions\/43485"}],"wp:featuredmedia":[{"embeddable":true,"href":"https:\/\/hookahshop.lt\/lv\/wp-json\/wp\/v2\/media\/23596"}],"wp:attachment":[{"href":"https:\/\/hookahshop.lt\/lv\/wp-json\/wp\/v2\/media?parent=23595"}],"curies":[{"name":"wp","href":"https:\/\/api.w.org\/{rel}","templated":true}]}}