{"id":23651,"date":"2021-06-02T19:23:17","date_gmt":"2021-06-02T16:23:17","guid":{"rendered":"https:\/\/hookahshop.lt\/?post_type=product&#038;p=23651"},"modified":"2026-04-22T23:29:03","modified_gmt":"2026-04-22T20:29:03","slug":"kaljanas-maklaud-x-russian-spirt","status":"publish","type":"product","link":"https:\/\/hookahshop.lt\/lv\/produkt\/udenspipe-maklaud-x-russian-spirt\/","title":{"rendered":"\u016adensp\u012bpe MAKLAUD X Krievu gars"},"content":{"rendered":"<h2>\u016adensp\u012bpe MAKLAUD X Krievu gars<\/h2>\n<p>T\u0101 ir \u016bdensp\u012bpe, kas neatst\u0101s j\u016bs vienaldz\u012bgu. T\u0101 ir \u016bdensp\u012bpe, kas patiks gan pieredz\u0113ju\u0161iem, gan ies\u0101c\u0113jiem. Maklaud \u016bdensp\u012bpes ir slavenas ar savu ori\u0123in\u0101lo dizainu un ekstravagant\u0101m deta\u013c\u0101m. Maklaud X s\u0113rijas dizains ir veidots l\u012bdz s\u012bk\u0101m deta\u013c\u0101m, kas atst\u0101j neizdz\u0113\u0161amu iespaidu. \u0160\u012b \u016bdensp\u012bpe ir izgatavota no iztur\u012bgiem un iztur\u012bgiem materi\u0101liem, lai kalpotu ilgi un nezaud\u0113tu savu s\u0101kotn\u0113jo \u0161armu.<\/p>\n<p><strong>Specifik\u0101cijas:<\/strong><\/p>\n<p>V\u0101rpstas materi\u0101ls: ner\u016bs\u0113jo\u0161ais t\u0113rauds AISI 304<br \/>\nIegremd\u0113t\u0101 v\u0101rpsta: ner\u016bs\u0113jo\u0161ais t\u0113rauds AISI 304<br \/>\nMateri\u0101ls: misi\u0146\u0161<br \/>\nPamata materi\u0101ls: ner\u016bs\u0113jo\u0161ais t\u0113rauds AISI 304<br \/>\nKolbas savienot\u0101js: ner\u016bs\u0113jo\u0161ais t\u0113rauds AISI 304<br \/>\n\u0160\u013c\u016btenes savienojums: ner\u016bs\u0113jo\u0161ais t\u0113rauds AISI 304<br \/>\nV\u0101rpstas augstums: 63 cm<br \/>\nV\u0101rsts: \u0101r\u0113jais<br \/>\nMont\u0101\u017eas sist\u0113ma: starpposma<br \/>\nDifuzors: neregul\u0113jams<br \/>\nKolbas iek\u0161\u0113jais diametrs: 14 mm<\/p>\n<p><strong>Apr\u012bkojums:<\/strong><\/p>\n<p>V\u0101rpsta<br \/>\nPlate<br \/>\nKolbas bl\u012bve<br \/>\nRezerves v\u0101rsta bumbi\u0146a<br \/>\nMaklaud firmas kaste<br \/>\nL\u0101\u010da ieliktnis<\/p>\n<p>Vai jums ir k\u0101di jaut\u0101jumi? Sazinies ar mums\u00a0<a href=\"https:\/\/hookahshop.lt\/lv\/kontaktiem\/\">kontaktu lapa<\/a>\u00a0vai rakstiet mums pa e-pastu\u00a0<a href=\"https:\/\/facebook.com\/HookahShop.lt\/\" target=\"_blank\" rel=\"noopener noreferrer\">Facebook konts<\/a>\u00a0un m\u0113s atbild\u0113sim uz j\u016bsu piepras\u012bjumu taj\u0101 pa\u0161\u0101 dien\u0101.<\/p>","protected":false},"excerpt":{"rendered":"<p>\u016adensp\u012bpe MAKLAUD X Russian Spirit \u0160\u012b ir \u016bdensp\u012bpe, kas neatst\u0101s vienaldz\u012bgu nevienu. \u0160\u012b ir \u016bdensp\u012bpe, kas patiks gan pieredz\u0113ju\u0161iem, gan ies\u0101c\u0113jiem lietot\u0101jiem. Maklaud \u016bdensp\u012bpes ir slavenas ar savu ori\u0123in\u0101lo dizainu un ekstravagantaj\u0101m deta\u013c\u0101m. Maklaud X s\u0113rijas dizains ir p\u0101rdom\u0101ts l\u012bdz viss\u012bk\u0101kaj\u0101m deta\u013c\u0101m, kas atst\u0101j neizdz\u0113\u0161amu iespaidu. \u0160\u012b \u016bdensp\u012bpe ir izgatavota no iztur\u012bgiem un ilgm\u016b\u017e\u012bgiem materi\u0101liem, lai kalpotu ilgi un nezaud\u0113tu savu [\u2026]<\/p>","protected":false},"featured_media":23652,"comment_status":"open","ping_status":"closed","template":"","meta":[],"_links":{"self":[{"href":"https:\/\/hookahshop.lt\/lv\/wp-json\/wp\/v2\/product\/23651"}],"collection":[{"href":"https:\/\/hookahshop.lt\/lv\/wp-json\/wp\/v2\/product"}],"about":[{"href":"https:\/\/hookahshop.lt\/lv\/wp-json\/wp\/v2\/types\/product"}],"replies":[{"embeddable":true,"href":"https:\/\/hookahshop.lt\/lv\/wp-json\/wp\/v2\/comments?post=23651"}],"version-history":[{"count":4,"href":"https:\/\/hookahshop.lt\/lv\/wp-json\/wp\/v2\/product\/23651\/revisions"}],"predecessor-version":[{"id":41488,"href":"https:\/\/hookahshop.lt\/lv\/wp-json\/wp\/v2\/product\/23651\/revisions\/41488"}],"wp:featuredmedia":[{"embeddable":true,"href":"https:\/\/hookahshop.lt\/lv\/wp-json\/wp\/v2\/media\/23652"}],"wp:attachment":[{"href":"https:\/\/hookahshop.lt\/lv\/wp-json\/wp\/v2\/media?parent=23651"}],"curies":[{"name":"wp","href":"https:\/\/api.w.org\/{rel}","templated":true}]}}