{"id":23714,"date":"2021-06-04T09:53:31","date_gmt":"2021-06-04T06:53:31","guid":{"rendered":"https:\/\/hookahshop.lt\/?post_type=product&#038;p=23714"},"modified":"2026-04-08T13:49:42","modified_gmt":"2026-04-08T10:49:42","slug":"sepetelis-kaljano-sachtai-al-mani-90cm","status":"publish","type":"product","link":"https:\/\/hookahshop.lt\/lv\/produkt\/udenspipe-udenspipe-sledzenes-al-mani-90cm\/","title":{"rendered":"Birst\u012bte \u0101\u0137a \u0101\u0137im AL-MANI 90cm"},"content":{"rendered":"<h2>Birst\u012bte \u0101\u0137a \u0101\u0137im AL-MANI 90cm<\/h2>\n<p>Birst\u012bte paredz\u0113ta \u016bdensp\u012bpes k\u0101ta t\u012br\u012b\u0161anai, to ieteicams lietot kop\u0101 ar t\u012br\u012b\u0161anas l\u012bdzek\u013ciem. Izstiepjas un pal\u012bdz not\u012br\u012bt visus net\u012brumus.<\/p>\n<p>K\u0101p\u0113c ir svar\u012bgi t\u012br\u012bt \u016bdensp\u012bpes k\u0101tu?<br \/>\nIzmantojot \u016bdensp\u012bpi, kait\u012bg\u0101s vielas d\u016bmos nos\u0113\u017eas uz \u0161ahtas sien\u0101m. Nikot\u012bns, og\u013cu deg\u0161anas produkti, tabakas atlieku arom\u0101ts, kas izmantots iepriek\u0161\u0113j\u0101s sm\u0113\u0137\u0113\u0161anas sesij\u0101s un t\u0101 t\u0101l\u0101k. Kait\u012bgas vielas nav labv\u0113l\u012bgas j\u016bsu vesel\u012bbai. Un sve\u0161i arom\u0101ti ne\u013caus piln\u012bb\u0101 izbaud\u012bt \u016bdensp\u012bpi. T\u0101p\u0113c ir svar\u012bgi katru reizi t\u012br\u012bt \u016bdensp\u012bpes k\u0101tu.<br \/>\nIde\u0101l\u0101 gad\u012bjum\u0101 not\u012briet \u016bdensp\u012bpes k\u0101tu \u2013 p\u0113c katras \u016bdensp\u012bpes lieto\u0161anas reizes.<\/p>\n<p><strong>J\u016bs varat izv\u0113l\u0113ties v\u0113lamo otas kr\u0101su, ierakstot kr\u0101su sada\u013c\u0101 &quot;Piez\u012bmes&quot;: zila vai sarkana.<\/strong><\/p>\n<p>Vai jums ir k\u0101di jaut\u0101jumi? Sazinies ar mums\u00a0<a href=\"https:\/\/hookahshop.lt\/lv\/kontaktiem\/\">kontaktu lapa<\/a>\u00a0vai rakstiet mums pa e-pastu\u00a0<a href=\"https:\/\/facebook.com\/HookahShop.lt\/\" target=\"_blank\" rel=\"noopener noreferrer\">Facebook konts<\/a>\u00a0un m\u0113s atbild\u0113sim uz j\u016bsu piepras\u012bjumu taj\u0101 pa\u0161\u0101 dien\u0101.<\/p>","protected":false},"excerpt":{"rendered":"<p>Birste \u016bdensp\u012bpes k\u0101tam AL-MANI 90cm Birst\u012bte paredz\u0113ta \u016bdensp\u012bpes k\u0101ta t\u012br\u012b\u0161anai, ieteicams lietot kop\u0101 ar t\u012br\u012b\u0161anas l\u012bdzek\u013ciem. Sasniedz un pal\u012bdz not\u012br\u012bt visus net\u012brumus. K\u0101p\u0113c ir svar\u012bgi t\u012br\u012bt \u016bdensp\u012bpes k\u0101tu? Izmantojot \u016bdensp\u012bpi, kait\u012bg\u0101s vielas d\u016bmos nos\u0113\u017eas uz \u0161ahtas sien\u0101m. Nikot\u012bna arom\u0101ts, og\u013cu sadeg\u0161anas produkti, tabakas atliekas, kas tika izmantotas iepriek\u0161\u0113j\u0101s sm\u0113\u0137\u0113\u0161anas sesij\u0101s utt. Kait\u012bgas vielas nav [\u2026]<\/p>","protected":false},"featured_media":23715,"comment_status":"open","ping_status":"closed","template":"","meta":[],"_links":{"self":[{"href":"https:\/\/hookahshop.lt\/lv\/wp-json\/wp\/v2\/product\/23714"}],"collection":[{"href":"https:\/\/hookahshop.lt\/lv\/wp-json\/wp\/v2\/product"}],"about":[{"href":"https:\/\/hookahshop.lt\/lv\/wp-json\/wp\/v2\/types\/product"}],"replies":[{"embeddable":true,"href":"https:\/\/hookahshop.lt\/lv\/wp-json\/wp\/v2\/comments?post=23714"}],"version-history":[{"count":6,"href":"https:\/\/hookahshop.lt\/lv\/wp-json\/wp\/v2\/product\/23714\/revisions"}],"predecessor-version":[{"id":34112,"href":"https:\/\/hookahshop.lt\/lv\/wp-json\/wp\/v2\/product\/23714\/revisions\/34112"}],"wp:featuredmedia":[{"embeddable":true,"href":"https:\/\/hookahshop.lt\/lv\/wp-json\/wp\/v2\/media\/23715"}],"wp:attachment":[{"href":"https:\/\/hookahshop.lt\/lv\/wp-json\/wp\/v2\/media?parent=23714"}],"curies":[{"name":"wp","href":"https:\/\/api.w.org\/{rel}","templated":true}]}}