{"id":23724,"date":"2021-06-04T10:05:43","date_gmt":"2021-06-04T07:05:43","guid":{"rendered":"https:\/\/hookahshop.lt\/?post_type=product&#038;p=23724"},"modified":"2026-04-17T16:33:28","modified_gmt":"2026-04-17T13:33:28","slug":"znyples-anglims-al-mani-guardian-gold","status":"publish","type":"product","link":"https:\/\/hookahshop.lt\/lv\/produkt\/nickles-carbon-al-mani-aizbildnis-zelts\/","title":{"rendered":"\u016adensp\u012bpes kokogles knaibles AL-MANI Guardian Gold"},"content":{"rendered":"<h2><span data-sheets-value=\"{&quot;1&quot;:2,&quot;2&quot;:&quot;\u017dnypl\u0117s kaljano anglims AL-MANI Guardian Gold&quot;}\">\u016adensp\u012bpes kokogles knaibles AL-MANI Guardian Gold<\/span><\/h2>\n<p>Knaibles ir paredz\u0113tas \u016bdensp\u012bpes og\u013cu pa\u0146em\u0161anai. Elast\u012bgs.<br \/>\nIzm\u0113ri: 24x4cm<br \/>\nKr\u0101sa: Zelta<\/p>\n<p><span style=\"font-weight: 400\">Vai jums ir k\u0101di jaut\u0101jumi? Sazinies ar mums <\/span><a href=\"https:\/\/hookahshop.lt\/lv\/kontaktiem\/\"><span style=\"font-weight: 400\">kontaktu lapa<\/span><\/a><span style=\"font-weight: 400\"> vai rakstiet mums pa e-pastu <\/span><a href=\"https:\/\/facebook.com\/HookahShop.lt\/\" target=\"_blank\" rel=\"noopener\"><span style=\"font-weight: 400\">Facebook konts<\/span><\/a><span style=\"font-weight: 400\"> un m\u0113s atbild\u0113sim uz j\u016bsu piepras\u012bjumu taj\u0101 pa\u0161\u0101 dien\u0101.<\/span><\/p>\n<p>&nbsp;<\/p>","protected":false},"excerpt":{"rendered":"<p>Knaibles \u016bdensp\u012bpes ogl\u0113m AL-MANI Guardian Gold Pliers ir paredz\u0113tas \u016bdensp\u012bpes og\u013cu \u0146em\u0161anai. Elast\u012bgs. Izm\u0113ri: 24x4cm Kr\u0101sa: Zelta Vai jums ir k\u0101di jaut\u0101jumi? Sazinieties ar mums kontaktu lap\u0101 vai rakstiet mums uz m\u016bsu Facebook kontu un m\u0113s atbild\u0113sim uz j\u016bsu piepras\u012bjumu taj\u0101 pa\u0161\u0101 dien\u0101. &nbsp;<\/p>","protected":false},"featured_media":23942,"comment_status":"open","ping_status":"closed","template":"","meta":[],"_links":{"self":[{"href":"https:\/\/hookahshop.lt\/lv\/wp-json\/wp\/v2\/product\/23724"}],"collection":[{"href":"https:\/\/hookahshop.lt\/lv\/wp-json\/wp\/v2\/product"}],"about":[{"href":"https:\/\/hookahshop.lt\/lv\/wp-json\/wp\/v2\/types\/product"}],"replies":[{"embeddable":true,"href":"https:\/\/hookahshop.lt\/lv\/wp-json\/wp\/v2\/comments?post=23724"}],"version-history":[{"count":9,"href":"https:\/\/hookahshop.lt\/lv\/wp-json\/wp\/v2\/product\/23724\/revisions"}],"predecessor-version":[{"id":33600,"href":"https:\/\/hookahshop.lt\/lv\/wp-json\/wp\/v2\/product\/23724\/revisions\/33600"}],"wp:featuredmedia":[{"embeddable":true,"href":"https:\/\/hookahshop.lt\/lv\/wp-json\/wp\/v2\/media\/23942"}],"wp:attachment":[{"href":"https:\/\/hookahshop.lt\/lv\/wp-json\/wp\/v2\/media?parent=23724"}],"curies":[{"name":"wp","href":"https:\/\/api.w.org\/{rel}","templated":true}]}}