{"id":23732,"date":"2021-06-04T10:11:28","date_gmt":"2021-06-04T07:11:28","guid":{"rendered":"https:\/\/hookahshop.lt\/?post_type=product&#038;p=23732"},"modified":"2026-04-15T23:29:07","modified_gmt":"2026-04-15T20:29:07","slug":"lentele-tabako-pjaustymui-totem-red-surf","status":"publish","type":"product","link":"https:\/\/hookahshop.lt\/lv\/produkt\/galds-tabakas-griesanas-totem-sarkans-surf\/","title":{"rendered":"Tabula tabakas grie\u0161anai TOTEM Red Surf"},"content":{"rendered":"<h2>Tabula tabakas grie\u0161anai TOTEM Red Surf<\/h2>\n<p>Materi\u0101ls: koks ar epoks\u012bda apdari<br \/>\nIzm\u0113ri: 28x18 cm<br \/>\nKr\u0101sa: sarkana<\/p>\n<p>&nbsp;<\/p>\n<p><span style=\"font-weight: 400\">Vai jums ir k\u0101di jaut\u0101jumi? Sazinies ar mums <\/span><a href=\"https:\/\/hookahshop.lt\/lv\/kontaktiem\/\"><span style=\"font-weight: 400\">kontaktu lapa<\/span><\/a><span style=\"font-weight: 400\"> vai rakstiet mums pa e-pastu <\/span><a href=\"https:\/\/facebook.com\/HookahShop.lt\/\" target=\"_blank\" rel=\"noopener\"><span style=\"font-weight: 400\">Facebook konts<\/span><\/a><span style=\"font-weight: 400\"> un m\u0113s atbild\u0113sim uz j\u016bsu piepras\u012bjumu taj\u0101 pa\u0161\u0101 dien\u0101.<\/span><\/p>","protected":false},"excerpt":{"rendered":"<p>Tabakas grie\u0161anas galds TOTEM Red Surf Materi\u0101ls: koks ar epoks\u012bda apdari Izm\u0113ri: 28x18cm Kr\u0101sa: Sarkana Vai jums ir k\u0101di jaut\u0101jumi? Sazinieties ar mums kontaktu lap\u0101 vai rakstiet mums uz m\u016bsu Facebook kontu un m\u0113s atbild\u0113sim uz j\u016bsu piepras\u012bjumu taj\u0101 pa\u0161\u0101 dien\u0101.<\/p>","protected":false},"featured_media":23733,"comment_status":"open","ping_status":"closed","template":"","meta":[],"_links":{"self":[{"href":"https:\/\/hookahshop.lt\/lv\/wp-json\/wp\/v2\/product\/23732"}],"collection":[{"href":"https:\/\/hookahshop.lt\/lv\/wp-json\/wp\/v2\/product"}],"about":[{"href":"https:\/\/hookahshop.lt\/lv\/wp-json\/wp\/v2\/types\/product"}],"replies":[{"embeddable":true,"href":"https:\/\/hookahshop.lt\/lv\/wp-json\/wp\/v2\/comments?post=23732"}],"version-history":[{"count":9,"href":"https:\/\/hookahshop.lt\/lv\/wp-json\/wp\/v2\/product\/23732\/revisions"}],"predecessor-version":[{"id":34664,"href":"https:\/\/hookahshop.lt\/lv\/wp-json\/wp\/v2\/product\/23732\/revisions\/34664"}],"wp:featuredmedia":[{"embeddable":true,"href":"https:\/\/hookahshop.lt\/lv\/wp-json\/wp\/v2\/media\/23733"}],"wp:attachment":[{"href":"https:\/\/hookahshop.lt\/lv\/wp-json\/wp\/v2\/media?parent=23732"}],"curies":[{"name":"wp","href":"https:\/\/api.w.org\/{rel}","templated":true}]}}