{"id":23736,"date":"2021-06-04T10:19:02","date_gmt":"2021-06-04T07:19:02","guid":{"rendered":"https:\/\/hookahshop.lt\/?post_type=product&#038;p=23736"},"modified":"2026-04-19T23:29:25","modified_gmt":"2026-04-19T20:29:25","slug":"termo-puodelis-hoob-rose-gold","status":"publish","type":"product","link":"https:\/\/hookahshop.lt\/lv\/produkt\/termo-kauss-hob-rozes-zelts\/","title":{"rendered":"Termo kauss HOOB Rose Gold"},"content":{"rendered":"<h2><strong>Termo kauss HOOB Rose Gold<\/strong><\/h2>\n<p>Termokr\u016bze ar salmiem karstiem un aukstiem dz\u0113rieniem.<br \/>\nDubult\u0101s sienas izol\u0101cija saglab\u0101 dz\u0113rienu karstumu ilg\u0101k.<br \/>\nVidei draudz\u012bgs un mazg\u0101jams trauku ma\u0161\u012bn\u0101.<br \/>\nAizz\u012bmogots, 500 ml. jaudu<br \/>\nKr\u0101sa ir roz\u0101 zelta.<\/p>\n<p><span style=\"font-weight: 400;\">Vai jums ir k\u0101di jaut\u0101jumi? Sazinies ar mums <\/span><a href=\"https:\/\/hookahshop.lt\/lv\/kontaktiem\/\"><span style=\"font-weight: 400;\">kontaktu lapa<\/span><\/a><span style=\"font-weight: 400;\"> vai rakstiet mums pa e-pastu <\/span><a href=\"https:\/\/facebook.com\/HookahShop.lt\/\" target=\"_blank\" rel=\"noopener\"><span style=\"font-weight: 400;\">Facebook konts<\/span><\/a><span style=\"font-weight: 400;\"> un m\u0113s atbild\u0113sim uz j\u016bsu piepras\u012bjumu taj\u0101 pa\u0161\u0101 dien\u0101.<\/span><\/p>","protected":false},"excerpt":{"rendered":"<p>Termokr\u016bze HOOB Rose Gold Termokr\u016bze ar salmi\u0146iem karstiem un aukstiem dz\u0113rieniem. Dubultsienu izol\u0101cija saglab\u0101 dz\u0113rienu karstumu ilg\u0101k. Videi draudz\u012bgs un mazg\u0101jams trauku ma\u0161\u012bn\u0101. Aizz\u012bmogots, 500 ml. jaudu Kr\u0101sa ir roz\u0101 zelta. Vai jums ir k\u0101di jaut\u0101jumi? Sazinieties ar mums kontaktu lap\u0101 vai rakstiet mums uz m\u016bsu Facebook kontu, un m\u0113s atbild\u0113sim uz j\u016bsu piepras\u012bjumu [...]<\/p>","protected":false},"featured_media":23737,"comment_status":"open","ping_status":"closed","template":"","meta":[],"_links":{"self":[{"href":"https:\/\/hookahshop.lt\/lv\/wp-json\/wp\/v2\/product\/23736"}],"collection":[{"href":"https:\/\/hookahshop.lt\/lv\/wp-json\/wp\/v2\/product"}],"about":[{"href":"https:\/\/hookahshop.lt\/lv\/wp-json\/wp\/v2\/types\/product"}],"replies":[{"embeddable":true,"href":"https:\/\/hookahshop.lt\/lv\/wp-json\/wp\/v2\/comments?post=23736"}],"version-history":[{"count":9,"href":"https:\/\/hookahshop.lt\/lv\/wp-json\/wp\/v2\/product\/23736\/revisions"}],"predecessor-version":[{"id":43553,"href":"https:\/\/hookahshop.lt\/lv\/wp-json\/wp\/v2\/product\/23736\/revisions\/43553"}],"wp:featuredmedia":[{"embeddable":true,"href":"https:\/\/hookahshop.lt\/lv\/wp-json\/wp\/v2\/media\/23737"}],"wp:attachment":[{"href":"https:\/\/hookahshop.lt\/lv\/wp-json\/wp\/v2\/media?parent=23736"}],"curies":[{"name":"wp","href":"https:\/\/api.w.org\/{rel}","templated":true}]}}