{"id":23739,"date":"2021-06-04T10:21:39","date_gmt":"2021-06-04T07:21:39","guid":{"rendered":"https:\/\/hookahshop.lt\/?post_type=product&#038;p=23739"},"modified":"2026-04-06T23:29:16","modified_gmt":"2026-04-06T20:29:16","slug":"termo-puodelis-hoob-bronze","status":"publish","type":"product","link":"https:\/\/hookahshop.lt\/lv\/produkt\/termo-kruze-hob-bronza\/","title":{"rendered":"Termo kauss HOOB Bronza"},"content":{"rendered":"<h2>Termo kauss HOOB Bronza<\/h2>\n<p>Termokr\u016bze ar salmiem karstiem un aukstiem dz\u0113rieniem.<br \/>\nDubult\u0101s sienas izol\u0101cija saglab\u0101 dz\u0113rienu karstumu ilg\u0101k.<br \/>\nVidei draudz\u012bgs un mazg\u0101jams trauku ma\u0161\u012bn\u0101.<br \/>\nAizz\u012bmogots, 500 ml. jaudu<br \/>\nKr\u0101sa ir bronza.<\/p>\n<p>Vai jums ir k\u0101di jaut\u0101jumi? Sazinies ar mums<a href=\"https:\/\/hookahshop.lt\/lv\/kontaktiem\/\"> kontaktu lapa<\/a> vai rakstiet mums pa e-pastu<a href=\"https:\/\/facebook.com\/HookahShop.lt\/\" target=\"_blank\" rel=\"noopener\"> Facebook konts<\/a> un m\u0113s atbild\u0113sim uz j\u016bsu piepras\u012bjumu taj\u0101 pa\u0161\u0101 dien\u0101.<\/p>","protected":false},"excerpt":{"rendered":"<p>Termokr\u016bze HOOB Bronze Thermo kr\u016bze ar salmi\u0146iem karstiem un aukstiem dz\u0113rieniem. Dubult\u0101s sienas izol\u0101cija saglab\u0101 dz\u0113rienu karstumu ilg\u0101k. Videi draudz\u012bgs un mazg\u0101jams trauku ma\u0161\u012bn\u0101. Aizz\u012bmogots, 500 ml. jaudu Kr\u0101sa ir bronza. Vai jums ir k\u0101di jaut\u0101jumi? Sazinieties ar mums kontaktu lap\u0101 vai rakstiet mums uz m\u016bsu Facebook kontu un m\u0113s atbild\u0113sim uz j\u016bsu piepras\u012bjumu taj\u0101 pa\u0161\u0101 dien\u0101.<\/p>","protected":false},"featured_media":23737,"comment_status":"open","ping_status":"closed","template":"","meta":[],"_links":{"self":[{"href":"https:\/\/hookahshop.lt\/lv\/wp-json\/wp\/v2\/product\/23739"}],"collection":[{"href":"https:\/\/hookahshop.lt\/lv\/wp-json\/wp\/v2\/product"}],"about":[{"href":"https:\/\/hookahshop.lt\/lv\/wp-json\/wp\/v2\/types\/product"}],"replies":[{"embeddable":true,"href":"https:\/\/hookahshop.lt\/lv\/wp-json\/wp\/v2\/comments?post=23739"}],"version-history":[{"count":2,"href":"https:\/\/hookahshop.lt\/lv\/wp-json\/wp\/v2\/product\/23739\/revisions"}],"predecessor-version":[{"id":23858,"href":"https:\/\/hookahshop.lt\/lv\/wp-json\/wp\/v2\/product\/23739\/revisions\/23858"}],"wp:featuredmedia":[{"embeddable":true,"href":"https:\/\/hookahshop.lt\/lv\/wp-json\/wp\/v2\/media\/23737"}],"wp:attachment":[{"href":"https:\/\/hookahshop.lt\/lv\/wp-json\/wp\/v2\/media?parent=23739"}],"curies":[{"name":"wp","href":"https:\/\/api.w.org\/{rel}","templated":true}]}}