{"id":23762,"date":"2021-06-04T10:40:35","date_gmt":"2021-06-04T07:40:35","guid":{"rendered":"https:\/\/hookahshop.lt\/?post_type=product&#038;p=23762"},"modified":"2026-04-16T10:21:14","modified_gmt":"2026-04-16T07:21:14","slug":"taurele-kaljanui-bigmaks-king-starry-night","status":"publish","type":"product","link":"https:\/\/hookahshop.lt\/lv\/produkt\/kauss-for-udenspipe-bigmaks-karala-zvaigznota-nakts\/","title":{"rendered":"Kauss \u016bdensp\u012bpei BIGMAKS King Starry Night"},"content":{"rendered":"<h2>Kauss \u016bdensp\u012bpei BIGMAKS King Starry Night<\/h2>\n<p>\u0160\u012b ir unik\u0101la BigMaks kr\u016bze ar picai l\u012bdz\u012bgu iek\u0161pusi. \u0160\u012bs picas veidnes ir paaugstin\u0101tas un t\u0101d\u0113j\u0101di atdal\u012btas viena no otras, lai \u013cautu \u016bdensp\u012bpes mais\u012bjuma s\u012brupam iepl\u016bst nes\u0113j\u0101. T\u0101d\u0101 veid\u0101 s\u012brups paliek \u016bdensp\u012bpes tas\u012bt\u0113 un neietilpst kolb\u0101. \u0160\u012b kr\u016bze ir paredz\u0113ta ilg\u0101kai sm\u0113\u0137\u0113\u0161anas sesijai un intens\u012bv\u0101kam d\u016bmam, jo \u016bdensp\u012bpes mais\u012bjums neiz\u017e\u016bst, sal\u012bdzinot ar cit\u0101m tas\u012bt\u0113m.<\/p>\n<p>\u0160im kausam ir jauna King forma - tas nav ne piltuve, ne tirk\u012bzs.<br \/>\nTabakas tase satur 18-25 g.<\/p>\n<p>&nbsp;<\/p>\n<p><span style=\"font-weight: 400;\">Vai jums ir k\u0101di jaut\u0101jumi? Sazinies ar mums <\/span><a href=\"https:\/\/hookahshop.lt\/lv\/kontaktiem\/\"><span style=\"font-weight: 400;\">kontaktu lapa<\/span><\/a><span style=\"font-weight: 400;\"> vai rakstiet mums pa e-pastu <\/span><a href=\"https:\/\/facebook.com\/HookahShop.lt\/\" target=\"_blank\" rel=\"noopener\"><span style=\"font-weight: 400;\">Facebook konts<\/span><\/a><span style=\"font-weight: 400;\"> un m\u0113s atbild\u0113sim uz j\u016bsu piepras\u012bjumu taj\u0101 pa\u0161\u0101 dien\u0101.<\/span><\/p>","protected":false},"excerpt":{"rendered":"<p>\u016adensp\u012bpes kr\u016bze BIGMAKS King Starry Night \u0160\u012b ir unik\u0101la BigMaks kr\u016bze, kuras iek\u0161puse atg\u0101dina picas formu. \u0160\u012bs picas pannas ir paceltas un atdal\u012btas viena no otras t\u0101d\u0101 veid\u0101, lai \u016bdensp\u012bpes mais\u012bjuma s\u012brups var\u0113tu iepl\u016bst barotn\u0113. T\u0101d\u0101 veid\u0101 s\u012brups paliek \u016bdensp\u012bpes kaus\u0101 un neietilpst kolb\u0101. \u0160\u012b b\u013coda ir paredz\u0113ta ilg\u0101kai sm\u0113\u0137\u0113\u0161anai un invaz\u012bv\u0101kiem d\u016bmiem, jo \u016bdensp\u012bpes mais\u012bjums [\u2026]<\/p>","protected":false},"featured_media":23903,"comment_status":"open","ping_status":"closed","template":"","meta":[],"_links":{"self":[{"href":"https:\/\/hookahshop.lt\/lv\/wp-json\/wp\/v2\/product\/23762"}],"collection":[{"href":"https:\/\/hookahshop.lt\/lv\/wp-json\/wp\/v2\/product"}],"about":[{"href":"https:\/\/hookahshop.lt\/lv\/wp-json\/wp\/v2\/types\/product"}],"replies":[{"embeddable":true,"href":"https:\/\/hookahshop.lt\/lv\/wp-json\/wp\/v2\/comments?post=23762"}],"version-history":[{"count":10,"href":"https:\/\/hookahshop.lt\/lv\/wp-json\/wp\/v2\/product\/23762\/revisions"}],"predecessor-version":[{"id":45201,"href":"https:\/\/hookahshop.lt\/lv\/wp-json\/wp\/v2\/product\/23762\/revisions\/45201"}],"wp:featuredmedia":[{"embeddable":true,"href":"https:\/\/hookahshop.lt\/lv\/wp-json\/wp\/v2\/media\/23903"}],"wp:attachment":[{"href":"https:\/\/hookahshop.lt\/lv\/wp-json\/wp\/v2\/media?parent=23762"}],"curies":[{"name":"wp","href":"https:\/\/api.w.org\/{rel}","templated":true}]}}