{"id":23779,"date":"2021-06-04T10:52:51","date_gmt":"2021-06-04T07:52:51","guid":{"rendered":"https:\/\/hookahshop.lt\/?post_type=product&#038;p=23779"},"modified":"2026-04-24T23:29:26","modified_gmt":"2026-04-24T20:29:26","slug":"taurele-kaljanui-japona-hookah-killer-black","status":"publish","type":"product","link":"https:\/\/hookahshop.lt\/lv\/produkt\/kauss-for-udenspipe-japanu-udenspipes-killer-melns\/","title":{"rendered":"\u016adensp\u012bpes kr\u016bze JAPONA HOOKAH Killer Black"},"content":{"rendered":"<h2><span data-sheets-value=\"{&quot;1&quot;:2,&quot;2&quot;:&quot;Taurel\u0117 kaljanui JAPONA HOOKAH Killer Black&quot;}\" data-sheets-textstyleruns=\"{&quot;1&quot;:0}\uee10{&quot;1&quot;:37,&quot;2&quot;:{&quot;2&quot;:{&quot;1&quot;:3,&quot;3&quot;:1},&quot;3&quot;:&quot;Calibri&quot;,&quot;4&quot;:11,&quot;5&quot;:1}}\">\u016adensp\u012bpes kr\u016bze JAPONA HOOKAH Killer Black<\/span><\/h2>\n<p>\u0160is kauss ir slavens vis\u0101 pasaul\u0113 ar savu graciozo tekst\u016bru un p\u012bto virvi.<br \/>\nKiller kr\u016bze ir izgatavota no sarkan\u0101 m\u0101la, un tai ir plakans dibens un biezas malas, kas vienm\u0113r\u012bgi sasilda un atkl\u0101j tabakas gar\u0161u. \u0160\u012b forma ir lieliski piem\u0113rota cietam iepakojumam. Kr\u016bz\u012btes tilpums ir aptuveni 15 -17 grami.<br \/>\nJap\u0101nas \u016bdensp\u012bpes slepkavas kauss ir iepakots z\u012bmola koka d\u0101vanu iesai\u0146ojum\u0101.<\/p>\n<p>Specifik\u0101cijas:<br \/>\nAugstums: 110 mm<br \/>\nDiametrs (\u0101r\u0113jais): 72 mm<br \/>\nDiametrs (iek\u0161\u0113jais): 62 mm<br \/>\nDzi\u013cums: 16 mm<br \/>\nCauruma diametrs: 10 mm<br \/>\nCaurumu skaits: 5 gab<br \/>\nSvars: apm\u0113ram 200 g.<\/p>\n<p>Vai jums ir k\u0101di jaut\u0101jumi? Sazinies ar mums\u00a0<a href=\"https:\/\/hookahshop.lt\/lv\/kontaktiem\/\">kontaktu lapa<\/a>\u00a0vai rakstiet mums pa e-pastu\u00a0<a href=\"https:\/\/facebook.com\/HookahShop.lt\/\" target=\"_blank\" rel=\"noopener noreferrer\">Facebook konts<\/a>\u00a0un m\u0113s atbild\u0113sim uz j\u016bsu piepras\u012bjumu taj\u0101 pa\u0161\u0101 dien\u0101.<\/p>","protected":false},"excerpt":{"rendered":"<p>\u016adensp\u012bpes kr\u016bze JAPAN HOOKAH Killer Black \u0160is kr\u016bz\u012bte ir slavena vis\u0101 pasaul\u0113, ar graciozu tekst\u016bru un p\u012bto virvi. Killer kauss ir izgatavots no sarkan\u0101 m\u0101la, un tam ir plakans dibens un biezas malas, kas vienm\u0113r\u012bgi silda un atkl\u0101j tabakas gar\u0161u. \u0160\u012b forma ir lieliski piem\u0113rota cietam iepakojumam. Kr\u016bzes tilpums ir aptuveni 15-17 grami. Jap\u0101nas \u016bdensp\u012bpes slepkavas kr\u016bze ir iepakota z\u012bmola [\u2026]<\/p>","protected":false},"featured_media":23831,"comment_status":"open","ping_status":"closed","template":"","meta":[],"_links":{"self":[{"href":"https:\/\/hookahshop.lt\/lv\/wp-json\/wp\/v2\/product\/23779"}],"collection":[{"href":"https:\/\/hookahshop.lt\/lv\/wp-json\/wp\/v2\/product"}],"about":[{"href":"https:\/\/hookahshop.lt\/lv\/wp-json\/wp\/v2\/types\/product"}],"replies":[{"embeddable":true,"href":"https:\/\/hookahshop.lt\/lv\/wp-json\/wp\/v2\/comments?post=23779"}],"version-history":[{"count":5,"href":"https:\/\/hookahshop.lt\/lv\/wp-json\/wp\/v2\/product\/23779\/revisions"}],"predecessor-version":[{"id":32446,"href":"https:\/\/hookahshop.lt\/lv\/wp-json\/wp\/v2\/product\/23779\/revisions\/32446"}],"wp:featuredmedia":[{"embeddable":true,"href":"https:\/\/hookahshop.lt\/lv\/wp-json\/wp\/v2\/media\/23831"}],"wp:attachment":[{"href":"https:\/\/hookahshop.lt\/lv\/wp-json\/wp\/v2\/media?parent=23779"}],"curies":[{"name":"wp","href":"https:\/\/api.w.org\/{rel}","templated":true}]}}