{"id":23912,"date":"2021-06-04T21:10:14","date_gmt":"2021-06-04T18:10:14","guid":{"rendered":"https:\/\/hookahshop.lt\/?post_type=product&#038;p=23912"},"modified":"2026-05-13T13:52:18","modified_gmt":"2026-05-13T10:52:18","slug":"znyples-kaljano-anglims-arma-spikes-silver","status":"publish","type":"product","link":"https:\/\/hookahshop.lt\/lv\/produkt\/nyples-udenspipe-ogles-arma-spices-sudrabs\/","title":{"rendered":"Knaibles \u016bdensp\u012bpes ogl\u0113m ARMA Spikes Silver"},"content":{"rendered":"<h2>Knaibles \u016bdensp\u012bpes ogl\u0113m ARMA Spikes Silver<\/h2>\n<p>\u0160\u012bs knaibles ir \u013coti \u0113rtas p\u0113c izm\u0113ra un neliecas, kad t\u0101s tiek lietotas.<br \/>\nIzm\u0113ri: 22x3cm<\/p>\n<p>Vai jums ir k\u0101di jaut\u0101jumi? Sazinies ar mums\u00a0<a href=\"https:\/\/hookahshop.lt\/lv\/kontaktiem\/\">kontaktu lapa<\/a>\u00a0vai rakstiet mums pa e-pastu\u00a0<a href=\"https:\/\/facebook.com\/HookahShop.lt\/\" target=\"_blank\" rel=\"noopener noreferrer\">Facebook konts<\/a>\u00a0un m\u0113s atbild\u0113sim uz j\u016bsu piepras\u012bjumu taj\u0101 pa\u0161\u0101 dien\u0101.<\/p>\n<p>&nbsp;<\/p>","protected":false},"excerpt":{"rendered":"<p>Knaibles \u016bdensp\u012bpes ogl\u0113m ARMA Spikes Silver \u0160\u012bs knaibles ir \u013coti \u0113rta izm\u0113ra un nesabr\u016bk lieto\u0161anas laik\u0101. Izm\u0113ri: 22x3cm Vai jums ir k\u0101di jaut\u0101jumi? Sazinieties ar mums kontaktu lap\u0101 vai rakstiet mums uz m\u016bsu Facebook kontu un m\u0113s atbild\u0113sim uz j\u016bsu piepras\u012bjumu taj\u0101 pa\u0161\u0101 dien\u0101. &nbsp;<\/p>","protected":false},"featured_media":23913,"comment_status":"open","ping_status":"closed","template":"","meta":[],"_links":{"self":[{"href":"https:\/\/hookahshop.lt\/lv\/wp-json\/wp\/v2\/product\/23912"}],"collection":[{"href":"https:\/\/hookahshop.lt\/lv\/wp-json\/wp\/v2\/product"}],"about":[{"href":"https:\/\/hookahshop.lt\/lv\/wp-json\/wp\/v2\/types\/product"}],"replies":[{"embeddable":true,"href":"https:\/\/hookahshop.lt\/lv\/wp-json\/wp\/v2\/comments?post=23912"}],"version-history":[{"count":6,"href":"https:\/\/hookahshop.lt\/lv\/wp-json\/wp\/v2\/product\/23912\/revisions"}],"predecessor-version":[{"id":43459,"href":"https:\/\/hookahshop.lt\/lv\/wp-json\/wp\/v2\/product\/23912\/revisions\/43459"}],"wp:featuredmedia":[{"embeddable":true,"href":"https:\/\/hookahshop.lt\/lv\/wp-json\/wp\/v2\/media\/23913"}],"wp:attachment":[{"href":"https:\/\/hookahshop.lt\/lv\/wp-json\/wp\/v2\/media?parent=23912"}],"curies":[{"name":"wp","href":"https:\/\/api.w.org\/{rel}","templated":true}]}}