{"id":23919,"date":"2021-06-04T21:29:41","date_gmt":"2021-06-04T18:29:41","guid":{"rendered":"https:\/\/hookahshop.lt\/?post_type=product&#038;p=23919"},"modified":"2026-04-17T16:33:12","modified_gmt":"2026-04-17T13:33:12","slug":"kolba-kaljanui-bigmaks-rainbow-mini","status":"publish","type":"product","link":"https:\/\/hookahshop.lt\/lv\/produkt\/kolba-for-udenspipe-bigmaks-varaviksnes-mini\/","title":{"rendered":"Kolba \u016bdensp\u012bpei BIGMAKS Rainbow Mini"},"content":{"rendered":"<h2>Kolba \u016bdensp\u012bpei BIGMAKS Rainbow Mini<\/h2>\n<p>\u0160\u012b mini kolba ir izgatavota no p\u0101rtikas kvalit\u0101tes caursp\u012bd\u012bga stikla un izce\u013cas ar savu iztur\u012bbu. Kolba nav kr\u0101sota, kas noz\u012bm\u0113, ka t\u0101 jums kalpos daudzus gadus. Piem\u0113rots lieto\u0161anai ar jebkuru mini \u016bdensp\u012bpi.<\/p>\n<p><strong><span title=\"\">Specifik\u0101cijas:<\/span><\/strong><br \/>\nAugstums: 190 mm<br \/>\nSvars: 920 g<br \/>\nKakla \u0101r\u0113jais diametrs: 71 mm<br \/>\nIek\u0161\u0113jais r\u012bkles diametrs: 48 mm<br \/>\nProdukta materi\u0101ls: stikls<\/p>\n<p><span style=\"font-weight: 400;\">Vai jums ir k\u0101di jaut\u0101jumi? Sazinies ar mums <\/span><a href=\"https:\/\/hookahshop.lt\/lv\/kontaktiem\/\"><span style=\"font-weight: 400;\">kontaktu lapa<\/span><\/a><span style=\"font-weight: 400;\"> vai rakstiet mums pa e-pastu <\/span><a href=\"https:\/\/facebook.com\/HookahShop.lt\/\" target=\"_blank\" rel=\"noopener\"><span style=\"font-weight: 400;\">Facebook konts<\/span><\/a><span style=\"font-weight: 400;\"> un m\u0113s atbild\u0113sim uz j\u016bsu piepras\u012bjumu taj\u0101 pa\u0161\u0101 dien\u0101.<\/span><\/p>","protected":false},"excerpt":{"rendered":"<p>\u016adensp\u012bpes kolba BIGMAKS Rainbow Mini \u0160\u012b mini kolba ir izgatavota no p\u0101rtikas kvalit\u0101tes caursp\u012bd\u012bga stikla un izce\u013cas ar savu iztur\u012bbu. Kolba nav kr\u0101sota, kas noz\u012bm\u0113, ka t\u0101 jums kalpos daudzus gadus. Piem\u0113rots lieto\u0161anai ar jebkuru mini \u016bdensp\u012bpi. Specifik\u0101cijas: Augstums: 190 mm Svars: 920 g Kakla \u0101r\u0113jais diametrs: 71 mm Kakla iek\u0161\u0113jais diametrs: 48 mm Produkta materi\u0101ls: stikls Vai ir k\u0101di jaut\u0101jumi? Sazinieties ar [\u2026]<\/p>","protected":false},"featured_media":23920,"comment_status":"open","ping_status":"closed","template":"","meta":[],"_links":{"self":[{"href":"https:\/\/hookahshop.lt\/lv\/wp-json\/wp\/v2\/product\/23919"}],"collection":[{"href":"https:\/\/hookahshop.lt\/lv\/wp-json\/wp\/v2\/product"}],"about":[{"href":"https:\/\/hookahshop.lt\/lv\/wp-json\/wp\/v2\/types\/product"}],"replies":[{"embeddable":true,"href":"https:\/\/hookahshop.lt\/lv\/wp-json\/wp\/v2\/comments?post=23919"}],"version-history":[{"count":9,"href":"https:\/\/hookahshop.lt\/lv\/wp-json\/wp\/v2\/product\/23919\/revisions"}],"predecessor-version":[{"id":45033,"href":"https:\/\/hookahshop.lt\/lv\/wp-json\/wp\/v2\/product\/23919\/revisions\/45033"}],"wp:featuredmedia":[{"embeddable":true,"href":"https:\/\/hookahshop.lt\/lv\/wp-json\/wp\/v2\/media\/23920"}],"wp:attachment":[{"href":"https:\/\/hookahshop.lt\/lv\/wp-json\/wp\/v2\/media?parent=23919"}],"curies":[{"name":"wp","href":"https:\/\/api.w.org\/{rel}","templated":true}]}}