{"id":23945,"date":"2021-06-04T22:43:22","date_gmt":"2021-06-04T19:43:22","guid":{"rendered":"https:\/\/hookahshop.lt\/?post_type=product&#038;p=23945"},"modified":"2026-04-17T23:29:35","modified_gmt":"2026-04-17T20:29:35","slug":"taurele-kaljanui-havona-bull","status":"publish","type":"product","link":"https:\/\/hookahshop.lt\/lv\/produkt\/kauss-udenspipe-havona-bullis\/","title":{"rendered":"Kauss \u016bdensp\u012bpei HAVONA Bull"},"content":{"rendered":"<h2>Kauss \u016bdensp\u012bpei HAVONA Bull<\/h2>\n<p>\u0160\u012b ir augstas kvalit\u0101tes, ar rok\u0101m darin\u0101ta, ierobe\u017eota izlaiduma balt\u0101 m\u0101la kr\u016bze. Havona Bull kr\u016bze lieliski papildin\u0101s j\u016bsu kolekciju, un stil\u012bgais iepakojums padara to par ide\u0101lu d\u0101vanu.<br \/>\nKatras kr\u016bz\u012btes dizains ir interesants un individu\u0101ls, ieg\u0101d\u0101joties \u0161o kr\u016bz\u012bti, varat b\u016bt dro\u0161s, ka j\u016bsu kr\u016bz\u012btei ir unik\u0101la kr\u0101sa. Katra kr\u016bze ir labi izstr\u0101d\u0101ta.<br \/>\nTabakas tase satur 18\u201322 g.<\/p>\n<p><strong>Specifik\u0101cijas:<\/strong><br \/>\nAugstums: 72 mm<br \/>\nDiametrs (\u0101r\u0113jais): 70 mm<br \/>\nDiametrs (iek\u0161\u0113jais): 58 mm<br \/>\nDzi\u013cums: 21 mm<br \/>\nCauruma diametrs: 8 mm<br \/>\nCaurumu skaits: 5 gab<br \/>\nSvars: apm\u0113ram 300 g.<\/p>\n<p>Vai jums ir k\u0101di jaut\u0101jumi? Sazinies ar mums\u00a0<a href=\"https:\/\/hookahshop.lt\/lv\/kontaktiem\/\">kontaktu lapa<\/a>\u00a0vai rakstiet mums pa e-pastu\u00a0<a href=\"https:\/\/facebook.com\/HookahShop.lt\/\" target=\"_blank\" rel=\"noopener noreferrer\">Facebook konts<\/a>\u00a0un m\u0113s atbild\u0113sim uz j\u016bsu piepras\u012bjumu taj\u0101 pa\u0161\u0101 dien\u0101.<\/p>","protected":false},"excerpt":{"rendered":"<p>\u016adensp\u012bpes kr\u016bze HAVONA Bull \u0160\u012b ir augstas kvalit\u0101tes, roku darbs, ierobe\u017eota tir\u0101\u017ea, balt\u0101 m\u0101la kr\u016bze. Havona Bull kr\u016bze lieliski papildin\u0101s j\u016bsu kolekciju, un stil\u012bgais iepakojums padara to par ide\u0101lu d\u0101vanu. Katras kr\u016bz\u012btes dizains ir interesants un individu\u0101ls, ieg\u0101d\u0101joties \u0161o kr\u016bz\u012bti, varat b\u016bt dro\u0161s, ka j\u016bsu kr\u016bz\u012btei ir unik\u0101la kr\u0101sa. Katra kr\u016bze ir labi izstr\u0101d\u0101ta. Gl\u0101ze tabakas [\u2026]<\/p>","protected":false},"featured_media":23946,"comment_status":"open","ping_status":"closed","template":"","meta":[],"_links":{"self":[{"href":"https:\/\/hookahshop.lt\/lv\/wp-json\/wp\/v2\/product\/23945"}],"collection":[{"href":"https:\/\/hookahshop.lt\/lv\/wp-json\/wp\/v2\/product"}],"about":[{"href":"https:\/\/hookahshop.lt\/lv\/wp-json\/wp\/v2\/types\/product"}],"replies":[{"embeddable":true,"href":"https:\/\/hookahshop.lt\/lv\/wp-json\/wp\/v2\/comments?post=23945"}],"version-history":[{"count":4,"href":"https:\/\/hookahshop.lt\/lv\/wp-json\/wp\/v2\/product\/23945\/revisions"}],"predecessor-version":[{"id":36110,"href":"https:\/\/hookahshop.lt\/lv\/wp-json\/wp\/v2\/product\/23945\/revisions\/36110"}],"wp:featuredmedia":[{"embeddable":true,"href":"https:\/\/hookahshop.lt\/lv\/wp-json\/wp\/v2\/media\/23946"}],"wp:attachment":[{"href":"https:\/\/hookahshop.lt\/lv\/wp-json\/wp\/v2\/media?parent=23945"}],"curies":[{"name":"wp","href":"https:\/\/api.w.org\/{rel}","templated":true}]}}