{"id":23949,"date":"2021-06-05T01:27:30","date_gmt":"2021-06-04T22:27:30","guid":{"rendered":"https:\/\/hookahshop.lt\/?post_type=product&#038;p=23949"},"modified":"2026-04-15T12:29:15","modified_gmt":"2026-04-15T09:29:15","slug":"taurele-kaljanui-havona-virgo","status":"publish","type":"product","link":"https:\/\/hookahshop.lt\/lv\/produkt\/kauss-for-udenspipe-havona-jaunava\/","title":{"rendered":"Kauss \u016bdensp\u012bpei HAVONA Jaunava"},"content":{"rendered":"<h2>Kauss \u016bdensp\u012bpei HAVONA Jaunava<\/h2>\n<p>Augstas kvalit\u0101tes, roku darbs, limit\u0113ts, balt\u0101 m\u0101la kr\u016bze. Kr\u016bz\u012bte no Havona Virgo lieliski papildin\u0101s j\u016bsu kolekciju, un stil\u012bgais iepakojums padara to par ide\u0101lu d\u0101vanu.<br \/>\nKatras kr\u016bz\u012btes dizains ir interesants un individu\u0101ls, ieg\u0101d\u0101joties \u0161o kr\u016bz\u012bti, varat b\u016bt dro\u0161s, ka j\u016bsu kr\u016bz\u012btei ir unik\u0101la kr\u0101sa. Katra kr\u016bze ir labi izstr\u0101d\u0101ta.<\/p>\n<p><strong>Specifik\u0101cijas:<\/strong><br \/>\nAugstums: 108 mm<br \/>\nDiametrs (\u0101r\u0113jais): 79 mm<br \/>\nDiametrs (iek\u0161\u0113jais): 69 mm<br \/>\nDzi\u013cums: 12 mm<br \/>\nCauruma diametrs: 12 mm<br \/>\nUrbumu skaits: 1 gab<br \/>\nSvars: apm\u0113ram 257 g.<\/p>\n<p>Vai jums ir k\u0101di jaut\u0101jumi? Sazinies ar mums\u00a0<a href=\"https:\/\/hookahshop.lt\/lv\/kontaktiem\/\">kontaktu lapa<\/a>\u00a0vai rakstiet mums pa e-pastu\u00a0<a href=\"https:\/\/facebook.com\/HookahShop.lt\/\" target=\"_blank\" rel=\"noopener noreferrer\">Facebook konts<\/a>\u00a0un m\u0113s atbild\u0113sim uz j\u016bsu piepras\u012bjumu taj\u0101 pa\u0161\u0101 dien\u0101.<\/p>","protected":false},"excerpt":{"rendered":"<p>Kr\u016bz\u012bte \u016bdensp\u012bpei HAVONA Virgo Augstas kvalit\u0101tes, roku darbs, limit\u0113ts, balt\u0101 m\u0101la kr\u016bze. Kr\u016bz\u012bte no Havona Virgo lieliski papildin\u0101s j\u016bsu kolekciju, un stil\u012bgais iepakojums padara to par ide\u0101lu d\u0101vanu. Katras kr\u016bz\u012btes dizains ir interesants un individu\u0101ls, ieg\u0101d\u0101joties \u0161o kr\u016bz\u012bti, varat b\u016bt dro\u0161s, ka j\u016bsu kr\u016bz\u012btei ir unik\u0101la kr\u0101sa. Katra kr\u016bze ir labi izstr\u0101d\u0101ta. Specifik\u0101cijas: Augstums: 108 [\u2026]<\/p>","protected":false},"featured_media":23950,"comment_status":"open","ping_status":"closed","template":"","meta":[],"_links":{"self":[{"href":"https:\/\/hookahshop.lt\/lv\/wp-json\/wp\/v2\/product\/23949"}],"collection":[{"href":"https:\/\/hookahshop.lt\/lv\/wp-json\/wp\/v2\/product"}],"about":[{"href":"https:\/\/hookahshop.lt\/lv\/wp-json\/wp\/v2\/types\/product"}],"replies":[{"embeddable":true,"href":"https:\/\/hookahshop.lt\/lv\/wp-json\/wp\/v2\/comments?post=23949"}],"version-history":[{"count":4,"href":"https:\/\/hookahshop.lt\/lv\/wp-json\/wp\/v2\/product\/23949\/revisions"}],"predecessor-version":[{"id":39810,"href":"https:\/\/hookahshop.lt\/lv\/wp-json\/wp\/v2\/product\/23949\/revisions\/39810"}],"wp:featuredmedia":[{"embeddable":true,"href":"https:\/\/hookahshop.lt\/lv\/wp-json\/wp\/v2\/media\/23950"}],"wp:attachment":[{"href":"https:\/\/hookahshop.lt\/lv\/wp-json\/wp\/v2\/media?parent=23949"}],"curies":[{"name":"wp","href":"https:\/\/api.w.org\/{rel}","templated":true}]}}