{"id":24036,"date":"2021-06-06T10:31:01","date_gmt":"2021-06-06T07:31:01","guid":{"rendered":"https:\/\/hookahshop.lt\/?post_type=product&#038;p=24036"},"modified":"2026-04-17T23:29:34","modified_gmt":"2026-04-17T20:29:34","slug":"taurele-kaljanui-cosmo-bowl-pico","status":"publish","type":"product","link":"https:\/\/hookahshop.lt\/lv\/produkt\/kauss-udenspipe-kosmo-bloda-piko\/","title":{"rendered":"Kauss \u016bdensp\u012bpei COSMO BOWL Pico"},"content":{"rendered":"<h2>Kauss \u016bdensp\u012bpei COSMO BOWL Pico<\/h2>\n<p>Kr\u016bze ir izgatavota no kvalitat\u012bva m\u0101la un p\u0101rkl\u0101ta ar glaz\u016bru, pateicoties kurai t\u0101 var ilgsto\u0161i saglab\u0101t savas s\u0101kotn\u0113j\u0101s \u012bpa\u0161\u012bbas un izskatu. Katrs Upper Combi ir atsevi\u0161\u0137i iepakots ar z\u012bmola logotipu un kr\u016bzes nosaukumu.<\/p>\n<p>Tiek pat\u0113r\u0113ti 14-15 grami tabakas.<\/p>\n<p><strong>Raksturojums:<\/strong><br \/>\nIzcelsmes valsts: Krievija<br \/>\nAugstums: 120 mm.<br \/>\nDzi\u013cums: 90 mm<br \/>\nCaurumu skaits: 1 gab.<br \/>\nSvars: apm\u0113ram 210 g.<\/p>\n<p>Vai jums ir k\u0101di jaut\u0101jumi? Sazinies ar mums\u00a0<a href=\"https:\/\/hookahshop.lt\/lv\/kontaktiem\/\">kontaktu lapa<\/a>\u00a0vai rakstiet mums pa e-pastu\u00a0<a href=\"https:\/\/facebook.com\/HookahShop.lt\/\" target=\"_blank\" rel=\"noopener noreferrer\">Facebook konts<\/a>\u00a0un m\u0113s atbild\u0113sim uz j\u016bsu piepras\u012bjumu taj\u0101 pa\u0161\u0101 dien\u0101.<\/p>\n<p>&nbsp;<\/p>\n<p>&nbsp;<\/p>","protected":false},"excerpt":{"rendered":"<p>B\u013coda \u016bdensp\u012bpei COSMO BOWL Pico B\u013coda ir izgatavota no kvalitat\u012bva m\u0101la un p\u0101rkl\u0101ta ar glaz\u016bru, pateicoties kurai t\u0101 var saglab\u0101t savas s\u0101kotn\u0113j\u0101s \u012bpa\u0161\u012bbas un izskatu ilgu laiku. Katrs Upper Combi ir atsevi\u0161\u0137i iepakots ar z\u012bmola logotipu un kr\u016bzes nosaukumu. Tiek pat\u0113r\u0113ti 14-15 grami tabakas. Raksturlielumi: Izcelsmes valsts: Krievija Augstums: 120 mm. Dzi\u013cums: 90 mm Caurumu skaits: 1 [\u2026]<\/p>","protected":false},"featured_media":24039,"comment_status":"open","ping_status":"closed","template":"","meta":[],"_links":{"self":[{"href":"https:\/\/hookahshop.lt\/lv\/wp-json\/wp\/v2\/product\/24036"}],"collection":[{"href":"https:\/\/hookahshop.lt\/lv\/wp-json\/wp\/v2\/product"}],"about":[{"href":"https:\/\/hookahshop.lt\/lv\/wp-json\/wp\/v2\/types\/product"}],"replies":[{"embeddable":true,"href":"https:\/\/hookahshop.lt\/lv\/wp-json\/wp\/v2\/comments?post=24036"}],"version-history":[{"count":3,"href":"https:\/\/hookahshop.lt\/lv\/wp-json\/wp\/v2\/product\/24036\/revisions"}],"predecessor-version":[{"id":29533,"href":"https:\/\/hookahshop.lt\/lv\/wp-json\/wp\/v2\/product\/24036\/revisions\/29533"}],"wp:featuredmedia":[{"embeddable":true,"href":"https:\/\/hookahshop.lt\/lv\/wp-json\/wp\/v2\/media\/24039"}],"wp:attachment":[{"href":"https:\/\/hookahshop.lt\/lv\/wp-json\/wp\/v2\/media?parent=24036"}],"curies":[{"name":"wp","href":"https:\/\/api.w.org\/{rel}","templated":true}]}}