{"id":24065,"date":"2021-06-07T20:31:19","date_gmt":"2021-06-07T17:31:19","guid":{"rendered":"https:\/\/hookahshop.lt\/?post_type=product&#038;p=24065"},"modified":"2026-04-20T23:28:51","modified_gmt":"2026-04-20T20:28:51","slug":"kaljanas-alpha-hookah-kappa-purple","status":"publish","type":"product","link":"https:\/\/hookahshop.lt\/lv\/produkt\/udenspipe-alfa-udenspipe-kappa-violeta\/","title":{"rendered":"\u016adensp\u012bpe ALPHA HOOKAH Kappa Purple"},"content":{"rendered":"<h2>\u016adensp\u012bpe ALPHA HOOKAH Kappa Purple<\/h2>\n<section class=\"has_ae_slider elementor-element elementor-element-da31172 elementor-section-boxed elementor-section-height-default elementor-section-height-default ae-bg-gallery-type-default elementor-section elementor-top-section\" data-id=\"da31172\" data-element_type=\"section\" data-settings=\"{&quot;background_background&quot;:&quot;classic&quot;}\">\n<div class=\"elementor-container elementor-column-gap-extended\">\n<div class=\"elementor-row\">\n<div class=\"has_ae_slider elementor-element elementor-element-51998d1 ae-bg-gallery-type-default elementor-column elementor-col-100 elementor-top-column\" data-id=\"51998d1\" data-element_type=\"column\">\n<div class=\"elementor-column-wrap elementor-element-populated\">\n<div class=\"elementor-widget-wrap\">\n<div class=\"elementor-element elementor-element-2b74596 elementor-widget elementor-widget-woocommerce-product-data-tabs\" data-id=\"2b74596\" data-element_type=\"widget\" data-widget_type=\"woocommerce-product-data-tabs.default\">\n<div class=\"elementor-widget-container\">\n<div class=\"woocommerce-tabs wc-tabs-wrapper\">\n<div id=\"tab-description\" class=\"woocommerce-Tabs-panel woocommerce-Tabs-panel--description panel entry-content wc-tab\" role=\"tabpanel\" aria-labelledby=\"tab-title-description\">\n<p>\u016adensp\u012bpes elementi ir kr\u0101soti ar iztur\u012bgu pulverkr\u0101su un saglab\u0101s savu izskatu ilgu laiku. Pateicoties anod\u0113\u0161anas procesam, \u016bdensp\u012bpe neoksid\u0113jas, kas ar\u012b pagarin\u0101s t\u0101s funkcionalit\u0101ti. Dizaineru izstr\u0101d\u0101ta, izgatavota no kvalitat\u012bviem materi\u0101liem, tai piem\u012bt izcilas k\u016bpin\u0101\u0161anas \u012bpa\u0161\u012bbas. Stil\u012bga \u016bdensp\u012bpe b\u016bs interjera dekor\u0101cija un lieliska d\u0101vana.<\/p>\n<p><strong>Raksturojums:<\/strong><br \/>\nSvars: apm\u0113ram 1445 gr<br \/>\nAugstums: 520 mm<br \/>\nV\u0101rpsta: ner\u016bs\u0113jo\u0161ais t\u0113rauds<br \/>\n\u0100rpuse: anod\u0113ts alum\u012bnijs<br \/>\nPamata materi\u0101ls: plastmasa<br \/>\nDifuzors: no\u0146emams ar v\u012btni<br \/>\nMutes uzgalis: anod\u0113ts ar alum\u012bniju p\u0101rkl\u0101ts ner\u016bs\u0113jo\u0161ais t\u0113rauds<br \/>\n\u0160\u013c\u016btene: m\u012bksts piesk\u0101riens<\/p>\n<p>Vai jums ir k\u0101di jaut\u0101jumi? Sazinies ar mums\u00a0<a href=\"https:\/\/hookahshop.lt\/lv\/kontaktiem\/\">kontaktu lapa<\/a>\u00a0vai rakstiet mums pa e-pastu\u00a0<a href=\"https:\/\/facebook.com\/HookahShop.lt\/\" target=\"_blank\" rel=\"noopener noreferrer\">Facebook konts<\/a>\u00a0un m\u0113s atbild\u0113sim uz j\u016bsu piepras\u012bjumu taj\u0101 pa\u0161\u0101 dien\u0101.<\/p>\n<\/div>\n<\/div>\n<\/div>\n<\/div>\n<\/div>\n<\/div>\n<\/div>\n<\/div>\n<\/div>\n<\/section>\n<section class=\"has_ae_slider elementor-element elementor-element-badcb3e elementor-section-boxed elementor-section-height-default elementor-section-height-default ae-bg-gallery-type-default elementor-section elementor-top-section\" data-id=\"badcb3e\" data-element_type=\"section\" data-settings=\"{&quot;background_background&quot;:&quot;classic&quot;}\">\n<div class=\"elementor-container elementor-column-gap-extended\">\n<div class=\"elementor-row\">\n<div class=\"has_ae_slider elementor-element elementor-element-e21066c ae-bg-gallery-type-default elementor-column elementor-col-100 elementor-top-column\" data-id=\"e21066c\" data-element_type=\"column\" data-settings=\"{&quot;background_background&quot;:&quot;classic&quot;}\">\n<div class=\"elementor-column-wrap elementor-element-populated\">\n<div class=\"elementor-widget-wrap\">\n<section class=\"has_ae_slider elementor-element elementor-element-4477b15 elementor-section-boxed elementor-section-height-default elementor-section-height-default ae-bg-gallery-type-default elementor-section elementor-inner-section\" data-id=\"4477b15\" data-element_type=\"section\">\n<div class=\"elementor-container elementor-column-gap-default\">\n<div class=\"elementor-row\">\n<div class=\"has_ae_slider elementor-element elementor-element-d01b676 ae-bg-gallery-type-default elementor-column elementor-col-100 elementor-inner-column\" data-id=\"d01b676\" data-element_type=\"column\">\n<div class=\"elementor-column-wrap elementor-element-populated\"><\/div>\n<\/div>\n<\/div>\n<\/div>\n<\/section>\n<\/div>\n<\/div>\n<\/div>\n<\/div>\n<\/div>\n<\/section>","protected":false},"excerpt":{"rendered":"<p>\u016adensp\u012bpe ALPHA HOOKAH Kappa Purple \u016adensp\u012bpes elementi ir kr\u0101soti ar iztur\u012bgu pulverkr\u0101su un saglab\u0101s savu izskatu ilgu laiku. Pateicoties anod\u0113\u0161anas procesam, \u016bdensp\u012bpe neoksid\u0113jas, kas ar\u012b pagarin\u0101s t\u0101s funkcionalit\u0101ti. Dizaineru izstr\u0101d\u0101ta, izgatavota no kvalitat\u012bviem materi\u0101liem, tai piem\u012bt izcilas k\u016bpin\u0101\u0161anas \u012bpa\u0161\u012bbas. Stil\u012bga \u016bdensp\u012bpe b\u016bs interjera dekor\u0101cija un lieliska d\u0101vana. Raksturojums: Svars: apm\u0113ram 1445 gr Augstums: 520 mm V\u0101rpsta: [\u2026]<\/p>","protected":false},"featured_media":24096,"comment_status":"open","ping_status":"closed","template":"","meta":[],"_links":{"self":[{"href":"https:\/\/hookahshop.lt\/lv\/wp-json\/wp\/v2\/product\/24065"}],"collection":[{"href":"https:\/\/hookahshop.lt\/lv\/wp-json\/wp\/v2\/product"}],"about":[{"href":"https:\/\/hookahshop.lt\/lv\/wp-json\/wp\/v2\/types\/product"}],"replies":[{"embeddable":true,"href":"https:\/\/hookahshop.lt\/lv\/wp-json\/wp\/v2\/comments?post=24065"}],"version-history":[{"count":3,"href":"https:\/\/hookahshop.lt\/lv\/wp-json\/wp\/v2\/product\/24065\/revisions"}],"predecessor-version":[{"id":34778,"href":"https:\/\/hookahshop.lt\/lv\/wp-json\/wp\/v2\/product\/24065\/revisions\/34778"}],"wp:featuredmedia":[{"embeddable":true,"href":"https:\/\/hookahshop.lt\/lv\/wp-json\/wp\/v2\/media\/24096"}],"wp:attachment":[{"href":"https:\/\/hookahshop.lt\/lv\/wp-json\/wp\/v2\/media?parent=24065"}],"curies":[{"name":"wp","href":"https:\/\/api.w.org\/{rel}","templated":true}]}}