{"id":24191,"date":"2021-06-08T15:38:18","date_gmt":"2021-06-08T12:38:18","guid":{"rendered":"https:\/\/hookahshop.lt\/?post_type=product&#038;p=24191"},"modified":"2026-04-15T12:29:16","modified_gmt":"2026-04-15T09:29:16","slug":"taurele-kaljanui-kong-phunnel-space-red","status":"publish","type":"product","link":"https:\/\/hookahshop.lt\/lv\/produkt\/cup-for-hookah-kong-funnel-space-ed\/","title":{"rendered":"Kauss \u016bdensp\u012bpei KONG Phunnel Space Red"},"content":{"rendered":"<h2>Kauss \u016bdensp\u012bpei KONG Phunnel Space Red<\/h2>\n<p>Kong Phunnel kosmosa \u016bdensp\u012bpes kauss (sarkans) \u2014 iztur\u0113jis piena grauzd\u0113\u0161anas un 12 apstr\u0101des posmus, lai j\u016bs var\u0113tu palutin\u0101t sevi ar lielisku \u016bdensp\u012bpi \u013coti ilgu laiku.<br \/>\nKong Phunnel Space kr\u0101sa (sarkana) ir m\u0101kslas darbs. Siltu dienu kr\u0101sa, ziedo\u0161i ziedi un pat\u012bkams sildo\u0161a v\u0113ja br\u012bze. Dizains izraisa dabisko arom\u0101tu un gar\u0161\u012bg\u0101s \u016bdensp\u012bpes prieku.<br \/>\nLieliski apvienots ar zobenu. Pild\u012bjuma tilpums ir aptuveni 18-22 g.<\/p>\n<p><strong>Raksturojums:<\/strong><br \/>\nAugstums: 100 mm<br \/>\nDiametrs (\u0101r\u0113jais): 74 mm<br \/>\nDiametrs (iek\u0161\u0113jais): 63 mm<br \/>\nDzi\u013cums: 17 mm<br \/>\nCauruma diametrs: 13 mm<br \/>\nUrbumu skaits: 1 gab<br \/>\nSvars: apm\u0113ram 234 g.<\/p>\n<p>Vai jums ir k\u0101di jaut\u0101jumi? Sazinies ar mums\u00a0<a href=\"https:\/\/hookahshop.lt\/lv\/kontaktiem\/\">kontaktu lapa<\/a>\u00a0vai rakstiet mums pa e-pastu\u00a0<a href=\"https:\/\/facebook.com\/HookahShop.lt\/\" target=\"_blank\" rel=\"noopener noreferrer\">Facebook konts<\/a>\u00a0un m\u0113s atbild\u0113sim uz j\u016bsu piepras\u012bjumu taj\u0101 pa\u0161\u0101 dien\u0101.<\/p>","protected":false},"excerpt":{"rendered":"<p>\u016adensp\u012bpes kauss KONG Phunnel Space Red \u016adensp\u012bpes kauss &quot;Kong Phunnel Space&quot; (sarkans) - iztur\u0113jis piena grauzd\u0113\u0161anas un 12 apstr\u0101des posmus, lai j\u016bs var\u0113tu palutin\u0101t sevi ar lielisku \u016bdensp\u012bpi \u013coti ilgu laiku. Kong Phunnel Space kr\u0101sa (sarkana) ir m\u0101kslas darbs. Siltu dienu kr\u0101sa, ziedo\u0161i ziedi un pat\u012bkams sildo\u0161a v\u0113ja br\u012bze. Dizains izraisa dabisko arom\u0101tu un gar\u0161\u012bg\u0101s \u016bdensp\u012bpes baud\u012bjumu. [\u2026]<\/p>","protected":false},"featured_media":24192,"comment_status":"open","ping_status":"closed","template":"","meta":[],"_links":{"self":[{"href":"https:\/\/hookahshop.lt\/lv\/wp-json\/wp\/v2\/product\/24191"}],"collection":[{"href":"https:\/\/hookahshop.lt\/lv\/wp-json\/wp\/v2\/product"}],"about":[{"href":"https:\/\/hookahshop.lt\/lv\/wp-json\/wp\/v2\/types\/product"}],"replies":[{"embeddable":true,"href":"https:\/\/hookahshop.lt\/lv\/wp-json\/wp\/v2\/comments?post=24191"}],"version-history":[{"count":3,"href":"https:\/\/hookahshop.lt\/lv\/wp-json\/wp\/v2\/product\/24191\/revisions"}],"predecessor-version":[{"id":29142,"href":"https:\/\/hookahshop.lt\/lv\/wp-json\/wp\/v2\/product\/24191\/revisions\/29142"}],"wp:featuredmedia":[{"embeddable":true,"href":"https:\/\/hookahshop.lt\/lv\/wp-json\/wp\/v2\/media\/24192"}],"wp:attachment":[{"href":"https:\/\/hookahshop.lt\/lv\/wp-json\/wp\/v2\/media?parent=24191"}],"curies":[{"name":"wp","href":"https:\/\/api.w.org\/{rel}","templated":true}]}}