{"id":24231,"date":"2021-06-08T20:51:00","date_gmt":"2021-06-08T17:51:00","guid":{"rendered":"https:\/\/hookahshop.lt\/?post_type=product&#038;p=24231"},"modified":"2026-04-20T23:28:48","modified_gmt":"2026-04-20T20:28:48","slug":"kaljano-kandiklis-maklaud-bear","status":"publish","type":"product","link":"https:\/\/hookahshop.lt\/lv\/produkt\/udenspipe-biter-maklad-lacis\/","title":{"rendered":"Individu\u0101ls \u016bdensp\u012bpes iemutis MAKLAUD Bear"},"content":{"rendered":"<h2>Individu\u0101ls \u016bdensp\u012bpes iemutis MAKLAUD Bear<\/h2>\n<p>MAKLAUD Bear iemutnis ir v\u0113l viens Maklaud \u0161edevrs. Iemutis ar Bear ieliktni ir izgatavots no misi\u0146a. Melna \u012bstas \u0101das siksni\u0146a. Mutes uzlik\u0161ana uz karab\u012bnes. Iemuts ir izgatavots no augstas kvalit\u0101tes medic\u012bnisk\u0101 silikona maigam piesk\u0101rienam un ori\u0123in\u0101l\u0101 gredzena ar uzrakstu &quot;Maklaud&quot;.<\/p>\n<p><strong>Raksturojums:<\/strong><br \/>\nJostas garums: 900 mm<br \/>\nSiksnas materi\u0101ls: \u012bsta \u0101da<br \/>\nPielikums: karab\u012bne<br \/>\nMutes garums: 50 mm<br \/>\nSvars: apm\u0113ram 35 g.<\/p>\n<p>Vai jums ir k\u0101di jaut\u0101jumi? Sazinies ar mums\u00a0<a href=\"https:\/\/hookahshop.lt\/lv\/kontaktiem\/\">kontaktu lapa<\/a>\u00a0vai rakstiet mums pa e-pastu\u00a0<a href=\"https:\/\/facebook.com\/HookahShop.lt\/\" target=\"_blank\" rel=\"noopener noreferrer\">Facebook konts<\/a>\u00a0un m\u0113s atbild\u0113sim uz j\u016bsu piepras\u012bjumu taj\u0101 pa\u0161\u0101 dien\u0101.<\/p>","protected":false},"excerpt":{"rendered":"<p>Individu\u0101ls \u016bdensp\u012bpes iemuts MAKLAUD Bear MAKLAUD Bear iemutnis ir v\u0113l viens Maklaud \u0161edevrs. Iemutis ar Bear ieliktni ir izgatavots no misi\u0146a. Melna \u012bstas \u0101das siksni\u0146a. Mutes uzlik\u0161ana uz karab\u012bnes. Iemuts ir izgatavots no augstas kvalit\u0101tes medic\u012bnisk\u0101 silikona maigam piesk\u0101rienam un ori\u0123in\u0101l\u0101 gredzena ar uzrakstu &quot;Maklaud&quot;. Raksturojums: Siksnas garums: 900 mm Siksnas materi\u0101ls: dab\u012bg\u0101 \u0101da Aizdare: [...]<\/p>","protected":false},"featured_media":24232,"comment_status":"open","ping_status":"closed","template":"","meta":[],"_links":{"self":[{"href":"https:\/\/hookahshop.lt\/lv\/wp-json\/wp\/v2\/product\/24231"}],"collection":[{"href":"https:\/\/hookahshop.lt\/lv\/wp-json\/wp\/v2\/product"}],"about":[{"href":"https:\/\/hookahshop.lt\/lv\/wp-json\/wp\/v2\/types\/product"}],"replies":[{"embeddable":true,"href":"https:\/\/hookahshop.lt\/lv\/wp-json\/wp\/v2\/comments?post=24231"}],"version-history":[{"count":3,"href":"https:\/\/hookahshop.lt\/lv\/wp-json\/wp\/v2\/product\/24231\/revisions"}],"predecessor-version":[{"id":25735,"href":"https:\/\/hookahshop.lt\/lv\/wp-json\/wp\/v2\/product\/24231\/revisions\/25735"}],"wp:featuredmedia":[{"embeddable":true,"href":"https:\/\/hookahshop.lt\/lv\/wp-json\/wp\/v2\/media\/24232"}],"wp:attachment":[{"href":"https:\/\/hookahshop.lt\/lv\/wp-json\/wp\/v2\/media?parent=24231"}],"curies":[{"name":"wp","href":"https:\/\/api.w.org\/{rel}","templated":true}]}}