{"id":24248,"date":"2021-06-08T23:05:46","date_gmt":"2021-06-08T20:05:46","guid":{"rendered":"https:\/\/hookahshop.lt\/?post_type=product&#038;p=24248"},"modified":"2026-04-14T23:28:52","modified_gmt":"2026-04-14T20:28:52","slug":"kaljanas-koress-k1t-black-gloss","status":"publish","type":"product","link":"https:\/\/hookahshop.lt\/lv\/produkt\/udenspipe-koress-k1t-black-gloss\/","title":{"rendered":"\u016adensp\u012bpe KORESS K1T Black Gloss"},"content":{"rendered":"<h2>\u016adensp\u012bpe KORESS K1T Black Gloss<\/h2>\n<p>Stil\u012bga \u016bdensp\u012bpe ar ekskluz\u012bvu dizainu ir izgatavota no kvalitat\u012bviem materi\u0101liem. Unik\u0101la \u016bdensp\u012bpes \u012bpa\u0161\u012bba ir iesp\u0113ja sesijas laik\u0101 viegli regul\u0113t \u016bdensp\u012bpes difuzoru un iegrimi.<\/p>\n<p><strong>Raksturojums:<\/strong><br \/>\n\u016adensp\u012bpes svars: ~1,5 kg<br \/>\nMateri\u0101ls: ner\u016bs\u0113jo\u0161ais t\u0113rauds AISI 304<br \/>\nV\u0101rpstas iek\u0161\u0113j\u0101 da\u013ca: ner\u016bs\u0113jo\u0161ais t\u0113rauds<br \/>\nDiametrs: 13mm<br \/>\nAugstums: 64 cm<br \/>\nNo\u0146emams difuzors<br \/>\nMagn\u0113tiskais savienojums<br \/>\nIzcelsmes valsts: Krievija<\/p>\n<p><strong>Apr\u012bkojums:<\/strong><br \/>\nV\u0101rpsta, pl\u0101ksne, \u0161\u013c\u016btene, iemuts, bl\u012bves.<\/p>\n<p><span style=\"font-weight: 400\">Vai jums ir k\u0101di jaut\u0101jumi? Sazinies ar mums <\/span><a href=\"https:\/\/hookahshop.lt\/lv\/kontaktiem\/\"><span style=\"font-weight: 400\">kontaktu lapa<\/span><\/a><span style=\"font-weight: 400\"> vai rakstiet mums pa e-pastu <\/span><a href=\"https:\/\/facebook.com\/HookahShop.lt\/\" target=\"_blank\" rel=\"noopener\"><span style=\"font-weight: 400\">Facebook konts<\/span><\/a><span style=\"font-weight: 400\"> un m\u0113s atbild\u0113sim uz j\u016bsu piepras\u012bjumu taj\u0101 pa\u0161\u0101 dien\u0101.<\/span><\/p>\n<p>&nbsp;<\/p>","protected":false},"excerpt":{"rendered":"<p>\u016adensp\u012bpe KORESS K1T Black Gloss Stil\u012bga, ekskluz\u012bva dizaina \u016bdensp\u012bpe no kvalitat\u012bviem materi\u0101liem. Unik\u0101la \u016bdensp\u012bpes \u012bpa\u0161\u012bba ir iesp\u0113ja sesijas laik\u0101 viegli regul\u0113t \u016bdensp\u012bpes difuzoru un iegrimi. Paz\u012bmes: \u016adensp\u012bpes svars: ~1,5 kg Materi\u0101ls: ner\u016bs\u0113jo\u0161ais t\u0113rauds AISI 304 V\u0101rpstas iek\u0161\u0113j\u0101 da\u013ca: ner\u016bs\u0113jo\u0161ais t\u0113rauds Diametrs: 13mm Augstums: 64 cm No\u0146emams difuzors Magn\u0113tiskais savienojums Izcelsmes valsts: Krievija Komplekt\u0101cija: V\u0101rpsta, [...]<\/p>","protected":false},"featured_media":27564,"comment_status":"open","ping_status":"closed","template":"","meta":[],"_links":{"self":[{"href":"https:\/\/hookahshop.lt\/lv\/wp-json\/wp\/v2\/product\/24248"}],"collection":[{"href":"https:\/\/hookahshop.lt\/lv\/wp-json\/wp\/v2\/product"}],"about":[{"href":"https:\/\/hookahshop.lt\/lv\/wp-json\/wp\/v2\/types\/product"}],"replies":[{"embeddable":true,"href":"https:\/\/hookahshop.lt\/lv\/wp-json\/wp\/v2\/comments?post=24248"}],"version-history":[{"count":10,"href":"https:\/\/hookahshop.lt\/lv\/wp-json\/wp\/v2\/product\/24248\/revisions"}],"predecessor-version":[{"id":41934,"href":"https:\/\/hookahshop.lt\/lv\/wp-json\/wp\/v2\/product\/24248\/revisions\/41934"}],"wp:featuredmedia":[{"embeddable":true,"href":"https:\/\/hookahshop.lt\/lv\/wp-json\/wp\/v2\/media\/27564"}],"wp:attachment":[{"href":"https:\/\/hookahshop.lt\/lv\/wp-json\/wp\/v2\/media?parent=24248"}],"curies":[{"name":"wp","href":"https:\/\/api.w.org\/{rel}","templated":true}]}}