{"id":24279,"date":"2021-06-10T10:44:08","date_gmt":"2021-06-10T07:44:08","guid":{"rendered":"https:\/\/hookahshop.lt\/?post_type=product&#038;p=24279"},"modified":"2026-04-14T23:28:42","modified_gmt":"2026-04-14T20:28:42","slug":"kaljanas-aeon-vyro-one-carbon-forged-v2","status":"publish","type":"product","link":"https:\/\/hookahshop.lt\/lv\/produkt\/hookah-aeon-viro-one-carbon-forged-v2\/","title":{"rendered":"\u016adensp\u012bpe AEON Male One Carbon Forged V2"},"content":{"rendered":"<h2>\u016adensp\u012bpe AEON Male One Carbon Forged V2<\/h2>\n<p>Atjaunin\u0101ts modelis, augst\u0101k\u0101s kvalit\u0101tes ner\u016bs\u0113jo\u0161\u0101 t\u0113rauda un oglek\u013ca \u0161\u0137iedras p\u0101rn\u0113s\u0101jam\u0101 \u016bdensp\u012bpe ir paredz\u0113ta lieto\u0161anai ne tikai ce\u013cojot, bet ar\u012b m\u0101j\u0101s. \u0160\u012b ir viena no lab\u0101kaj\u0101m portat\u012bvaj\u0101m \u016bdensp\u012bp\u0113m tirg\u016b. Pateicoties izcilajai konstrukcijai, tam ir zems smaguma centrs, kas padara to stabilu.<\/p>\n<p><strong>Specifik\u0101cijas:<\/strong><br \/>\nAugstums: 15 cm<br \/>\nDiametrs: 8 cm<br \/>\nSvars: 1,3 kg<br \/>\nMateri\u0101ls: augst\u0101k\u0101s kvalit\u0101tes ner\u016bs\u0113jo\u0161ais t\u0113rauds un oglek\u013ca \u0161\u0137iedra<br \/>\nIzcelsmes valsts: V\u0101cija<\/p>\n<p><strong>Komplekt\u0101 nav: \u0161\u013c\u016btene un iemutnis.\u00a0<\/strong><\/p>\n<p>Vai jums ir k\u0101di jaut\u0101jumi? Sazinies ar mums\u00a0<a href=\"https:\/\/hookahshop.lt\/lv\/kontaktiem\/\">kontaktu lapa<\/a>\u00a0vai rakstiet mums pa e-pastu\u00a0<a href=\"https:\/\/facebook.com\/HookahShop.lt\/\" target=\"_blank\" rel=\"noopener noreferrer\">Facebook konts<\/a>\u00a0un m\u0113s atbild\u0113sim uz j\u016bsu piepras\u012bjumu taj\u0101 pa\u0161\u0101 dien\u0101.<\/p>","protected":false},"excerpt":{"rendered":"<p>\u016adensp\u012bpe AEON Vyro One Carbon Forged V2 Atjaunin\u0101ts modelis, augst\u0101k\u0101s kvalit\u0101tes ner\u016bs\u0113jo\u0161\u0101 t\u0113rauda un oglek\u013ca \u0161\u0137iedras p\u0101rn\u0113s\u0101jam\u0101 \u016bdensp\u012bpe ir paredz\u0113ta lieto\u0161anai ne tikai ce\u013cojumos, bet ar\u012b m\u0101j\u0101s. \u0160\u012b ir viena no lab\u0101kaj\u0101m p\u0101rn\u0113s\u0101jamaj\u0101m \u016bdensp\u012bp\u0113m tirg\u016b. Pateicoties unik\u0101lajam dizainam, tam ir zems smaguma centrs, kas padara to stabilu. Specifik\u0101cijas: Augstums: 15 cm Diametrs: 8 cm Svars: [\u2026]<\/p>","protected":false},"featured_media":24303,"comment_status":"open","ping_status":"closed","template":"","meta":[],"_links":{"self":[{"href":"https:\/\/hookahshop.lt\/lv\/wp-json\/wp\/v2\/product\/24279"}],"collection":[{"href":"https:\/\/hookahshop.lt\/lv\/wp-json\/wp\/v2\/product"}],"about":[{"href":"https:\/\/hookahshop.lt\/lv\/wp-json\/wp\/v2\/types\/product"}],"replies":[{"embeddable":true,"href":"https:\/\/hookahshop.lt\/lv\/wp-json\/wp\/v2\/comments?post=24279"}],"version-history":[{"count":7,"href":"https:\/\/hookahshop.lt\/lv\/wp-json\/wp\/v2\/product\/24279\/revisions"}],"predecessor-version":[{"id":44536,"href":"https:\/\/hookahshop.lt\/lv\/wp-json\/wp\/v2\/product\/24279\/revisions\/44536"}],"wp:featuredmedia":[{"embeddable":true,"href":"https:\/\/hookahshop.lt\/lv\/wp-json\/wp\/v2\/media\/24303"}],"wp:attachment":[{"href":"https:\/\/hookahshop.lt\/lv\/wp-json\/wp\/v2\/media?parent=24279"}],"curies":[{"name":"wp","href":"https:\/\/api.w.org\/{rel}","templated":true}]}}