{"id":24288,"date":"2021-06-10T11:17:51","date_gmt":"2021-06-10T08:17:51","guid":{"rendered":"https:\/\/hookahshop.lt\/?post_type=product&#038;p=24288"},"modified":"2026-04-07T23:29:15","modified_gmt":"2026-04-07T20:29:15","slug":"kandiklis-kaljanui-vyro-carbon-black","status":"publish","type":"product","link":"https:\/\/hookahshop.lt\/lv\/produkt\/iemuti-for-udenspipe-viriesiem-karbon-melns\/","title":{"rendered":"\u016adensp\u012bpes iemutnis VYRO Carbon Black"},"content":{"rendered":"<h2>\u016adensp\u012bpes iemutnis VYRO Carbon Black<\/h2>\n<p>VYRO Carbon black \u2013 oglek\u013ca iemuts ir lielisks ne tikai viegl\u0101 svara, bet ar\u012b kvalitat\u012bv\u0101 materi\u0101la d\u0113\u013c. \u0160is ogles iemuts ir piem\u0113rots ne tikai ikdienas lieto\u0161anai, bet ar\u012b piem\u0113rots katrai \u016bdensp\u012bpei un parastajai silikona \u0161\u013c\u016btenei.<\/p>\n<p><strong>Specifik\u0101cijas:<\/strong><\/p>\n<p>Garums: ~40 cm<br \/>\nSvars: ~ 98 g<br \/>\nIek\u0161\u0113jais diametrs: 10 mm<br \/>\nMateri\u0101li: ogleklis un V2A ner\u016bs\u0113jo\u0161ais t\u0113rauds<\/p>\n<p>Vai jums ir k\u0101di jaut\u0101jumi? Sazinies ar mums\u00a0<a href=\"https:\/\/hookahshop.lt\/lv\/kontaktiem\/\">kontaktu lapa<\/a>\u00a0vai rakstiet mums pa e-pastu\u00a0<a href=\"https:\/\/facebook.com\/HookahShop.lt\/\" target=\"_blank\" rel=\"noopener noreferrer\">Facebook konts<\/a>\u00a0un m\u0113s atbild\u0113sim uz j\u016bsu piepras\u012bjumu taj\u0101 pa\u0161\u0101 dien\u0101.<\/p>","protected":false},"excerpt":{"rendered":"<p>\u016adensp\u012bpes iemuti VYRO Carbon Black VYRO Oglek\u013ca iemuti - oglek\u013ca iemuti ir izcili ne tikai viegl\u0101 svara, bet ar\u012b kvalitat\u012bv\u0101 materi\u0101la d\u0113\u013c. \u0160is ogles iemuts ir piem\u0113rots ne tikai ikdienas lieto\u0161anai, bet ar\u012b piem\u0113rots katrai \u016bdensp\u012bpei un parastajai silikona \u0161\u013c\u016btenei. Specifik\u0101cijas: Garums: ~40 cm Svars: ~ 98 g Iek\u0161\u0113jais diametrs: 10 mm Materi\u0101li: ogleklis un V2A ner\u016bs\u0113jo\u0161ais t\u0113rauds [...]<\/p>","protected":false},"featured_media":24293,"comment_status":"open","ping_status":"closed","template":"","meta":[],"_links":{"self":[{"href":"https:\/\/hookahshop.lt\/lv\/wp-json\/wp\/v2\/product\/24288"}],"collection":[{"href":"https:\/\/hookahshop.lt\/lv\/wp-json\/wp\/v2\/product"}],"about":[{"href":"https:\/\/hookahshop.lt\/lv\/wp-json\/wp\/v2\/types\/product"}],"replies":[{"embeddable":true,"href":"https:\/\/hookahshop.lt\/lv\/wp-json\/wp\/v2\/comments?post=24288"}],"version-history":[{"count":7,"href":"https:\/\/hookahshop.lt\/lv\/wp-json\/wp\/v2\/product\/24288\/revisions"}],"predecessor-version":[{"id":45295,"href":"https:\/\/hookahshop.lt\/lv\/wp-json\/wp\/v2\/product\/24288\/revisions\/45295"}],"wp:featuredmedia":[{"embeddable":true,"href":"https:\/\/hookahshop.lt\/lv\/wp-json\/wp\/v2\/media\/24293"}],"wp:attachment":[{"href":"https:\/\/hookahshop.lt\/lv\/wp-json\/wp\/v2\/media?parent=24288"}],"curies":[{"name":"wp","href":"https:\/\/api.w.org\/{rel}","templated":true}]}}