{"id":24289,"date":"2021-06-10T11:10:50","date_gmt":"2021-06-10T08:10:50","guid":{"rendered":"https:\/\/hookahshop.lt\/?post_type=product&#038;p=24289"},"modified":"2026-04-18T23:29:00","modified_gmt":"2026-04-18T20:29:00","slug":"tarpine-kaljano-taurelei-alpha-hookah","status":"publish","type":"product","link":"https:\/\/hookahshop.lt\/lv\/produkt\/starpposma-udenspipe-tase-alfa-udenspipe\/","title":{"rendered":"Bl\u012bve \u016bdensp\u012bpes kr\u016bzei ALPHA HOOKAH Melna"},"content":{"rendered":"<h2>Bl\u012bve \u016bdensp\u012bpes kr\u016bzei ALPHA HOOKAH Melna<\/h2>\n<p>\u0160is stiprin\u0101jums pal\u012bdz dro\u0161i piestiprin\u0101t kr\u016bz\u012bti pie \u016bdensp\u012bpes. Silikona starplikas kr\u016bz\u012btei.<br \/>\nKr\u0101sa melna<\/p>\n<p>Vai jums ir k\u0101di jaut\u0101jumi? Sazinies ar mums\u00a0<a href=\"https:\/\/hookahshop.lt\/lv\/kontaktiem\/\">kontaktu lapa<\/a>\u00a0vai rakstiet mums pa e-pastu\u00a0<a href=\"https:\/\/facebook.com\/HookahShop.lt\/\" target=\"_blank\" rel=\"noopener noreferrer\">Facebook konts<\/a>\u00a0un m\u0113s atbild\u0113sim uz j\u016bsu piepras\u012bjumu taj\u0101 pa\u0161\u0101 dien\u0101.<\/p>","protected":false},"excerpt":{"rendered":"<p>Bl\u012bve \u016bdensp\u012bpes kr\u016bzei ALPHA HOOKAH Black \u0160is piederums pal\u012bdz cie\u0161i piestiprin\u0101t kr\u016bz\u012bti pie \u016bdensp\u012bpes. Silikona starplikas kr\u016bz\u012btei. Kr\u0101sa: melna Vai jums ir k\u0101di jaut\u0101jumi? Sazinieties ar mums kontaktu lap\u0101 vai rakstiet mums uz m\u016bsu Facebook kontu un m\u0113s atbild\u0113sim uz j\u016bsu piepras\u012bjumu taj\u0101 pa\u0161\u0101 dien\u0101.<\/p>","protected":false},"featured_media":24290,"comment_status":"open","ping_status":"closed","template":"","meta":[],"_links":{"self":[{"href":"https:\/\/hookahshop.lt\/lv\/wp-json\/wp\/v2\/product\/24289"}],"collection":[{"href":"https:\/\/hookahshop.lt\/lv\/wp-json\/wp\/v2\/product"}],"about":[{"href":"https:\/\/hookahshop.lt\/lv\/wp-json\/wp\/v2\/types\/product"}],"replies":[{"embeddable":true,"href":"https:\/\/hookahshop.lt\/lv\/wp-json\/wp\/v2\/comments?post=24289"}],"version-history":[{"count":4,"href":"https:\/\/hookahshop.lt\/lv\/wp-json\/wp\/v2\/product\/24289\/revisions"}],"predecessor-version":[{"id":43759,"href":"https:\/\/hookahshop.lt\/lv\/wp-json\/wp\/v2\/product\/24289\/revisions\/43759"}],"wp:featuredmedia":[{"embeddable":true,"href":"https:\/\/hookahshop.lt\/lv\/wp-json\/wp\/v2\/media\/24290"}],"wp:attachment":[{"href":"https:\/\/hookahshop.lt\/lv\/wp-json\/wp\/v2\/media?parent=24289"}],"curies":[{"name":"wp","href":"https:\/\/api.w.org\/{rel}","templated":true}]}}