{"id":24347,"date":"2021-06-13T15:57:26","date_gmt":"2021-06-13T12:57:26","guid":{"rendered":"https:\/\/hookahshop.lt\/?post_type=product&#038;p=24347"},"modified":"2026-04-15T23:29:18","modified_gmt":"2026-04-15T20:29:18","slug":"znyples-anglims-nomad-2021-hookah-club","status":"publish","type":"product","link":"https:\/\/hookahshop.lt\/lv\/produkt\/znyples-carbon-nomad-2021-hookah-club\/","title":{"rendered":"\u016adensp\u012bpes kokogles knaibles NOMAD 2021 \u016adensp\u012bpe Club Show"},"content":{"rendered":"<h2>\u016adensp\u012bpes kokogles knaibles NOMAD 2021 \u016adensp\u012bpe Club Show<\/h2>\n<p>\u016adensp\u012bpes kokog\u013cu knaibles NOMAD 2021 Hookah Club Show\u00a0\u2014 ierobe\u017eota izlaiduma knaibles, kas \u012bpa\u0161i paredz\u0113tas \u016bdensp\u012bpes klubu izst\u0101dei\u00a02021.<\/p>\n<p>NOMAD knaibles ir stil\u012bga un praktiska izv\u0113le, kas iepriecin\u0101s ne tikai ar kvalit\u0101ti, bet ar\u012b ar ekskluz\u012bvu dizainu!<\/p>\n<p><strong>Specifik\u0101cijas:<\/strong><br \/>\nGarums: 235 mm<br \/>\nSvars: 100 g<\/p>\n<p>Vai jums ir k\u0101di jaut\u0101jumi? Sazinies ar mums\u00a0<a href=\"https:\/\/hookahshop.lt\/lv\/kontaktiem\/\">kontaktu lapa<\/a>\u00a0vai rakstiet mums pa e-pastu\u00a0<a href=\"https:\/\/facebook.com\/HookahShop.lt\/\" target=\"_blank\" rel=\"noopener noreferrer\">Facebook konts<\/a>\u00a0un m\u0113s atbild\u0113sim uz j\u016bsu piepras\u012bjumu taj\u0101 pa\u0161\u0101 dien\u0101.<\/p>","protected":false},"excerpt":{"rendered":"<p>Knaibles \u016bdensp\u012bpes ogl\u0113m NOMAD 2021 Hookah Club Show Knaibles \u016bdensp\u012bpes ogl\u0113m NOMAD 2021 Hookah Club Show - ierobe\u017eotas tir\u0101\u017eas knaibles, kas \u012bpa\u0161i paredz\u0113tas \u016bdensp\u012bpes klubu izst\u0101dei 2021. NOMAD knaibles ir stil\u012bga un praktiska izv\u0113le, kas j\u016bs iepriecin\u0101s ne tikai ar kvalit\u0101ti, bet ar\u012b ar ekskluz\u012bvs dizains! Specifik\u0101cijas: Garums: 235 mm Svars: 100 g Jaut\u0101jumi? Sazinieties ar mums, izmantojot m\u016bsu kontaktinform\u0101ciju [\u2026]<\/p>","protected":false},"featured_media":24348,"comment_status":"open","ping_status":"closed","template":"","meta":[],"_links":{"self":[{"href":"https:\/\/hookahshop.lt\/lv\/wp-json\/wp\/v2\/product\/24347"}],"collection":[{"href":"https:\/\/hookahshop.lt\/lv\/wp-json\/wp\/v2\/product"}],"about":[{"href":"https:\/\/hookahshop.lt\/lv\/wp-json\/wp\/v2\/types\/product"}],"replies":[{"embeddable":true,"href":"https:\/\/hookahshop.lt\/lv\/wp-json\/wp\/v2\/comments?post=24347"}],"version-history":[{"count":4,"href":"https:\/\/hookahshop.lt\/lv\/wp-json\/wp\/v2\/product\/24347\/revisions"}],"predecessor-version":[{"id":30009,"href":"https:\/\/hookahshop.lt\/lv\/wp-json\/wp\/v2\/product\/24347\/revisions\/30009"}],"wp:featuredmedia":[{"embeddable":true,"href":"https:\/\/hookahshop.lt\/lv\/wp-json\/wp\/v2\/media\/24348"}],"wp:attachment":[{"href":"https:\/\/hookahshop.lt\/lv\/wp-json\/wp\/v2\/media?parent=24347"}],"curies":[{"name":"wp","href":"https:\/\/api.w.org\/{rel}","templated":true}]}}