{"id":24355,"date":"2021-06-13T16:28:46","date_gmt":"2021-06-13T13:28:46","guid":{"rendered":"https:\/\/hookahshop.lt\/?post_type=product&#038;p=24355"},"modified":"2026-04-24T23:29:41","modified_gmt":"2026-04-24T20:29:41","slug":"znyples-kaljano-anglims-nomad-samurai","status":"publish","type":"product","link":"https:\/\/hookahshop.lt\/lv\/produkt\/knaibles-udenspipe-ogle-nomad-samurajs\/","title":{"rendered":"\u016adensp\u012bpes kokogles knaibles NOMAD Samurai"},"content":{"rendered":"<h2>\u016adensp\u012bpes kokogles knaibles NOMAD Samurai<\/h2>\n<p>NOMAD knaibles ir stil\u012bga un praktiska izv\u0113le, kas iepriecin\u0101s ne tikai ar kvalit\u0101ti, bet ar\u012b ar ekskluz\u012bvu dizainu!<\/p>\n<p><strong>Specifik\u0101cijas:<\/strong><br \/>\nGarums: 235mm<br \/>\nSvars: 100g<\/p>\n<p>Vai jums ir k\u0101di jaut\u0101jumi? Sazinies ar mums\u00a0<a href=\"https:\/\/hookahshop.lt\/lv\/kontaktiem\/\">kontaktu lapa<\/a>\u00a0vai rakstiet mums pa e-pastu\u00a0<a href=\"https:\/\/facebook.com\/HookahShop.lt\/\" target=\"_blank\" rel=\"noopener noreferrer\">Facebook konts<\/a>\u00a0un m\u0113s atbild\u0113sim uz j\u016bsu piepras\u012bjumu taj\u0101 pa\u0161\u0101 dien\u0101.<\/p>","protected":false},"excerpt":{"rendered":"<p>Knaibles \u016bdensp\u012bpei oglek\u013ca NOMAD Samurai NOMAD knaibles ir stil\u012bga un praktiska izv\u0113le, kas iepriecin\u0101s ne tikai ar kvalit\u0101ti, bet ar\u012b ar ekskluz\u012bvu dizainu! Specifik\u0101cijas: Garums: 235mm Svars: 100g Jaut\u0101jumi? Sazinieties ar mums kontaktu lap\u0101 vai rakstiet mums uz m\u016bsu Facebook kontu un m\u0113s atbild\u0113sim uz j\u016bsu piepras\u012bjumu taj\u0101 pa\u0161\u0101 dien\u0101.<\/p>","protected":false},"featured_media":24356,"comment_status":"open","ping_status":"closed","template":"","meta":[],"_links":{"self":[{"href":"https:\/\/hookahshop.lt\/lv\/wp-json\/wp\/v2\/product\/24355"}],"collection":[{"href":"https:\/\/hookahshop.lt\/lv\/wp-json\/wp\/v2\/product"}],"about":[{"href":"https:\/\/hookahshop.lt\/lv\/wp-json\/wp\/v2\/types\/product"}],"replies":[{"embeddable":true,"href":"https:\/\/hookahshop.lt\/lv\/wp-json\/wp\/v2\/comments?post=24355"}],"version-history":[{"count":5,"href":"https:\/\/hookahshop.lt\/lv\/wp-json\/wp\/v2\/product\/24355\/revisions"}],"predecessor-version":[{"id":30944,"href":"https:\/\/hookahshop.lt\/lv\/wp-json\/wp\/v2\/product\/24355\/revisions\/30944"}],"wp:featuredmedia":[{"embeddable":true,"href":"https:\/\/hookahshop.lt\/lv\/wp-json\/wp\/v2\/media\/24356"}],"wp:attachment":[{"href":"https:\/\/hookahshop.lt\/lv\/wp-json\/wp\/v2\/media?parent=24355"}],"curies":[{"name":"wp","href":"https:\/\/api.w.org\/{rel}","templated":true}]}}