{"id":24360,"date":"2021-06-13T16:32:33","date_gmt":"2021-06-13T13:32:33","guid":{"rendered":"https:\/\/hookahshop.lt\/?post_type=product&#038;p=24360"},"modified":"2026-04-24T23:29:42","modified_gmt":"2026-04-24T20:29:42","slug":"znyples-kaljano-anglims-nomad-warrior","status":"publish","type":"product","link":"https:\/\/hookahshop.lt\/lv\/produkt\/udenspipe-ogle-nomad-kareivis\/","title":{"rendered":"Knaibles \u016bdensp\u012bpes ogl\u0113m NOMAD Warrior"},"content":{"rendered":"<h2>Knaibles \u016bdensp\u012bpes ogl\u0113m NOMAD Warrior<\/h2>\n<p>NOMAD knaibles ir stil\u012bga un praktiska izv\u0113le, kas iepriecin\u0101s ne tikai ar kvalit\u0101ti, bet ar\u012b ar ekskluz\u012bvu dizainu!<\/p>\n<p><strong>Specifik\u0101cijas:<\/strong><br \/>\nGarums: 235mm<br \/>\nSvars: 101g<\/p>\n<p>Vai jums ir k\u0101di jaut\u0101jumi? Sazinies ar mums\u00a0<a href=\"https:\/\/hookahshop.lt\/lv\/kontaktiem\/\">kontaktu lapa<\/a>\u00a0vai rakstiet mums pa e-pastu\u00a0<a href=\"https:\/\/facebook.com\/HookahShop.lt\/\" target=\"_blank\" rel=\"noopener noreferrer\">Facebook konts<\/a>\u00a0un m\u0113s atbild\u0113sim uz j\u016bsu piepras\u012bjumu taj\u0101 pa\u0161\u0101 dien\u0101.<\/p>","protected":false},"excerpt":{"rendered":"<p>\u016adensp\u012bpes og\u013cu knaibles NOMAD Warrior NOMAD knaibles ir stil\u012bga un praktiska izv\u0113le, kas j\u016bs iepriecin\u0101s ne tikai ar kvalit\u0101ti, bet ar\u012b ar ekskluz\u012bvu dizainu! Specifik\u0101cijas: Garums: 235 mm Svars: 101 g Vai jums ir k\u0101di jaut\u0101jumi? Sazinieties ar mums kontaktlap\u0101 vai rakstiet mums Facebook, un m\u0113s atbild\u0113sim uz j\u016bsu piepras\u012bjumu taj\u0101 pa\u0161\u0101 dien\u0101.<\/p>","protected":false},"featured_media":24361,"comment_status":"open","ping_status":"closed","template":"","meta":[],"_links":{"self":[{"href":"https:\/\/hookahshop.lt\/lv\/wp-json\/wp\/v2\/product\/24360"}],"collection":[{"href":"https:\/\/hookahshop.lt\/lv\/wp-json\/wp\/v2\/product"}],"about":[{"href":"https:\/\/hookahshop.lt\/lv\/wp-json\/wp\/v2\/types\/product"}],"replies":[{"embeddable":true,"href":"https:\/\/hookahshop.lt\/lv\/wp-json\/wp\/v2\/comments?post=24360"}],"version-history":[{"count":5,"href":"https:\/\/hookahshop.lt\/lv\/wp-json\/wp\/v2\/product\/24360\/revisions"}],"predecessor-version":[{"id":30436,"href":"https:\/\/hookahshop.lt\/lv\/wp-json\/wp\/v2\/product\/24360\/revisions\/30436"}],"wp:featuredmedia":[{"embeddable":true,"href":"https:\/\/hookahshop.lt\/lv\/wp-json\/wp\/v2\/media\/24361"}],"wp:attachment":[{"href":"https:\/\/hookahshop.lt\/lv\/wp-json\/wp\/v2\/media?parent=24360"}],"curies":[{"name":"wp","href":"https:\/\/api.w.org\/{rel}","templated":true}]}}