{"id":24367,"date":"2021-06-13T16:59:02","date_gmt":"2021-06-13T13:59:02","guid":{"rendered":"https:\/\/hookahshop.lt\/?post_type=product&#038;p=24367"},"modified":"2026-04-15T23:28:41","modified_gmt":"2026-04-15T20:28:41","slug":"gaubtas-taureles-kaitinimui-nomad-king","status":"publish","type":"product","link":"https:\/\/hookahshop.lt\/lv\/produkt\/nosucejs-tases-sildisanai-klejotaju-karalis\/","title":{"rendered":"Kr\u016bze kr\u016bz\u012b\u0161u sild\u012b\u0161anai NOMAD King"},"content":{"rendered":"<h2>Kr\u016bze kr\u016bz\u012b\u0161u sild\u012b\u0161anai NOMAD King<\/h2>\n<p>&quot;NOMAD King&quot; - lab\u0101kie piem\u0113ri lab\u0101kajiem romie\u0161u karav\u012briem!<\/p>\n<p>\u016adensp\u012bpes nos\u016bc\u0113js &quot;NOMAD King&quot; - univers\u0101ls nos\u016bc\u0113js-panelis izgatavots no ner\u016bs\u0113jo\u0161\u0101 t\u0113rauda, 0,8 mm biezs.<\/p>\n<p>Patent\u0113tais s\u0101nu atveru izvietojums veic ne tikai est\u0113tisku funkciju, bet ar\u012b \u013cauj izv\u0113l\u0113ties starp kr\u016bzes sasil\u0161anas intensit\u0101ti. No\u0146emams v\u0101ks atvieglo un nodro\u0161ina termisk\u0101s p\u0101rvald\u012bbas main\u012bgumu. Tvaika nos\u016bc\u0113js ir bez roktura, centr\u0101l\u0101 da\u013ca nesilda.<\/p>\n<p><strong>Raksturojums:<\/strong><br \/>\nAugstums: 218 mm<br \/>\nPamatnes diametrs: 108 mm<br \/>\nSvars: apm\u0113ram 632 g<\/p>\n<p><b>Vai jums ir k\u0101di jaut\u0101jumi? Sazinies ar mums<\/b><a href=\"https:\/\/hookahshop.lt\/lv\/kontaktiem\/\"> <b>kontaktu lapa<\/b><\/a><b> vai rakstiet mums pa e-pastu<\/b><a href=\"https:\/\/facebook.com\/HookahShop.lt\/\" target=\"_blank\" rel=\"noopener\"> <b>Facebook konts<\/b><\/a><b> un m\u0113s atbild\u0113sim uz j\u016bsu piepras\u012bjumu taj\u0101 pa\u0161\u0101 dien\u0101.<\/b><\/p>","protected":false},"excerpt":{"rendered":"<p>Tvaika nos\u016bc\u0113js kr\u016bz\u012b\u0161u sild\u012b\u0161anai NOMAD King &quot;NOMAD King&quot; - lab\u0101ko romie\u0161u karav\u012bru lab\u0101kie paraugi! \u016adensp\u012bpes nos\u016bc\u0113js &quot;NOMAD King&quot; - univers\u0101ls nos\u016bc\u0113js-panelis izgatavots no ner\u016bs\u0113jo\u0161\u0101 t\u0113rauda, 0,8 mm biezs. Patent\u0113tais s\u0101nu caurumu izk\u0101rtojums pilda ne tikai est\u0113tisku funkciju, bet ar\u012b \u013cauj izv\u0113l\u0113ties starp kr\u016bz\u012btes sild\u012b\u0161anas intensit\u0101ti. No\u0146emamais v\u0101ks padara to vienk\u0101r\u0161u un nodro\u0161ina main\u012bgu siltuma p\u0101rvald\u012bbu. P\u0101rsegs ir bez roktura, [\u2026]<\/p>","protected":false},"featured_media":24368,"comment_status":"open","ping_status":"closed","template":"","meta":[],"_links":{"self":[{"href":"https:\/\/hookahshop.lt\/lv\/wp-json\/wp\/v2\/product\/24367"}],"collection":[{"href":"https:\/\/hookahshop.lt\/lv\/wp-json\/wp\/v2\/product"}],"about":[{"href":"https:\/\/hookahshop.lt\/lv\/wp-json\/wp\/v2\/types\/product"}],"replies":[{"embeddable":true,"href":"https:\/\/hookahshop.lt\/lv\/wp-json\/wp\/v2\/comments?post=24367"}],"version-history":[{"count":5,"href":"https:\/\/hookahshop.lt\/lv\/wp-json\/wp\/v2\/product\/24367\/revisions"}],"predecessor-version":[{"id":36716,"href":"https:\/\/hookahshop.lt\/lv\/wp-json\/wp\/v2\/product\/24367\/revisions\/36716"}],"wp:featuredmedia":[{"embeddable":true,"href":"https:\/\/hookahshop.lt\/lv\/wp-json\/wp\/v2\/media\/24368"}],"wp:attachment":[{"href":"https:\/\/hookahshop.lt\/lv\/wp-json\/wp\/v2\/media?parent=24367"}],"curies":[{"name":"wp","href":"https:\/\/api.w.org\/{rel}","templated":true}]}}